{"id":74,"date":"2018-03-29T12:53:29","date_gmt":"2018-03-29T10:53:29","guid":{"rendered":"http:\/\/qibodtherapies.com\/?page_id=74"},"modified":"2022-11-19T19:28:30","modified_gmt":"2022-11-19T18:28:30","slug":"mentions-legales","status":"publish","type":"page","link":"https:\/\/qibodtherapies.com\/index.php\/mentions-legales\/","title":{"rendered":"Mentions L\u00e9gales"},"content":{"rendered":"<section class=\"av_textblock_section \"  itemscope=\"itemscope\" itemtype=\"https:\/\/schema.org\/CreativeWork\" ><div class='avia_textblock  '   itemprop=\"text\" ><h1 style=\"text-align: center;\"><span style=\"font-family: arial, helvetica, sans-serif;\"><strong>Mentions l\u00e9gales<\/strong><\/span><\/h1>\n<p><strong>QI BOD THERAPIES<\/strong>\u00a0\u2013 Sophie LEMAIRE<\/p>\n<table style=\"height: 326px; width: 160.443%;\">\n<tbody>\n<tr>\n<td style=\"text-align: center; width: 38.2204%;\">\n<p style=\"text-align: left;\"><span style=\"font-family: arial, helvetica, sans-serif;\"><strong>Si\u00e8ge social et cabinet<\/strong><\/span><\/p>\n<p style=\"text-align: left;\"><span style=\"font-family: arial, helvetica, sans-serif;\">\u00a0<strong> 8 rue Drap\u00e8s &#8211; 89100 SENS<\/strong> <\/span><\/p>\n<p style=\"text-align: left;\"><span style=\"font-family: arial, helvetica, sans-serif;\"><strong>N\u00ba T\u00e9l\u00e9phone :\u00a0<span style=\"font-size: 12pt;\">07 67 81 40 20<\/span><\/strong><\/span><\/p>\n<p style=\"text-align: left;\"><span style=\"font-family: arial, helvetica, sans-serif;\"><strong>N\u00ba SIRET :<\/strong> 837 919 158 00027<\/span><\/p>\n<\/td>\n<td style=\"width: 60.9203%;\">\n<p style=\"text-align: left;\"><span style=\"font-family: arial, helvetica, sans-serif;\"><strong>H\u00e9bergement :<a href=\"https:\/\/www.ovh.com\/fr\/\"> OVH<\/a><\/strong><\/span><\/p>\n<p><span style=\"font-family: arial, helvetica, sans-serif;\"><strong>Adresse :\u00a02 rue Kellermann &#8211; 59100 Roubaix &#8211; France<\/strong><\/span> <span style=\"font-family: arial, helvetica, sans-serif;\"><strong>N\u00ba T\u00e9l\u00e9phone : 1007<\/strong><\/span> <span style=\"font-family: arial, helvetica, sans-serif;\"><strong>Directeur de la publication :<\/strong><\/span> <span style=\"font-family: arial, helvetica, sans-serif;\"> Sophie LEMAIRE<\/span><\/td>\n<\/tr>\n<\/tbody>\n<\/table>\n<p><span style=\"font-family: arial, helvetica, sans-serif;\"><strong>Droit d&rsquo;auteur :<\/strong>\u00a0Toute reproduction totale ou partielle de ce site est interdite sans autorisation expresse et pr\u00e9alable de <a href=\"http:\/\/qibodtherapies.com\/\">Qi Bod Th\u00e9rapies<\/a>. Cette repr\u00e9sentation ou reproduction, par quelque proc\u00e9d\u00e9 que ce soit, constitue une contrefa\u00e7on sanctionn\u00e9e par les articles L.3335-2 et suivants du Code de la propri\u00e9t\u00e9 intellectuelle.<\/span> <span style=\"font-family: arial, helvetica, sans-serif;\">Par le pr\u00e9sent site, vous pourrez acc\u00e9der \u00e0 d&rsquo;autres sites, con\u00e7us et g\u00e9r\u00e9s sous la responsabilit\u00e9 de tiers. Nous n&rsquo;exer\u00e7ons aucun contr\u00f4le sur les contenus desdits sites et nous d\u00e9clinons toute responsabilit\u00e9 notamment s&rsquo;agissant de leur contenu.<\/span> <span style=\"font-family: arial, helvetica, sans-serif;\"><strong>Vie priv\u00e9e\u00a0:<\/strong>\u00a0Selon la loi 78-17 du 6 janvier 1978 relative \u00e0 \u00a0\u00bb l&rsquo;informatique, aux fichiers et aux libert\u00e9s \u00a0\u00bb ainsi que le principe du respect de la vie priv\u00e9e qui en d\u00e9coule, nous consid\u00e9rons que l&rsquo;ensemble des donn\u00e9es personnelles vous concernant recueillies sur notre site constituent des donn\u00e9es confidentielles.<\/span><\/p>\n<h2 style=\"text-align: center;\"><span style=\"font-family: arial, helvetica, sans-serif;\">A PROPOS DE\u00a0<\/span><\/h2>\n<p class=\"font_8\"><span style=\"font-family: arial, helvetica, sans-serif;\">Tout le contenu de ce site est donn\u00e9 \u00e0 titre uniquement informatif.<\/span><\/p>\n<p class=\"font_8\"><span style=\"font-family: arial, helvetica, sans-serif;\">Par cons\u00e9quent aucune des informations de ce site ne peut \u00eatre comprise comme une incitation \u00e0 modifier, suspendre ou entreprendre une prescription m\u00e9dicale sans l&rsquo;avis d&rsquo;un m\u00e9decin ou d&rsquo;un professionnel d\u00fbment accr\u00e9dit\u00e9.<\/span><\/p>\n<p class=\"font_8\"><span style=\"font-family: arial, helvetica, sans-serif;\">Je m&rsquo;engage \u00e0 mettre tout en \u0153uvre pour r\u00e9pondre au mieux \u00e0 vos probl\u00e9matiques sans pour autant \u00eatre tenu responsable en cas d\u2019\u00e9chec.<\/span><\/p>\n<p class=\"font_8\"><span style=\"font-family: arial, helvetica, sans-serif;\">Il va de soit que tout changement engage aussi un travail personnel sur soi et une r\u00e9elle motivation de changement.<\/span><\/p>\n<p class=\"font_8\"><span style=\"font-family: arial, helvetica, sans-serif;\">Il est tout \u00e0 fait normal pendant une th\u00e9rapie d&rsquo;avoir des moments de doutes et des envies de renoncement, cela fait parti du processus.<\/span><\/p>\n<p class=\"font_8\"><span style=\"font-family: arial, helvetica, sans-serif;\">Je vous encourage \u00e0 m&rsquo;en parler, la transparence et la confiance sont les cl\u00e9s de la r\u00e9ussite.<\/span><\/p>\n<p class=\"font_8\"><span class=\"wixGuard\" style=\"font-family: arial, helvetica, sans-serif;\">\u200b<\/span><\/p>\n<p class=\"font_8\"><span style=\"font-family: arial, helvetica, sans-serif;\">\u00ab\u00a0Sans la coop\u00e9ration compl\u00e8te du patient, les r\u00e9sultats th\u00e9rapeutiques peuvent \u00eatre retard\u00e9s, d\u00e9form\u00e9s, limit\u00e9s ou m\u00eame emp\u00each\u00e9s\u00a0\u00bb<\/span><\/p>\n<p class=\"font_8\"><span style=\"font-family: arial, helvetica, sans-serif;\">Milton Erickson.<\/span><\/p>\n<h3 style=\"text-align: center;\"><span style=\"font-family: arial black, sans-serif;\">FORMATION<\/span><\/h3>\n<ul>\n<li><strong>Certification Professionnelle de Niveau III : Chef de service des \u00e9tablissements et services m\u00e9dicaux et m\u00e9dico-sociaux<\/strong> : ESPACE SENTEIN Montpellier<\/li>\n<li><strong>Licence Sciences, Technologies, Sant\u00e9, Mention Ing\u00e9nierie et Sant\u00e9 Publique<\/strong> : Universit\u00e9 Lille 2<\/li>\n<li><strong>Certification de Praticienne en Hypnoth\u00e9rapie<\/strong> : HYPNO SUP\u00a0 Ecole Europ\u00e9enne Sup\u00e9rieure d&rsquo;Hypnose<\/li>\n<li><strong>Certification sp\u00e9cialit\u00e9 en Hypnoth\u00e9rapie : arr\u00eat du tabac et Amincissement &#8211; Oter les phobies et les angoises &#8211; soulager les d\u00e9pressions passag\u00e8res :<\/strong> HYPNO SUP\u00a0 Ecole Europ\u00e9enne Sup\u00e9rieure d&rsquo;Hypnose<\/li>\n<li><strong>Attestation de capacit\u00e9 du second cycle : Magn\u00e9tisme et Energ\u00e9tisme :<\/strong> JEAN ANGIUS<\/li>\n<li><strong>Certificat de Ma\u00eetre enseignant REIKI<\/strong> : Ecole de gu\u00e9rison Energ\u00e9tique\u00a0 Isabel Churchill (USA)<\/li>\n<li><strong>Attestation de formation Sonoth\u00e9rapie Tib\u00e9taine<\/strong> : Santa Ratna Shakya ET Shree Krishna Shahi<\/li>\n<li><strong>Attestation de formation \u00e0 la Sonoth\u00e9rapie<\/strong> : TENSHI Olivier Jaboin<\/li>\n<li><strong>Attestation de formation\u00a0 Th\u00e9rapie Fluidique Energ\u00e9tique &#8211; M\u00e9thode Ost\u00e9ofluidique<\/strong><span dir=\"ltr\" style=\"left: 81.5px; top: 520.7px; font-size: 16.25px; font-family: sans-serif; transform: scaleX(1.13691);\" role=\"presentation\"> : CENTRE EICCA \u00a0\u00bb Ecole de Cr\u00e9ateurs de Conscience Autonome\u00a0\u00bb<\/span><\/li>\n<\/ul>\n<p class=\"font_8\"><span class=\"wixGuard\" style=\"font-family: arial, helvetica, sans-serif;\">\u200b<\/span><\/p>\n<\/div><\/section>\n","protected":false},"excerpt":{"rendered":"","protected":false},"author":1,"featured_media":0,"parent":0,"menu_order":0,"comment_status":"closed","ping_status":"closed","template":"","meta":{"_exactmetrics_skip_tracking":false,"_exactmetrics_sitenote_active":false,"_exactmetrics_sitenote_note":"","_exactmetrics_sitenote_category":0,"footnotes":""},"class_list":["post-74","page","type-page","status-publish","hentry"],"yoast_head":"<!-- This site is optimized with the Yoast SEO plugin v27.3 - https:\/\/yoast.com\/product\/yoast-seo-wordpress\/ -->\n<title>Mentions L\u00e9gales - QI BOD THERAPIES<\/title>\n<meta name=\"description\" content=\"Toutes les mentions l\u00e9gales du site, de droit d&#039;auteur, de vie priv\u00e9e mais aussi, une rubrique a Propos afin de d\u00e9cliner la responsabilit\u00e9 du th\u00e9rapeute\" \/>\n<meta name=\"robots\" content=\"index, follow, max-snippet:-1, max-image-preview:large, max-video-preview:-1\" \/>\n<link rel=\"canonical\" href=\"https:\/\/qibodtherapies.com\/index.php\/mentions-legales\/\" \/>\n<meta property=\"og:locale\" content=\"fr_FR\" \/>\n<meta property=\"og:type\" content=\"article\" \/>\n<meta property=\"og:title\" content=\"Mentions L\u00e9gales - QI BOD THERAPIES\" \/>\n<meta property=\"og:description\" content=\"Toutes les mentions l\u00e9gales du site, de droit d&#039;auteur, de vie priv\u00e9e mais aussi, une rubrique a Propos afin de d\u00e9cliner la responsabilit\u00e9 du th\u00e9rapeute\" \/>\n<meta property=\"og:url\" content=\"https:\/\/qibodtherapies.com\/index.php\/mentions-legales\/\" \/>\n<meta property=\"og:site_name\" content=\"QI BOD THERAPIES\" \/>\n<meta property=\"article:modified_time\" content=\"2022-11-19T18:28:30+00:00\" \/>\n<meta name=\"twitter:card\" content=\"summary_large_image\" \/>\n<meta name=\"twitter:label1\" content=\"Dur\u00e9e de lecture estim\u00e9e\" \/>\n\t<meta name=\"twitter:data1\" content=\"3 minutes\" \/>\n<script type=\"application\/ld+json\" class=\"yoast-schema-graph\">{\"@context\":\"https:\\\/\\\/schema.org\",\"@graph\":[{\"@type\":\"WebPage\",\"@id\":\"https:\\\/\\\/qibodtherapies.com\\\/index.php\\\/mentions-legales\\\/\",\"url\":\"https:\\\/\\\/qibodtherapies.com\\\/index.php\\\/mentions-legales\\\/\",\"name\":\"Mentions L\u00e9gales - QI BOD THERAPIES\",\"isPartOf\":{\"@id\":\"https:\\\/\\\/qibodtherapies.com\\\/#website\"},\"datePublished\":\"2018-03-29T10:53:29+00:00\",\"dateModified\":\"2022-11-19T18:28:30+00:00\",\"description\":\"Toutes les mentions l\u00e9gales du site, de droit d'auteur, de vie priv\u00e9e mais aussi, une rubrique a Propos afin de d\u00e9cliner la responsabilit\u00e9 du th\u00e9rapeute\",\"breadcrumb\":{\"@id\":\"https:\\\/\\\/qibodtherapies.com\\\/index.php\\\/mentions-legales\\\/#breadcrumb\"},\"inLanguage\":\"fr-FR\",\"potentialAction\":[{\"@type\":\"ReadAction\",\"target\":[\"https:\\\/\\\/qibodtherapies.com\\\/index.php\\\/mentions-legales\\\/\"]}]},{\"@type\":\"BreadcrumbList\",\"@id\":\"https:\\\/\\\/qibodtherapies.com\\\/index.php\\\/mentions-legales\\\/#breadcrumb\",\"itemListElement\":[{\"@type\":\"ListItem\",\"position\":1,\"name\":\"Accueil\",\"item\":\"https:\\\/\\\/qibodtherapies.com\\\/index.php\\\/accueil\\\/\"},{\"@type\":\"ListItem\",\"position\":2,\"name\":\"Mentions L\u00e9gales\"}]},{\"@type\":\"WebSite\",\"@id\":\"https:\\\/\\\/qibodtherapies.com\\\/#website\",\"url\":\"https:\\\/\\\/qibodtherapies.com\\\/\",\"name\":\"QI BOD THERAPIES\",\"description\":\"Le plus beau voyage, c&#039;est celui qui permet de vous d\u00e9couvrir\",\"potentialAction\":[{\"@type\":\"SearchAction\",\"target\":{\"@type\":\"EntryPoint\",\"urlTemplate\":\"https:\\\/\\\/qibodtherapies.com\\\/?s={search_term_string}\"},\"query-input\":{\"@type\":\"PropertyValueSpecification\",\"valueRequired\":true,\"valueName\":\"search_term_string\"}}],\"inLanguage\":\"fr-FR\"}]}<\/script>\n<!-- \/ Yoast SEO plugin. -->","yoast_head_json":{"title":"Mentions L\u00e9gales - QI BOD THERAPIES","description":"Toutes les mentions l\u00e9gales du site, de droit d'auteur, de vie priv\u00e9e mais aussi, une rubrique a Propos afin de d\u00e9cliner la responsabilit\u00e9 du th\u00e9rapeute","robots":{"index":"index","follow":"follow","max-snippet":"max-snippet:-1","max-image-preview":"max-image-preview:large","max-video-preview":"max-video-preview:-1"},"canonical":"https:\/\/qibodtherapies.com\/index.php\/mentions-legales\/","og_locale":"fr_FR","og_type":"article","og_title":"Mentions L\u00e9gales - QI BOD THERAPIES","og_description":"Toutes les mentions l\u00e9gales du site, de droit d'auteur, de vie priv\u00e9e mais aussi, une rubrique a Propos afin de d\u00e9cliner la responsabilit\u00e9 du th\u00e9rapeute","og_url":"https:\/\/qibodtherapies.com\/index.php\/mentions-legales\/","og_site_name":"QI BOD THERAPIES","article_modified_time":"2022-11-19T18:28:30+00:00","twitter_card":"summary_large_image","twitter_misc":{"Dur\u00e9e de lecture estim\u00e9e":"3 minutes"},"schema":{"@context":"https:\/\/schema.org","@graph":[{"@type":"WebPage","@id":"https:\/\/qibodtherapies.com\/index.php\/mentions-legales\/","url":"https:\/\/qibodtherapies.com\/index.php\/mentions-legales\/","name":"Mentions L\u00e9gales - QI BOD THERAPIES","isPartOf":{"@id":"https:\/\/qibodtherapies.com\/#website"},"datePublished":"2018-03-29T10:53:29+00:00","dateModified":"2022-11-19T18:28:30+00:00","description":"Toutes les mentions l\u00e9gales du site, de droit d'auteur, de vie priv\u00e9e mais aussi, une rubrique a Propos afin de d\u00e9cliner la responsabilit\u00e9 du th\u00e9rapeute","breadcrumb":{"@id":"https:\/\/qibodtherapies.com\/index.php\/mentions-legales\/#breadcrumb"},"inLanguage":"fr-FR","potentialAction":[{"@type":"ReadAction","target":["https:\/\/qibodtherapies.com\/index.php\/mentions-legales\/"]}]},{"@type":"BreadcrumbList","@id":"https:\/\/qibodtherapies.com\/index.php\/mentions-legales\/#breadcrumb","itemListElement":[{"@type":"ListItem","position":1,"name":"Accueil","item":"https:\/\/qibodtherapies.com\/index.php\/accueil\/"},{"@type":"ListItem","position":2,"name":"Mentions L\u00e9gales"}]},{"@type":"WebSite","@id":"https:\/\/qibodtherapies.com\/#website","url":"https:\/\/qibodtherapies.com\/","name":"QI BOD THERAPIES","description":"Le plus beau voyage, c&#039;est celui qui permet de vous d\u00e9couvrir","potentialAction":[{"@type":"SearchAction","target":{"@type":"EntryPoint","urlTemplate":"https:\/\/qibodtherapies.com\/?s={search_term_string}"},"query-input":{"@type":"PropertyValueSpecification","valueRequired":true,"valueName":"search_term_string"}}],"inLanguage":"fr-FR"}]}},"_links":{"self":[{"href":"https:\/\/qibodtherapies.com\/index.php\/wp-json\/wp\/v2\/pages\/74","targetHints":{"allow":["GET"]}}],"collection":[{"href":"https:\/\/qibodtherapies.com\/index.php\/wp-json\/wp\/v2\/pages"}],"about":[{"href":"https:\/\/qibodtherapies.com\/index.php\/wp-json\/wp\/v2\/types\/page"}],"author":[{"embeddable":true,"href":"https:\/\/qibodtherapies.com\/index.php\/wp-json\/wp\/v2\/users\/1"}],"replies":[{"embeddable":true,"href":"https:\/\/qibodtherapies.com\/index.php\/wp-json\/wp\/v2\/comments?post=74"}],"version-history":[{"count":19,"href":"https:\/\/qibodtherapies.com\/index.php\/wp-json\/wp\/v2\/pages\/74\/revisions"}],"predecessor-version":[{"id":2183,"href":"https:\/\/qibodtherapies.com\/index.php\/wp-json\/wp\/v2\/pages\/74\/revisions\/2183"}],"wp:attachment":[{"href":"https:\/\/qibodtherapies.com\/index.php\/wp-json\/wp\/v2\/media?parent=74"}],"curies":[{"name":"wp","href":"https:\/\/api.w.org\/{rel}","templated":true}]}}