{"id":694,"date":"2018-04-04T20:26:01","date_gmt":"2018-04-04T18:26:01","guid":{"rendered":"http:\/\/qibodtherapies.com\/?page_id=694"},"modified":"2025-08-13T17:17:44","modified_gmt":"2025-08-13T15:17:44","slug":"tarifs","status":"publish","type":"page","link":"https:\/\/qibodtherapies.com\/index.php\/tarifs\/","title":{"rendered":"tarifs"},"content":{"rendered":"<div class=\"flex_column av_one_full  flex_column_div av-zero-column-padding first  \" style='border-radius:0px; '><section class=\"av_textblock_section \"  itemscope=\"itemscope\" itemtype=\"https:\/\/schema.org\/CreativeWork\" ><div class='avia_textblock  '   itemprop=\"text\" ><p><strong><span style=\"font-family: arial, helvetica, sans-serif;\">TARIF MASSAGE SONORE AUX BOLS TIB\u00c9TAINS<\/span><\/strong><\/p>\n<ul style=\"list-style-type: circle;\">\n<li>\n<h5><span style=\"font-family: arial, helvetica, sans-serif;\">s\u00e9ance d&rsquo;1 h*\u00a0 \u00a0 \u00a0 \u00a0 \u00a0 \u00a0 \u00a0 \u00a0 \u00a0 \u00a0 \u00a0 \u00a0\u00a0<strong>80\u20ac\u00a0\u00a0<\/strong><\/span><\/h5>\n<\/li>\n<\/ul>\n<p><span style=\"font-family: arial, helvetica, sans-serif;\">La s\u00e9ance d&rsquo;1h*, comporte 15mn* de recueil d&rsquo;information et 15mn* de feedback<\/span><\/p>\n<p><span style=\"font-family: arial, helvetica, sans-serif; font-size: 10pt;\">* les dur\u00e9es sont \u00e0 titre indicatif et peuvent varier en fonction de la s\u00e9ance et des besoins du patient<\/span><\/p>\n<\/div><\/section><\/div>\n<div class=\"flex_column av_one_full  flex_column_div av-zero-column-padding first  \" style='border-radius:0px; '><section class=\"av_textblock_section \"  itemscope=\"itemscope\" itemtype=\"https:\/\/schema.org\/CreativeWork\" ><div class='avia_textblock  '   itemprop=\"text\" ><p><span style=\"font-family: arial black, sans-serif;\">MAGN\u00c9TISME \/ SOINS \u00c9NERG\u00c9TIQUES \/ REIKI \/ DIAPASONS<\/span><\/p>\n<table style=\"border-collapse: collapse; width: 100%; height: 121px;\">\n<tbody>\n<tr style=\"height: 24px;\">\n<td style=\"width: 69.0316%; height: 24px;\">\n<h3><span style=\"font-family: arial, helvetica, sans-serif; font-size: 12pt;\"><strong>Magn\u00e9tisme seul (dur\u00e9e 30 mn*)<\/strong><\/span><\/h3>\n<\/td>\n<td style=\"width: 30.9684%; height: 24px;\">\n<h3><span style=\"font-family: arial, helvetica, sans-serif; font-size: 12pt;\">40\u20ac<\/span><\/h3>\n<\/td>\n<\/tr>\n<tr style=\"height: 24px;\">\n<td style=\"width: 69.0316%; height: 24px;\">\n<h3><span style=\"font-family: arial, helvetica, sans-serif; font-size: 12pt;\"><strong>S\u00e9ance Energ\u00e9tique **<\/strong><\/span><\/h3>\n<\/td>\n<td style=\"width: 30.9684%; height: 24px;\">\n<h3><span style=\"font-family: arial, helvetica, sans-serif; font-size: 12pt;\">70\u20ac<\/span><\/h3>\n<\/td>\n<\/tr>\n<tr style=\"height: 24px;\">\n<td style=\"width: 69.0316%; height: 24px;\">\n<h3><span style=\"font-family: arial, helvetica, sans-serif; font-size: 12pt;\"><strong>S\u00e9ance Reiki**<\/strong><\/span><\/h3>\n<\/td>\n<td style=\"width: 30.9684%; height: 24px;\">\n<h3><span style=\"font-family: arial, helvetica, sans-serif; font-size: 12pt;\">70\u20ac<\/span><\/h3>\n<\/td>\n<\/tr>\n<tr style=\"height: 24px;\">\n<td style=\"width: 69.0316%; height: 24px;\">\n<h3><span style=\"font-family: arial, helvetica, sans-serif; font-size: 12pt;\"><strong>S\u00e9ance Ost\u00e9ofluidique**<\/strong><\/span><\/h3>\n<\/td>\n<td style=\"width: 30.9684%; height: 24px;\">\n<h3><span style=\"font-family: arial, helvetica, sans-serif; font-size: 12pt;\">70\u20ac<\/span><\/h3>\n<\/td>\n<\/tr>\n<tr style=\"height: 25px;\">\n<td style=\"width: 69.0316%; height: 25px;\">\n<h3><span style=\"font-family: arial, helvetica, sans-serif; font-size: 12pt;\">S\u00e9ance de Diapasons (dur\u00e9e 30mn*)<\/span><\/h3>\n<\/td>\n<td style=\"width: 30.9684%; height: 25px;\">\n<h3><span style=\"font-family: arial, helvetica, sans-serif; font-size: 12pt;\">40\u20ac<\/span><\/h3>\n<\/td>\n<\/tr>\n<\/tbody>\n<\/table>\n<p><span style=\"font-family: arial, helvetica, sans-serif; font-size: 10pt;\">(** dur\u00e9e 1h) Les dur\u00e9es sont donn\u00e9es \u00e0 titre indicatif et peuvent varier en fonction de la s\u00e9ance et des besoins du patient<\/span><\/p>\n<p><span style=\"font-family: arial, helvetica, sans-serif; font-size: 10pt;\">(* dur\u00e9e 30mn) Les dur\u00e9es sont donn\u00e9es \u00e0 titre indicatif et peuvent varier en fonction de la s\u00e9ance et des besoins du patient<\/span><\/p>\n<\/div><\/section><\/div><div class=\"flex_column av_one_full  flex_column_div av-zero-column-padding first  \" style='border-radius:0px; '><section class=\"av_textblock_section \"  itemscope=\"itemscope\" itemtype=\"https:\/\/schema.org\/CreativeWork\" ><div class='avia_textblock  '   itemprop=\"text\" ><h2 style=\"text-align: center;\"><span style=\"font-family: arial, helvetica, sans-serif;\"><span style=\"font-family: arial black, sans-serif;\">\u00a0\u00a0 FORMATIONS<\/span><br \/>\n<\/span><\/h2>\n<h2><span style=\"font-family: arial black, sans-serif; font-size: 12pt; color: #000000;\">REIKI Niveau 1\u00a0\u00a0\u00a0 \u00a0 \u00a0 \u00a0 \u00a0 \u00a0 \u00a0 \u00a0 \u00a0 \u00a0 \u00a0 \u00a0 \u00a0 \u00a0 \u00a0 \u00a0\u00a0 250\u20ac<\/span><\/h2>\n<h2><span style=\"font-family: arial black, sans-serif; font-size: 12pt; color: #000000;\">REIKI Niveau 2 \u00a0 \u00a0 \u00a0 \u00a0 \u00a0 \u00a0 \u00a0 \u00a0 \u00a0 \u00a0 \u00a0 \u00a0 \u00a0 \u00a0 \u00a0 \u00a0 \u00a0 350\u20ac<\/span><\/h2>\n<h2><span style=\"font-family: arial, helvetica, sans-serif; font-size: 10pt;\"><span style=\"font-family: arial black, sans-serif; font-size: 12pt;\"><span style=\"color: #000000;\">REIKI Niveau 3 \u00a0 \u00a0 \u00a0 \u00a0 \u00a0 \u00a0 \u00a0 \u00a0 \u00a0 \u00a0 \u00a0 \u00a0 \u00a0 \u00a0 \u00a0 \u00a0 \u00a0 450\u20ac \u00a0\u00a0\u00a0<\/span>\u00a0 <\/span><\/span><\/h2>\n<h4><span style=\"font-family: arial black, sans-serif; color: #000000;\">SONOTHERAPIE Niveau 1\u00a0\u00a0\u00a0\u00a0\u00a0\u00a0\u00a0\u00a0\u00a0\u00a0\u00a0\u00a0\u00a0\u00a0\u00a0 400\u20ac<\/span><\/h4>\n<h4><span style=\"font-family: arial black, sans-serif; color: #000000;\">SONOTHERAPIE Niveau 2\u00a0\u00a0\u00a0\u00a0\u00a0\u00a0\u00a0\u00a0\u00a0\u00a0\u00a0\u00a0\u00a0\u00a0\u00a0 400\u20ac<\/span><\/h4>\n<p><span style=\"font-family: arial, helvetica, sans-serif; font-size: 10pt;\">Le descriptif de ces formations est en cours de r\u00e9daction<br \/>\n<\/span><\/p>\n<\/div><\/section><\/div><\/p>\n<div class=\"flex_column av_one_full  flex_column_div av-zero-column-padding first  \" style='border-radius:0px; '><section class=\"av_textblock_section \"  itemscope=\"itemscope\" itemtype=\"https:\/\/schema.org\/CreativeWork\" ><div class='avia_textblock  '   itemprop=\"text\" ><p><span style=\"font-family: arial, helvetica, sans-serif;\"><strong>HYPNOTHERAPIE\u00a0<\/strong><\/span><\/p>\n<ul style=\"list-style-type: circle;\">\n<li>\n<h5><span style=\"font-family: arial, helvetica, sans-serif;\">1\u00e8re S\u00e9ance Recueil d&rsquo;information (60-90* mn) :\u00a0 \u00a0 \u00a0 \u00a0 \u00a0 \u00a0 \u00a0 \u00a0 \u00a070 \u20ac<\/span><\/h5>\n<\/li>\n<li>\n<h5><span style=\"font-family: arial, helvetica, sans-serif;\">S\u00e9ance suppl\u00e9mentaire : (environ 60 mn) :\u00a0 \u00a0 \u00a0 \u00a0 \u00a0 \u00a0 \u00a0 \u00a0 \u00a0 \u00a0 \u00a0 \u00a0 \u00a0 70 \u20ac<\/span><\/h5>\n<\/li>\n<li>\n<h5><span style=\"font-family: arial, helvetica, sans-serif;\">Arr\u00eat du tabac en 1 SEULE S\u00c9ANCE (90* mn) :\u00a0 \u00a0 \u00a0 \u00a0 \u00a0 \u00a0 \u00a0 \u00a0 \u00a0\u00a0 165\u20ac<\/span><\/h5>\n<\/li>\n<li>\n<h5><span style=\"font-family: arial, helvetica, sans-serif;\">S\u00e9ance de renfort arr\u00eat du tabac (60* mn) :\u00a0 \u00a0 \u00a0 \u00a0 \u00a0 \u00a0 \u00a0 \u00a0 \u00a0 \u00a0 \u00a0 \u00a0\u00a0 60 \u20ac<\/span><\/h5>\n<\/li>\n<li>\n<h5><span style=\"font-family: arial, helvetica, sans-serif;\">Forfait minceur (6 s\u00e9ances de 60* mn) :\u00a0 \u00a0 \u00a0 \u00a0 \u00a0\u00a0\u00a0\u00a0\u00a0\u00a0\u00a0\u00a0\u00a0\u00a0\u00a0\u00a0\u00a0\u00a0\u00a0\u00a0\u00a0\u00a0\u00a0\u00a0\u00a0 420 \u20ac<\/span><\/h5>\n<\/li>\n<li>\n<h5><span style=\"font-family: arial, helvetica, sans-serif;\">Hypno relaxation individuelle (45* mn):\u00a0 \u00a0 \u00a0 \u00a0 \u00a0 \u00a0 \u00a0 \u00a0 \u00a0 \u00a0 \u00a0 \u00a0 \u00a0 \u00a0 \u00a0 \u00a050 \u20ac<\/span><\/h5>\n<\/li>\n<li>\n<h5><span style=\"font-family: arial, helvetica, sans-serif;\">Hypno relaxation de groupe : (45 \u00e0 60* mn) :\u00a0 \u00a0 \u00a0 \u00a0 \u00a0 \u00a0 \u00a0 \u00a0 \u00a0 \u00a0 100 \u20ac<\/span><\/h5>\n<p class=\"font_8\"><span class=\"wixGuard\" style=\"font-family: arial, helvetica, sans-serif;\">Toutes th\u00e9rapie\u200bs<strong>**<\/strong> d\u00e9butent par un entretien qui permet le recueil des informations n\u00e9cessaires pour mieux se conna\u00eetre avant d&rsquo;entreprendre un accompagnement.<\/span><\/p>\n<p class=\"font_8\"><span style=\"font-family: arial, helvetica, sans-serif;\"><span class=\"wixGuard\" style=\"font-size: 8pt;\">** mise \u00e0 part l&rsquo;arr\u00eat du tabac qui se fait en une seule s\u00e9ance<\/span><\/span><\/p>\n<\/li>\n<\/ul>\n<ul>\n<li><span style=\"font-size: 10pt;\">les dur\u00e9es sont donn\u00e9es \u00e0 titre indicatif et peuvent varier en fonction de la s\u00e9ance et des besoins du patient<\/span><\/li>\n<\/ul>\n<\/div><\/section><\/div>\n<div class=\"flex_column av_one_full  flex_column_div av-zero-column-padding first  \" style='border-radius:0px; '><section class=\"av_textblock_section \"  itemscope=\"itemscope\" itemtype=\"https:\/\/schema.org\/CreativeWork\" ><div class='avia_textblock  '   itemprop=\"text\" ><p style=\"text-align: center;\"><strong><span style=\"color: #07b5a9;\">Paiement sur place en ch\u00e8que ou CB**<\/span><\/strong><\/p>\n<\/div><\/section><\/div>\n","protected":false},"excerpt":{"rendered":"","protected":false},"author":1,"featured_media":0,"parent":0,"menu_order":0,"comment_status":"closed","ping_status":"closed","template":"","meta":{"_exactmetrics_skip_tracking":false,"_exactmetrics_sitenote_active":false,"_exactmetrics_sitenote_note":"","_exactmetrics_sitenote_category":0,"footnotes":""},"class_list":["post-694","page","type-page","status-publish","hentry"],"yoast_head":"<!-- This site is optimized with the Yoast SEO plugin v27.4 - https:\/\/yoast.com\/product\/yoast-seo-wordpress\/ -->\n<title>tarifs - QI BOD THERAPIES<\/title>\n<meta name=\"robots\" content=\"index, follow, max-snippet:-1, max-image-preview:large, max-video-preview:-1\" \/>\n<link rel=\"canonical\" href=\"https:\/\/qibodtherapies.com\/index.php\/tarifs\/\" \/>\n<meta property=\"og:locale\" content=\"fr_FR\" \/>\n<meta property=\"og:type\" content=\"article\" \/>\n<meta property=\"og:title\" content=\"tarifs - QI BOD THERAPIES\" \/>\n<meta property=\"og:url\" content=\"https:\/\/qibodtherapies.com\/index.php\/tarifs\/\" \/>\n<meta property=\"og:site_name\" content=\"QI BOD THERAPIES\" \/>\n<meta property=\"article:modified_time\" content=\"2025-08-13T15:17:44+00:00\" \/>\n<meta name=\"twitter:card\" content=\"summary_large_image\" \/>\n<meta name=\"twitter:label1\" content=\"Dur\u00e9e de lecture estim\u00e9e\" \/>\n\t<meta name=\"twitter:data1\" content=\"3 minutes\" \/>\n<script type=\"application\/ld+json\" class=\"yoast-schema-graph\">{\"@context\":\"https:\\\/\\\/schema.org\",\"@graph\":[{\"@type\":\"WebPage\",\"@id\":\"https:\\\/\\\/qibodtherapies.com\\\/index.php\\\/tarifs\\\/\",\"url\":\"https:\\\/\\\/qibodtherapies.com\\\/index.php\\\/tarifs\\\/\",\"name\":\"tarifs - QI BOD THERAPIES\",\"isPartOf\":{\"@id\":\"https:\\\/\\\/qibodtherapies.com\\\/#website\"},\"datePublished\":\"2018-04-04T18:26:01+00:00\",\"dateModified\":\"2025-08-13T15:17:44+00:00\",\"breadcrumb\":{\"@id\":\"https:\\\/\\\/qibodtherapies.com\\\/index.php\\\/tarifs\\\/#breadcrumb\"},\"inLanguage\":\"fr-FR\",\"potentialAction\":[{\"@type\":\"ReadAction\",\"target\":[\"https:\\\/\\\/qibodtherapies.com\\\/index.php\\\/tarifs\\\/\"]}]},{\"@type\":\"BreadcrumbList\",\"@id\":\"https:\\\/\\\/qibodtherapies.com\\\/index.php\\\/tarifs\\\/#breadcrumb\",\"itemListElement\":[{\"@type\":\"ListItem\",\"position\":1,\"name\":\"Accueil\",\"item\":\"https:\\\/\\\/qibodtherapies.com\\\/index.php\\\/accueil\\\/\"},{\"@type\":\"ListItem\",\"position\":2,\"name\":\"tarifs\"}]},{\"@type\":\"WebSite\",\"@id\":\"https:\\\/\\\/qibodtherapies.com\\\/#website\",\"url\":\"https:\\\/\\\/qibodtherapies.com\\\/\",\"name\":\"QI BOD THERAPIES\",\"description\":\"Le plus beau voyage, c&#039;est celui qui permet de vous d\u00e9couvrir\",\"potentialAction\":[{\"@type\":\"SearchAction\",\"target\":{\"@type\":\"EntryPoint\",\"urlTemplate\":\"https:\\\/\\\/qibodtherapies.com\\\/?s={search_term_string}\"},\"query-input\":{\"@type\":\"PropertyValueSpecification\",\"valueRequired\":true,\"valueName\":\"search_term_string\"}}],\"inLanguage\":\"fr-FR\"}]}<\/script>\n<!-- \/ Yoast SEO plugin. -->","yoast_head_json":{"title":"tarifs - QI BOD THERAPIES","robots":{"index":"index","follow":"follow","max-snippet":"max-snippet:-1","max-image-preview":"max-image-preview:large","max-video-preview":"max-video-preview:-1"},"canonical":"https:\/\/qibodtherapies.com\/index.php\/tarifs\/","og_locale":"fr_FR","og_type":"article","og_title":"tarifs - QI BOD THERAPIES","og_url":"https:\/\/qibodtherapies.com\/index.php\/tarifs\/","og_site_name":"QI BOD THERAPIES","article_modified_time":"2025-08-13T15:17:44+00:00","twitter_card":"summary_large_image","twitter_misc":{"Dur\u00e9e de lecture estim\u00e9e":"3 minutes"},"schema":{"@context":"https:\/\/schema.org","@graph":[{"@type":"WebPage","@id":"https:\/\/qibodtherapies.com\/index.php\/tarifs\/","url":"https:\/\/qibodtherapies.com\/index.php\/tarifs\/","name":"tarifs - QI BOD THERAPIES","isPartOf":{"@id":"https:\/\/qibodtherapies.com\/#website"},"datePublished":"2018-04-04T18:26:01+00:00","dateModified":"2025-08-13T15:17:44+00:00","breadcrumb":{"@id":"https:\/\/qibodtherapies.com\/index.php\/tarifs\/#breadcrumb"},"inLanguage":"fr-FR","potentialAction":[{"@type":"ReadAction","target":["https:\/\/qibodtherapies.com\/index.php\/tarifs\/"]}]},{"@type":"BreadcrumbList","@id":"https:\/\/qibodtherapies.com\/index.php\/tarifs\/#breadcrumb","itemListElement":[{"@type":"ListItem","position":1,"name":"Accueil","item":"https:\/\/qibodtherapies.com\/index.php\/accueil\/"},{"@type":"ListItem","position":2,"name":"tarifs"}]},{"@type":"WebSite","@id":"https:\/\/qibodtherapies.com\/#website","url":"https:\/\/qibodtherapies.com\/","name":"QI BOD THERAPIES","description":"Le plus beau voyage, c&#039;est celui qui permet de vous d\u00e9couvrir","potentialAction":[{"@type":"SearchAction","target":{"@type":"EntryPoint","urlTemplate":"https:\/\/qibodtherapies.com\/?s={search_term_string}"},"query-input":{"@type":"PropertyValueSpecification","valueRequired":true,"valueName":"search_term_string"}}],"inLanguage":"fr-FR"}]}},"_links":{"self":[{"href":"https:\/\/qibodtherapies.com\/index.php\/wp-json\/wp\/v2\/pages\/694","targetHints":{"allow":["GET"]}}],"collection":[{"href":"https:\/\/qibodtherapies.com\/index.php\/wp-json\/wp\/v2\/pages"}],"about":[{"href":"https:\/\/qibodtherapies.com\/index.php\/wp-json\/wp\/v2\/types\/page"}],"author":[{"embeddable":true,"href":"https:\/\/qibodtherapies.com\/index.php\/wp-json\/wp\/v2\/users\/1"}],"replies":[{"embeddable":true,"href":"https:\/\/qibodtherapies.com\/index.php\/wp-json\/wp\/v2\/comments?post=694"}],"version-history":[{"count":51,"href":"https:\/\/qibodtherapies.com\/index.php\/wp-json\/wp\/v2\/pages\/694\/revisions"}],"predecessor-version":[{"id":2585,"href":"https:\/\/qibodtherapies.com\/index.php\/wp-json\/wp\/v2\/pages\/694\/revisions\/2585"}],"wp:attachment":[{"href":"https:\/\/qibodtherapies.com\/index.php\/wp-json\/wp\/v2\/media?parent=694"}],"curies":[{"name":"wp","href":"https:\/\/api.w.org\/{rel}","templated":true}]}}