{"id":430,"date":"2018-03-29T21:20:52","date_gmt":"2018-03-29T19:20:52","guid":{"rendered":"http:\/\/qibodtherapies.com\/?page_id=430"},"modified":"2022-11-17T10:19:38","modified_gmt":"2022-11-17T09:19:38","slug":"therapies","status":"publish","type":"page","link":"https:\/\/qibodtherapies.com\/index.php\/therapies\/","title":{"rendered":"Th\u00e9rapies propos\u00e9es"},"content":{"rendered":"<\/div><\/div><\/div><!-- close content main div --><\/div><\/div><div id='welcome' class='av-layout-grid-container entry-content-wrapper main_color av-fixed-cells    container_wrap sidebar_right'   >\n<div class=\"flex_cell no_margin av_one_fourth   av-zero-padding \" style='height:15px; min-height:15px;vertical-align:top; padding:0px; background-color:#1eb5ab; '><div class='flex_cell_inner' ><\/div><\/div><div class=\"flex_cell no_margin av_one_fourth   av-zero-padding \" style='height:15px; min-height:15px;vertical-align:top; padding:0px; background-color:#42b5ad; '><div class='flex_cell_inner' ><\/div><\/div><div class=\"flex_cell no_margin av_one_fourth   av-zero-padding \" style='height:15px; min-height:15px;vertical-align:top; padding:0px; background-color:#4ecac2; '><div class='flex_cell_inner' ><\/div><\/div><div class=\"flex_cell no_margin av_one_fourth   av-zero-padding \" style='height:15px; min-height:15px;vertical-align:top; padding:0px; background-color:#defffc; '><div class='flex_cell_inner' ><\/div><\/div>\n<\/div>\n<\/div><\/div><\/div><!-- close content main div --><\/div><\/div><div id='av_section_1' class='avia-section main_color avia-section-large avia-no-border-styling avia-bg-style-scroll   container_wrap sidebar_right' style = 'background-repeat: no-repeat; background-image: url(http:\/\/test.kriesi.at\/enfold-health-coach\/wp-content\/uploads\/sites\/19\/2016\/05\/food-bg-3.jpg); background-attachment: scroll; background-position: bottom right; ' data-section-bg-repeat='no-repeat' ><div class='container' ><div class='template-page content  av-content-small alpha units'><div class='post-entry post-entry-type-page post-entry-430'><div class='entry-content-wrapper clearfix'>\n<div style='padding-bottom:20px;font-size:50px;' class='av-special-heading av-special-heading-h1  blockquote modern-quote modern-centered   av-inherit-size '><h1 class='av-special-heading-tag '  itemprop=\"headline\"  >Ce que je vous propose<\/h1><div class='special-heading-border'><div class='special-heading-inner-border' ><\/div><\/div><\/div>\n<div style='height:50px' class='hr hr-invisible  '><span class='hr-inner ' ><span class='hr-inner-style'><\/span><\/span><\/div>\n<div class=\"flex_column av_one_half  flex_column_div av-zero-column-padding first  \" style='border-radius:0px; '><article class=\"iconbox iconbox_left_content    \"  itemscope=\"itemscope\" itemtype=\"https:\/\/schema.org\/CreativeWork\" ><div class=\"iconbox_icon heading-color \" aria-hidden='true' data-av_icon='\ue812' data-av_iconfont='entypo-fontello'  ><\/div><div class=\"iconbox_content\"><header class=\"entry-content-header\"><h3 class='iconbox_content_title '  itemprop=\"headline\"  >hypnose th\u00e9rapeutique<\/h3><\/header><div class='iconbox_content_container  '  itemprop=\"text\"  ><p style=\"text-align: justify;\"><span style=\"font-family: arial, helvetica, sans-serif;\">vous pouvez gr\u00e2ce \u00e0 l&rsquo;hypnose :\u00a0<\/span><\/p>\n<ul style=\"list-style-type: circle; text-align: justify;\">\n<li>\n<h3><span style=\"font-family: arial, helvetica, sans-serif;\">Arr\u00eater le tabac en 1 s\u00e9ance d&rsquo;1h30<\/span><\/h3>\n<\/li>\n<li>\n<h3><span style=\"font-family: arial, helvetica, sans-serif;\">R\u00e9gler vos troubles alimentaires : compulsion, grignotage, r\u00e9duction Virtuelle de l&rsquo;estomac, &#8230;.. en 4 \u00e0 5 s\u00e9ances<\/span><\/h3>\n<\/li>\n<li>\n<h3><span style=\"font-family: arial, helvetica, sans-serif;\">Reprendre confiance en vous, pr\u00e9parer les grandes \u00e9tapes<\/span><\/h3>\n<\/li>\n<li>\n<h3><span style=\"font-family: arial, helvetica, sans-serif;\">G\u00e9rer vos \u00e9motions, le stress<\/span><\/h3>\n<\/li>\n<li>\n<h3><span style=\"font-family: arial, helvetica, sans-serif;\">etc&#8230;<\/span><\/h3>\n<\/li>\n<\/ul>\n<p style=\"text-align: justify;\"><span style=\"font-family: arial, helvetica, sans-serif;\">Mise \u00e0 part pour le tabac, toute th\u00e9rapie d&rsquo;hypnose d\u00e9bute obligatoirement par une s\u00e9ance de recueil d&rsquo;information qui dure environ 1h30<\/span><\/p>\n<p style=\"text-align: justify;\"><span style=\"font-family: arial, helvetica, sans-serif;\">pour les tarifs cliquez <a href=\"http:\/\/qibodtherapies.com\/index.php\/tarifs\/\">ici<\/a><\/span><\/p>\n<\/div><\/div><footer class=\"entry-footer\"><\/footer><\/article><\/div><div class=\"flex_column av_one_half  flex_column_div av-zero-column-padding   \" style='border-radius:0px; '><article class=\"iconbox iconbox_left_content    \"  itemscope=\"itemscope\" itemtype=\"https:\/\/schema.org\/CreativeWork\" ><div class=\"iconbox_icon heading-color \" aria-hidden='true' data-av_icon='\ue812' data-av_iconfont='entypo-fontello'  ><\/div><div class=\"iconbox_content\"><header class=\"entry-content-header\"><h3 class='iconbox_content_title '  itemprop=\"headline\"  >Hypnose relaxation<\/h3><\/header><div class='iconbox_content_container  '  itemprop=\"text\"  ><p style=\"text-align: justify;\"><span style=\"font-family: arial, helvetica, sans-serif;\">l&rsquo;hypnose de relaxation peut se pratiquer en s\u00e9ance collective de 1h30<\/span><\/p>\n<ul style=\"list-style-type: circle; text-align: justify;\">\n<li>\n<h3><span style=\"font-family: arial, helvetica, sans-serif;\">Pratique individuelle ou en petits groupes (5 personnes maximum) pour b\u00e9n\u00e9ficier d&rsquo;un moment de l\u00e2cher prise,o\u00f9 chacun obtiendra une d\u00e9tente corporelle intense<\/span><\/h3>\n<\/li>\n<\/ul>\n<ul style=\"list-style-type: circle; text-align: justify;\">\n<li>\n<h3><span style=\"font-family: arial, helvetica, sans-serif;\">Le bien-\u00eatre et le repos mentale se font ressentir imm\u00e9diatement \u00e0 la sortie de la s\u00e9ance\u00a0<\/span><\/h3>\n<\/li>\n<\/ul>\n<h4 style=\"text-align: justify;\"><span style=\"font-family: arial, helvetica, sans-serif;\">Alors n&rsquo;h\u00e9sitez pas entre amis venez me voir ou encore, je peux venir chez vous \u00e0 l&rsquo;occasion d&rsquo;une petite r\u00e9union. <\/span><\/h4>\n<p style=\"text-align: justify;\"><span style=\"font-family: arial, helvetica, sans-serif;\">Pour les tarifs cliquez <a href=\"http:\/\/qibodtherapies.com\/index.php\/tarifs\/\">ici<\/a><\/span><\/p>\n<\/div><\/div><footer class=\"entry-footer\"><\/footer><\/article><\/div><div class=\"flex_column av_one_half  flex_column_div av-zero-column-padding first  \" style='border-radius:0px; '><article class=\"iconbox iconbox_left_content    \"  itemscope=\"itemscope\" itemtype=\"https:\/\/schema.org\/CreativeWork\" ><div class=\"iconbox_icon heading-color \" aria-hidden='true' data-av_icon='\ue812' data-av_iconfont='entypo-fontello'  ><\/div><div class=\"iconbox_content\"><header class=\"entry-content-header\"><h3 class='iconbox_content_title '  itemprop=\"headline\"  >Ost\u00e9ofluidique<\/h3><\/header><div class='iconbox_content_container  '  itemprop=\"text\"  ><p style=\"text-align: justify;\"><span style=\"font-family: arial, helvetica, sans-serif;\">est une pratique \u00e9nerg\u00e9tique qui ne n\u00e9cessite ni manipulation, ni contact. Elle s\u2019appuie sur les bases de la<a href=\"https:\/\/www.medinat.fr\/blog\/50\/les-principes-de-la-methode-poyet\"> m\u00e9thode Poyet<\/a> (Cr\u00e2ne\/Colonne\/Bassin)<\/span><\/p>\n<p style=\"text-align: justify;\"><span style=\"font-family: arial, helvetica, sans-serif;\">Cette m\u00e9thode douce permet un travail en profondeur en prenant en compte l\u2019humain dans sa globalit\u00e9 : (dimension physique, psychique, \u00e9motionnelle). Son champ d\u2019action est tr\u00e8s vaste.<\/span><\/p>\n<p style=\"text-align: justify;\"><span style=\"font-family: arial, helvetica, sans-serif;\">Le but de l\u2019Ost\u00e9ofluidique est de r\u00e9soudre de nombreuses douleurs<\/span><\/p>\n<ul style=\"text-align: justify;\">\n<li><span style=\"font-family: arial, helvetica, sans-serif;\">physiques : (tendinites, sciatiques, Lumbago, arthrose, digestion difficile,\u2026)<\/span><\/li>\n<li><span style=\"font-family: arial, helvetica, sans-serif;\">psychologique (stress, perte de sommeil, \u2026)<\/span><\/li>\n<\/ul>\n<p style=\"text-align: justify;\"><span style=\"font-family: arial, helvetica, sans-serif;\">en remodelant, repositionnant et r\u00e9\u00e9quilibrant, os, muscles, tendons, nerfs, organes, vaisseaux sanguins, \u2026<\/span><\/p>\n<p style=\"text-align: justify;\"><span style=\"font-family: arial, helvetica, sans-serif;\">\u00a0<\/span><\/p>\n<p><span style=\"font-family: arial, helvetica, sans-serif;\">La s\u00e9ance dure 1h<\/span><\/p>\n<p><span style=\"font-family: arial, helvetica, sans-serif;\">Pour les tarifs cliquez <a href=\"http:\/\/qibodtherapies.com\/index.php\/tarifs\/\">ici<\/a><\/span><\/p>\n<\/div><\/div><footer class=\"entry-footer\"><\/footer><\/article><\/div><div class=\"flex_column av_one_half  flex_column_div av-zero-column-padding   \" style='border-radius:0px; '><article class=\"iconbox iconbox_left_content    \"  itemscope=\"itemscope\" itemtype=\"https:\/\/schema.org\/CreativeWork\" ><div class=\"iconbox_icon heading-color \" aria-hidden='true' data-av_icon='\ue812' data-av_iconfont='entypo-fontello'  ><\/div><div class=\"iconbox_content\"><header class=\"entry-content-header\"><h3 class='iconbox_content_title '  itemprop=\"headline\"  >Reiki<\/h3><\/header><div class='iconbox_content_container  '  itemprop=\"text\"  ><p style=\"text-align: justify;\"><span style=\"font-family: arial, helvetica, sans-serif;\">est une pratique bas\u00e9e sur un toucher l\u00e9ger provoquant une relaxation m\u00e9ditative naturelle chez l\u2019\u00eatre humain (utilisation des pratiques manuelles d\u00e9crites par Mikao USUI) et sur un travail m\u00e9ditatif, afin de d\u00e9velopper ses ressources naturelles d\u2019\u00e9quilibre et de force int\u00e9rieurs pour arr\u00eater de souffrir.<\/span><\/p>\n<p style=\"text-align: justify;\"><span style=\"font-family: arial, helvetica, sans-serif;\">Le Reiki signifie l&rsquo;\u00e9nergie de l&rsquo;esprit. Approche holistique japonaise compl\u00e9mentaire \u00e0 la m\u00e9decin classique, elle aiderait \u00e0 combattre le stress, la fatigue, les troubles du sommeil ou encore la d\u00e9pression.<\/span><\/p>\n<p style=\"text-align: justify;\">pour les tarifs cliquez<a href=\"http:\/\/qibodtherapies.com\/index.php\/tarifs\/\"> ici<\/a><\/p>\n<\/div><\/div><footer class=\"entry-footer\"><\/footer><\/article><\/div><div class=\"flex_column av_one_half  flex_column_div av-zero-column-padding first  \" style='border-radius:0px; '><article class=\"iconbox iconbox_left_content    \"  itemscope=\"itemscope\" itemtype=\"https:\/\/schema.org\/CreativeWork\" ><div class=\"iconbox_icon heading-color \" aria-hidden='true' data-av_icon='\ue812' data-av_iconfont='entypo-fontello'  ><\/div><div class=\"iconbox_content\"><header class=\"entry-content-header\"><h3 class='iconbox_content_title '  itemprop=\"headline\"  >Massage sonore aux bols tib\u00e9tains<\/h3><\/header><div class='iconbox_content_container  '  itemprop=\"text\"  ><p><span style=\"font-family: arial, helvetica, sans-serif;\">Gr\u00e2ce au massage sonore aux bols tib\u00e9tains vous<\/span><\/p>\n<ul style=\"list-style-type: circle;\">\n<li>\n<h3><span style=\"font-family: arial, helvetica, sans-serif;\">b\u00e9n\u00e9ficiez d&rsquo;une profonde relaxation<\/span><\/h3>\n<\/li>\n<li>\n<h3><span style=\"font-family: arial, helvetica, sans-serif;\">l\u00e2chez prise et toute les tensions disparaissent<\/span><\/h3>\n<\/li>\n<li>\n<h3><span style=\"font-family: arial, helvetica, sans-serif;\">\u00e9quilibrez vos vibrations int\u00e9rieures<\/span><\/h3>\n<\/li>\n<\/ul>\n<p><span style=\"font-family: arial, helvetica, sans-serif;\">une s\u00e9ance dure 1h dont 15mn de recueil d&rsquo;informations, 30mn de massage sonore, et 15mn de feedback<\/span><\/p>\n<p><span style=\"font-family: arial, helvetica, sans-serif;\">Pour les tarifs cliquez<a href=\"http:\/\/qibodtherapies.com\/index.php\/tarifs\/\"> ici<\/a><\/span><\/p>\n<\/div><\/div><footer class=\"entry-footer\"><\/footer><\/article><\/div>\n<\/div><\/div><\/div><!-- close content main div --><\/div><\/div><div id='after_section_1' class='main_color av_default_container_wrap container_wrap sidebar_right'   ><div class='container' ><div class='template-page content  av-content-small alpha units'><div class='post-entry post-entry-type-page post-entry-430'><div class='entry-content-wrapper clearfix'>\n","protected":false},"excerpt":{"rendered":"","protected":false},"author":1,"featured_media":0,"parent":0,"menu_order":0,"comment_status":"closed","ping_status":"closed","template":"","meta":{"_exactmetrics_skip_tracking":false,"_exactmetrics_sitenote_active":false,"_exactmetrics_sitenote_note":"","_exactmetrics_sitenote_category":0,"footnotes":""},"class_list":["post-430","page","type-page","status-publish","hentry"],"yoast_head":"<!-- This site is optimized with the Yoast SEO plugin v27.5 - https:\/\/yoast.com\/product\/yoast-seo-wordpress\/ -->\n<title>Th\u00e9rapies propos\u00e9es - QI BOD THERAPIES<\/title>\n<meta name=\"description\" content=\"Hypnose th\u00e9rapeutique, Hypnose de relaxation, Magn\u00e9tisme curatif, Soins \u00e9nerg\u00e9tiques, Massages sonores aux bols tib\u00e9tains sont les principales th\u00e9rapies propos\u00e9es et tarif\u00e9es.\" \/>\n<meta name=\"robots\" content=\"index, follow, max-snippet:-1, max-image-preview:large, max-video-preview:-1\" \/>\n<link rel=\"canonical\" href=\"https:\/\/qibodtherapies.com\/index.php\/therapies\/\" \/>\n<meta property=\"og:locale\" content=\"fr_FR\" \/>\n<meta property=\"og:type\" content=\"article\" \/>\n<meta property=\"og:title\" content=\"Th\u00e9rapies propos\u00e9es - QI BOD THERAPIES\" \/>\n<meta property=\"og:description\" content=\"Hypnose th\u00e9rapeutique, Hypnose de relaxation, Magn\u00e9tisme curatif, Soins \u00e9nerg\u00e9tiques, Massages sonores aux bols tib\u00e9tains sont les principales th\u00e9rapies propos\u00e9es et tarif\u00e9es.\" \/>\n<meta property=\"og:url\" content=\"https:\/\/qibodtherapies.com\/index.php\/therapies\/\" \/>\n<meta property=\"og:site_name\" content=\"QI BOD THERAPIES\" \/>\n<meta property=\"article:modified_time\" content=\"2022-11-17T09:19:38+00:00\" \/>\n<meta name=\"twitter:card\" content=\"summary_large_image\" \/>\n<meta name=\"twitter:label1\" content=\"Dur\u00e9e de lecture estim\u00e9e\" \/>\n\t<meta name=\"twitter:data1\" content=\"4 minutes\" \/>\n<script type=\"application\/ld+json\" class=\"yoast-schema-graph\">{\"@context\":\"https:\\\/\\\/schema.org\",\"@graph\":[{\"@type\":\"WebPage\",\"@id\":\"https:\\\/\\\/qibodtherapies.com\\\/index.php\\\/therapies\\\/\",\"url\":\"https:\\\/\\\/qibodtherapies.com\\\/index.php\\\/therapies\\\/\",\"name\":\"Th\u00e9rapies propos\u00e9es - QI BOD THERAPIES\",\"isPartOf\":{\"@id\":\"https:\\\/\\\/qibodtherapies.com\\\/#website\"},\"datePublished\":\"2018-03-29T19:20:52+00:00\",\"dateModified\":\"2022-11-17T09:19:38+00:00\",\"description\":\"Hypnose th\u00e9rapeutique, Hypnose de relaxation, Magn\u00e9tisme curatif, Soins \u00e9nerg\u00e9tiques, Massages sonores aux bols tib\u00e9tains sont les principales th\u00e9rapies propos\u00e9es et tarif\u00e9es.\",\"breadcrumb\":{\"@id\":\"https:\\\/\\\/qibodtherapies.com\\\/index.php\\\/therapies\\\/#breadcrumb\"},\"inLanguage\":\"fr-FR\",\"potentialAction\":[{\"@type\":\"ReadAction\",\"target\":[\"https:\\\/\\\/qibodtherapies.com\\\/index.php\\\/therapies\\\/\"]}]},{\"@type\":\"BreadcrumbList\",\"@id\":\"https:\\\/\\\/qibodtherapies.com\\\/index.php\\\/therapies\\\/#breadcrumb\",\"itemListElement\":[{\"@type\":\"ListItem\",\"position\":1,\"name\":\"Accueil\",\"item\":\"https:\\\/\\\/qibodtherapies.com\\\/index.php\\\/accueil\\\/\"},{\"@type\":\"ListItem\",\"position\":2,\"name\":\"Th\u00e9rapies propos\u00e9es\"}]},{\"@type\":\"WebSite\",\"@id\":\"https:\\\/\\\/qibodtherapies.com\\\/#website\",\"url\":\"https:\\\/\\\/qibodtherapies.com\\\/\",\"name\":\"QI BOD THERAPIES\",\"description\":\"Le plus beau voyage, c&#039;est celui qui permet de vous d\u00e9couvrir\",\"potentialAction\":[{\"@type\":\"SearchAction\",\"target\":{\"@type\":\"EntryPoint\",\"urlTemplate\":\"https:\\\/\\\/qibodtherapies.com\\\/?s={search_term_string}\"},\"query-input\":{\"@type\":\"PropertyValueSpecification\",\"valueRequired\":true,\"valueName\":\"search_term_string\"}}],\"inLanguage\":\"fr-FR\"}]}<\/script>\n<!-- \/ Yoast SEO plugin. -->","yoast_head_json":{"title":"Th\u00e9rapies propos\u00e9es - QI BOD THERAPIES","description":"Hypnose th\u00e9rapeutique, Hypnose de relaxation, Magn\u00e9tisme curatif, Soins \u00e9nerg\u00e9tiques, Massages sonores aux bols tib\u00e9tains sont les principales th\u00e9rapies propos\u00e9es et tarif\u00e9es.","robots":{"index":"index","follow":"follow","max-snippet":"max-snippet:-1","max-image-preview":"max-image-preview:large","max-video-preview":"max-video-preview:-1"},"canonical":"https:\/\/qibodtherapies.com\/index.php\/therapies\/","og_locale":"fr_FR","og_type":"article","og_title":"Th\u00e9rapies propos\u00e9es - QI BOD THERAPIES","og_description":"Hypnose th\u00e9rapeutique, Hypnose de relaxation, Magn\u00e9tisme curatif, Soins \u00e9nerg\u00e9tiques, Massages sonores aux bols tib\u00e9tains sont les principales th\u00e9rapies propos\u00e9es et tarif\u00e9es.","og_url":"https:\/\/qibodtherapies.com\/index.php\/therapies\/","og_site_name":"QI BOD THERAPIES","article_modified_time":"2022-11-17T09:19:38+00:00","twitter_card":"summary_large_image","twitter_misc":{"Dur\u00e9e de lecture estim\u00e9e":"4 minutes"},"schema":{"@context":"https:\/\/schema.org","@graph":[{"@type":"WebPage","@id":"https:\/\/qibodtherapies.com\/index.php\/therapies\/","url":"https:\/\/qibodtherapies.com\/index.php\/therapies\/","name":"Th\u00e9rapies propos\u00e9es - QI BOD THERAPIES","isPartOf":{"@id":"https:\/\/qibodtherapies.com\/#website"},"datePublished":"2018-03-29T19:20:52+00:00","dateModified":"2022-11-17T09:19:38+00:00","description":"Hypnose th\u00e9rapeutique, Hypnose de relaxation, Magn\u00e9tisme curatif, Soins \u00e9nerg\u00e9tiques, Massages sonores aux bols tib\u00e9tains sont les principales th\u00e9rapies propos\u00e9es et tarif\u00e9es.","breadcrumb":{"@id":"https:\/\/qibodtherapies.com\/index.php\/therapies\/#breadcrumb"},"inLanguage":"fr-FR","potentialAction":[{"@type":"ReadAction","target":["https:\/\/qibodtherapies.com\/index.php\/therapies\/"]}]},{"@type":"BreadcrumbList","@id":"https:\/\/qibodtherapies.com\/index.php\/therapies\/#breadcrumb","itemListElement":[{"@type":"ListItem","position":1,"name":"Accueil","item":"https:\/\/qibodtherapies.com\/index.php\/accueil\/"},{"@type":"ListItem","position":2,"name":"Th\u00e9rapies propos\u00e9es"}]},{"@type":"WebSite","@id":"https:\/\/qibodtherapies.com\/#website","url":"https:\/\/qibodtherapies.com\/","name":"QI BOD THERAPIES","description":"Le plus beau voyage, c&#039;est celui qui permet de vous d\u00e9couvrir","potentialAction":[{"@type":"SearchAction","target":{"@type":"EntryPoint","urlTemplate":"https:\/\/qibodtherapies.com\/?s={search_term_string}"},"query-input":{"@type":"PropertyValueSpecification","valueRequired":true,"valueName":"search_term_string"}}],"inLanguage":"fr-FR"}]}},"_links":{"self":[{"href":"https:\/\/qibodtherapies.com\/index.php\/wp-json\/wp\/v2\/pages\/430","targetHints":{"allow":["GET"]}}],"collection":[{"href":"https:\/\/qibodtherapies.com\/index.php\/wp-json\/wp\/v2\/pages"}],"about":[{"href":"https:\/\/qibodtherapies.com\/index.php\/wp-json\/wp\/v2\/types\/page"}],"author":[{"embeddable":true,"href":"https:\/\/qibodtherapies.com\/index.php\/wp-json\/wp\/v2\/users\/1"}],"replies":[{"embeddable":true,"href":"https:\/\/qibodtherapies.com\/index.php\/wp-json\/wp\/v2\/comments?post=430"}],"version-history":[{"count":18,"href":"https:\/\/qibodtherapies.com\/index.php\/wp-json\/wp\/v2\/pages\/430\/revisions"}],"predecessor-version":[{"id":2139,"href":"https:\/\/qibodtherapies.com\/index.php\/wp-json\/wp\/v2\/pages\/430\/revisions\/2139"}],"wp:attachment":[{"href":"https:\/\/qibodtherapies.com\/index.php\/wp-json\/wp\/v2\/media?parent=430"}],"curies":[{"name":"wp","href":"https:\/\/api.w.org\/{rel}","templated":true}]}}