{"id":2577,"date":"2025-08-13T16:44:13","date_gmt":"2025-08-13T14:44:13","guid":{"rendered":"https:\/\/qibodtherapies.com\/?page_id=2577"},"modified":"2025-08-13T16:49:18","modified_gmt":"2025-08-13T14:49:18","slug":"soins-aux-diapasons-ou-comment-harmoniser-le-champ-energetique","status":"publish","type":"page","link":"https:\/\/qibodtherapies.com\/index.php\/soins-aux-diapasons-ou-comment-harmoniser-le-champ-energetique\/","title":{"rendered":"SOINS AUX DIAPASONS ou comment harmoniser le champ \u00e9nerg\u00e9tique?"},"content":{"rendered":"<h2 style=\"text-align: center;\"><span style=\"font-family: arial black, sans-serif;\">SOINS AUX DIAPASONS<\/span><\/h2>\n<p>&nbsp;<\/p>\n<p style=\"text-align: justify;\"><span style=\"font-family: arial, helvetica, sans-serif;\">Depuis le mois de juillet, je vous propose un soin aux <a href=\"https:\/\/fr.wikipedia.org\/wiki\/Diapason\">Diapasons<\/a>. C&rsquo;est un soin sous forme de <a href=\"https:\/\/www.ekopedia.fr\/wiki\/Sonoth%C3%A9rapie\">Sonoth\u00e9rapie<\/a>, qui utilise diff\u00e9rents diapasons accord\u00e9s aux fr\u00e9quences sp\u00e9cifiques pour agir sur le corps, l&rsquo;esprit et m\u00eame sur l&rsquo;\u00e9nergie de la personne.<\/span><\/p>\n<p style=\"text-align: justify;\"><span style=\"font-family: arial, helvetica, sans-serif;\">On se sert de la vibration pure du diapason pour stimuler des zones du corps et\/ou harmoniser le champ \u00e9nerg\u00e9tique.<\/span><\/p>\n<h3 style=\"text-align: justify;\"><strong><span style=\"font-family: arial, helvetica, sans-serif;\">Comment cela fonctionne-t-il?<\/span><\/strong><\/h3>\n<p style=\"text-align: justify;\"><span style=\"font-family: arial, helvetica, sans-serif;\">le diapason est frapp\u00e9 l\u00e9g\u00e8rement puis <\/span><\/p>\n<ul style=\"text-align: justify;\">\n<li><span style=\"font-family: arial, helvetica, sans-serif;\">\u00a0pos\u00e9 soit directement sur la peau (agit sur les tensions musculaires, les articulations et les zones douloureuses)<\/span><\/li>\n<li><span style=\"font-family: arial, helvetica, sans-serif;\">ou tenu proche du corps, pour que les ondes se diffusent.<\/span><\/li>\n<\/ul>\n<p style=\"text-align: justify;\"><span style=\"font-family: arial, helvetica, sans-serif;\">Fr\u00e9quence cibl\u00e9e :\u00a0 chaque diapason est accord\u00e9 \u00e0 une\u00a0 fr\u00e9quence pr\u00e9cise (en hertz, Hz)<\/span><\/p>\n<p style=\"text-align: justify;\"><span style=\"font-family: arial, helvetica, sans-serif;\">&#8211; exemple : 128 Hz pour la relaxation profonde &#8211; 64 Hz pour un travail sur la mati\u00e8re (os, articulations, muscles)\u00a0<\/span><\/p>\n<p><span style=\"font-family: arial, helvetica, sans-serif;\">Les effets : D\u00e9tente nerveuse et musculaire &#8211; R\u00e9duction de la douleur et\/ou des tensions &#8211; Am\u00e9lioration de la circulation sanguine et lymphatique &#8211; \u00c9quilibrage du syst\u00e8me \u00e9nerg\u00e9tique.<\/span><\/p>\n<p>&nbsp;<\/p>\n<h2 style=\"text-align: justify;\"><strong><span style=\"font-family: arial, helvetica, sans-serif;\">D\u00e9roulement d&rsquo;une s\u00e9ance de 30 mn :<\/span><\/strong><\/h2>\n<ul>\n<li style=\"text-align: justify;\"><span style=\"font-family: arial, helvetica, sans-serif;\">accueil et \u00e9change avec la personne pour connaitre son besoin du moment, ses ant\u00e9c\u00e9dents et les contre-indications<\/span><\/li>\n<li style=\"text-align: justify;\"><span style=\"font-family: arial, helvetica, sans-serif;\">Installation sur une table de massage allong\u00e9, tout habill\u00e9, sur le dos et \/ou sur le ventre.\u00a0<\/span><\/li>\n<li style=\"text-align: justify;\"><span style=\"font-family: arial, helvetica, sans-serif;\">Activation du ou des diapason(s) sur un activateur en caoutchouc<\/span><\/li>\n<li style=\"text-align: justify;\"><span style=\"font-family: arial, helvetica, sans-serif;\">Pose imm\u00e9diate de la tige du diapason sur le point pr\u00e9cis du corps (toujours en fonction du besoin de la personne). Suivi des trajets des m\u00e9ridiens.Travail \u00e9galement sur les chakras.<\/span><\/li>\n<li style=\"text-align: justify;\"><span style=\"font-family: arial, helvetica, sans-serif;\">Ressenti : la personne peut ressentir une vibration profonde, entendre \u00e9galement cette vibration. c&rsquo;est une sensation agr\u00e9able, un peu comme si \u00ab\u00a0les tensions se d\u00e9nouaient de l&rsquo;int\u00e9rieur\u00a0\u00bb. Chaque point est stimul\u00e9 pendant quelques secondes\u00a0 \u00e0 une minute et peut \u00eatre r\u00e9p\u00e9t\u00e9.<\/span><\/li>\n<li><span style=\"font-family: arial, helvetica, sans-serif;\">Une s\u00e9ance se termine souvent par quelques diapasons tenus dans l&rsquo;Aura de la personne afin d&rsquo;harmoniser le champs \u00e9nerg\u00e9tique<\/span><\/li>\n<\/ul>\n<h2><strong><span style=\"font-family: arial, helvetica, sans-serif;\">cout d&rsquo;une s\u00e9ance de 30mn \/ 40\u20ac<\/span><\/strong><\/h2>\n","protected":false},"excerpt":{"rendered":"<p>SOINS AUX DIAPASONS &nbsp; Depuis le mois de juillet, je vous propose un soin aux Diapasons. C&rsquo;est un soin sous forme de Sonoth\u00e9rapie, qui utilise diff\u00e9rents diapasons accord\u00e9s aux fr\u00e9quences sp\u00e9cifiques pour agir sur le corps, l&rsquo;esprit et m\u00eame sur l&rsquo;\u00e9nergie de la personne. On se sert de la vibration pure du diapason pour stimuler [&hellip;]<\/p>\n","protected":false},"author":1,"featured_media":2579,"parent":0,"menu_order":0,"comment_status":"closed","ping_status":"closed","template":"","meta":{"_exactmetrics_skip_tracking":false,"_exactmetrics_sitenote_active":false,"_exactmetrics_sitenote_note":"","_exactmetrics_sitenote_category":0,"footnotes":""},"class_list":["post-2577","page","type-page","status-publish","has-post-thumbnail","hentry"],"yoast_head":"<!-- This site is optimized with the Yoast SEO plugin v27.3 - https:\/\/yoast.com\/product\/yoast-seo-wordpress\/ -->\n<title>SOINS AUX DIAPASONS ou comment harmoniser le champ \u00e9nerg\u00e9tique? - QI BOD THERAPIES<\/title>\n<meta name=\"description\" content=\"Le soin aux Diapasons est un soin par les sons et les vibrations, permettant de cibler les&quot; noeuds&quot; tant physiques que \u00e9nerg\u00e9tiques\" \/>\n<meta name=\"robots\" content=\"index, follow, max-snippet:-1, max-image-preview:large, max-video-preview:-1\" \/>\n<link rel=\"canonical\" href=\"https:\/\/qibodtherapies.com\/index.php\/soins-aux-diapasons-ou-comment-harmoniser-le-champ-energetique\/\" \/>\n<meta property=\"og:locale\" content=\"fr_FR\" \/>\n<meta property=\"og:type\" content=\"article\" \/>\n<meta property=\"og:title\" content=\"SOINS AUX DIAPASONS ou comment harmoniser le champ \u00e9nerg\u00e9tique? - QI BOD THERAPIES\" \/>\n<meta property=\"og:description\" content=\"Le soin aux Diapasons est un soin par les sons et les vibrations, permettant de cibler les&quot; noeuds&quot; tant physiques que \u00e9nerg\u00e9tiques\" \/>\n<meta property=\"og:url\" content=\"https:\/\/qibodtherapies.com\/index.php\/soins-aux-diapasons-ou-comment-harmoniser-le-champ-energetique\/\" \/>\n<meta property=\"og:site_name\" content=\"QI BOD THERAPIES\" \/>\n<meta property=\"article:modified_time\" content=\"2025-08-13T14:49:18+00:00\" \/>\n<meta property=\"og:image\" content=\"https:\/\/qibodtherapies.com\/wp-content\/uploads\/2025\/08\/diapasons-1030x579.png\" \/>\n\t<meta property=\"og:image:width\" content=\"1030\" \/>\n\t<meta property=\"og:image:height\" content=\"579\" \/>\n\t<meta property=\"og:image:type\" content=\"image\/png\" \/>\n<meta name=\"twitter:card\" content=\"summary_large_image\" \/>\n<meta name=\"twitter:label1\" content=\"Dur\u00e9e de lecture estim\u00e9e\" \/>\n\t<meta name=\"twitter:data1\" content=\"2 minutes\" \/>\n<script type=\"application\/ld+json\" class=\"yoast-schema-graph\">{\"@context\":\"https:\\\/\\\/schema.org\",\"@graph\":[{\"@type\":\"WebPage\",\"@id\":\"https:\\\/\\\/qibodtherapies.com\\\/index.php\\\/soins-aux-diapasons-ou-comment-harmoniser-le-champ-energetique\\\/\",\"url\":\"https:\\\/\\\/qibodtherapies.com\\\/index.php\\\/soins-aux-diapasons-ou-comment-harmoniser-le-champ-energetique\\\/\",\"name\":\"SOINS AUX DIAPASONS ou comment harmoniser le champ \u00e9nerg\u00e9tique? - QI BOD THERAPIES\",\"isPartOf\":{\"@id\":\"https:\\\/\\\/qibodtherapies.com\\\/#website\"},\"primaryImageOfPage\":{\"@id\":\"https:\\\/\\\/qibodtherapies.com\\\/index.php\\\/soins-aux-diapasons-ou-comment-harmoniser-le-champ-energetique\\\/#primaryimage\"},\"image\":{\"@id\":\"https:\\\/\\\/qibodtherapies.com\\\/index.php\\\/soins-aux-diapasons-ou-comment-harmoniser-le-champ-energetique\\\/#primaryimage\"},\"thumbnailUrl\":\"https:\\\/\\\/qibodtherapies.com\\\/wp-content\\\/uploads\\\/2025\\\/08\\\/diapasons.png\",\"datePublished\":\"2025-08-13T14:44:13+00:00\",\"dateModified\":\"2025-08-13T14:49:18+00:00\",\"description\":\"Le soin aux Diapasons est un soin par les sons et les vibrations, permettant de cibler les\\\" noeuds\\\" tant physiques que \u00e9nerg\u00e9tiques\",\"breadcrumb\":{\"@id\":\"https:\\\/\\\/qibodtherapies.com\\\/index.php\\\/soins-aux-diapasons-ou-comment-harmoniser-le-champ-energetique\\\/#breadcrumb\"},\"inLanguage\":\"fr-FR\",\"potentialAction\":[{\"@type\":\"ReadAction\",\"target\":[\"https:\\\/\\\/qibodtherapies.com\\\/index.php\\\/soins-aux-diapasons-ou-comment-harmoniser-le-champ-energetique\\\/\"]}]},{\"@type\":\"ImageObject\",\"inLanguage\":\"fr-FR\",\"@id\":\"https:\\\/\\\/qibodtherapies.com\\\/index.php\\\/soins-aux-diapasons-ou-comment-harmoniser-le-champ-energetique\\\/#primaryimage\",\"url\":\"https:\\\/\\\/qibodtherapies.com\\\/wp-content\\\/uploads\\\/2025\\\/08\\\/diapasons.png\",\"contentUrl\":\"https:\\\/\\\/qibodtherapies.com\\\/wp-content\\\/uploads\\\/2025\\\/08\\\/diapasons.png\",\"width\":2240,\"height\":1260},{\"@type\":\"BreadcrumbList\",\"@id\":\"https:\\\/\\\/qibodtherapies.com\\\/index.php\\\/soins-aux-diapasons-ou-comment-harmoniser-le-champ-energetique\\\/#breadcrumb\",\"itemListElement\":[{\"@type\":\"ListItem\",\"position\":1,\"name\":\"Accueil\",\"item\":\"https:\\\/\\\/qibodtherapies.com\\\/index.php\\\/accueil\\\/\"},{\"@type\":\"ListItem\",\"position\":2,\"name\":\"SOINS AUX DIAPASONS ou comment harmoniser le champ \u00e9nerg\u00e9tique?\"}]},{\"@type\":\"WebSite\",\"@id\":\"https:\\\/\\\/qibodtherapies.com\\\/#website\",\"url\":\"https:\\\/\\\/qibodtherapies.com\\\/\",\"name\":\"QI BOD THERAPIES\",\"description\":\"Le plus beau voyage, c&#039;est celui qui permet de vous d\u00e9couvrir\",\"potentialAction\":[{\"@type\":\"SearchAction\",\"target\":{\"@type\":\"EntryPoint\",\"urlTemplate\":\"https:\\\/\\\/qibodtherapies.com\\\/?s={search_term_string}\"},\"query-input\":{\"@type\":\"PropertyValueSpecification\",\"valueRequired\":true,\"valueName\":\"search_term_string\"}}],\"inLanguage\":\"fr-FR\"}]}<\/script>\n<!-- \/ Yoast SEO plugin. -->","yoast_head_json":{"title":"SOINS AUX DIAPASONS ou comment harmoniser le champ \u00e9nerg\u00e9tique? - QI BOD THERAPIES","description":"Le soin aux Diapasons est un soin par les sons et les vibrations, permettant de cibler les\" noeuds\" tant physiques que \u00e9nerg\u00e9tiques","robots":{"index":"index","follow":"follow","max-snippet":"max-snippet:-1","max-image-preview":"max-image-preview:large","max-video-preview":"max-video-preview:-1"},"canonical":"https:\/\/qibodtherapies.com\/index.php\/soins-aux-diapasons-ou-comment-harmoniser-le-champ-energetique\/","og_locale":"fr_FR","og_type":"article","og_title":"SOINS AUX DIAPASONS ou comment harmoniser le champ \u00e9nerg\u00e9tique? - QI BOD THERAPIES","og_description":"Le soin aux Diapasons est un soin par les sons et les vibrations, permettant de cibler les\" noeuds\" tant physiques que \u00e9nerg\u00e9tiques","og_url":"https:\/\/qibodtherapies.com\/index.php\/soins-aux-diapasons-ou-comment-harmoniser-le-champ-energetique\/","og_site_name":"QI BOD THERAPIES","article_modified_time":"2025-08-13T14:49:18+00:00","og_image":[{"width":1030,"height":579,"url":"https:\/\/qibodtherapies.com\/wp-content\/uploads\/2025\/08\/diapasons-1030x579.png","type":"image\/png"}],"twitter_card":"summary_large_image","twitter_misc":{"Dur\u00e9e de lecture estim\u00e9e":"2 minutes"},"schema":{"@context":"https:\/\/schema.org","@graph":[{"@type":"WebPage","@id":"https:\/\/qibodtherapies.com\/index.php\/soins-aux-diapasons-ou-comment-harmoniser-le-champ-energetique\/","url":"https:\/\/qibodtherapies.com\/index.php\/soins-aux-diapasons-ou-comment-harmoniser-le-champ-energetique\/","name":"SOINS AUX DIAPASONS ou comment harmoniser le champ \u00e9nerg\u00e9tique? - QI BOD THERAPIES","isPartOf":{"@id":"https:\/\/qibodtherapies.com\/#website"},"primaryImageOfPage":{"@id":"https:\/\/qibodtherapies.com\/index.php\/soins-aux-diapasons-ou-comment-harmoniser-le-champ-energetique\/#primaryimage"},"image":{"@id":"https:\/\/qibodtherapies.com\/index.php\/soins-aux-diapasons-ou-comment-harmoniser-le-champ-energetique\/#primaryimage"},"thumbnailUrl":"https:\/\/qibodtherapies.com\/wp-content\/uploads\/2025\/08\/diapasons.png","datePublished":"2025-08-13T14:44:13+00:00","dateModified":"2025-08-13T14:49:18+00:00","description":"Le soin aux Diapasons est un soin par les sons et les vibrations, permettant de cibler les\" noeuds\" tant physiques que \u00e9nerg\u00e9tiques","breadcrumb":{"@id":"https:\/\/qibodtherapies.com\/index.php\/soins-aux-diapasons-ou-comment-harmoniser-le-champ-energetique\/#breadcrumb"},"inLanguage":"fr-FR","potentialAction":[{"@type":"ReadAction","target":["https:\/\/qibodtherapies.com\/index.php\/soins-aux-diapasons-ou-comment-harmoniser-le-champ-energetique\/"]}]},{"@type":"ImageObject","inLanguage":"fr-FR","@id":"https:\/\/qibodtherapies.com\/index.php\/soins-aux-diapasons-ou-comment-harmoniser-le-champ-energetique\/#primaryimage","url":"https:\/\/qibodtherapies.com\/wp-content\/uploads\/2025\/08\/diapasons.png","contentUrl":"https:\/\/qibodtherapies.com\/wp-content\/uploads\/2025\/08\/diapasons.png","width":2240,"height":1260},{"@type":"BreadcrumbList","@id":"https:\/\/qibodtherapies.com\/index.php\/soins-aux-diapasons-ou-comment-harmoniser-le-champ-energetique\/#breadcrumb","itemListElement":[{"@type":"ListItem","position":1,"name":"Accueil","item":"https:\/\/qibodtherapies.com\/index.php\/accueil\/"},{"@type":"ListItem","position":2,"name":"SOINS AUX DIAPASONS ou comment harmoniser le champ \u00e9nerg\u00e9tique?"}]},{"@type":"WebSite","@id":"https:\/\/qibodtherapies.com\/#website","url":"https:\/\/qibodtherapies.com\/","name":"QI BOD THERAPIES","description":"Le plus beau voyage, c&#039;est celui qui permet de vous d\u00e9couvrir","potentialAction":[{"@type":"SearchAction","target":{"@type":"EntryPoint","urlTemplate":"https:\/\/qibodtherapies.com\/?s={search_term_string}"},"query-input":{"@type":"PropertyValueSpecification","valueRequired":true,"valueName":"search_term_string"}}],"inLanguage":"fr-FR"}]}},"_links":{"self":[{"href":"https:\/\/qibodtherapies.com\/index.php\/wp-json\/wp\/v2\/pages\/2577","targetHints":{"allow":["GET"]}}],"collection":[{"href":"https:\/\/qibodtherapies.com\/index.php\/wp-json\/wp\/v2\/pages"}],"about":[{"href":"https:\/\/qibodtherapies.com\/index.php\/wp-json\/wp\/v2\/types\/page"}],"author":[{"embeddable":true,"href":"https:\/\/qibodtherapies.com\/index.php\/wp-json\/wp\/v2\/users\/1"}],"replies":[{"embeddable":true,"href":"https:\/\/qibodtherapies.com\/index.php\/wp-json\/wp\/v2\/comments?post=2577"}],"version-history":[{"count":5,"href":"https:\/\/qibodtherapies.com\/index.php\/wp-json\/wp\/v2\/pages\/2577\/revisions"}],"predecessor-version":[{"id":2581,"href":"https:\/\/qibodtherapies.com\/index.php\/wp-json\/wp\/v2\/pages\/2577\/revisions\/2581"}],"wp:featuredmedia":[{"embeddable":true,"href":"https:\/\/qibodtherapies.com\/index.php\/wp-json\/wp\/v2\/media\/2579"}],"wp:attachment":[{"href":"https:\/\/qibodtherapies.com\/index.php\/wp-json\/wp\/v2\/media?parent=2577"}],"curies":[{"name":"wp","href":"https:\/\/api.w.org\/{rel}","templated":true}]}}