{"id":255,"date":"2018-03-29T10:30:24","date_gmt":"2018-03-29T08:30:24","guid":{"rendered":"http:\/\/test.kriesi.at\/enfold-health-coach\/?page_id=255"},"modified":"2022-01-02T16:19:03","modified_gmt":"2022-01-02T15:19:03","slug":"contact-2","status":"publish","type":"page","link":"https:\/\/qibodtherapies.com\/index.php\/contact-2\/","title":{"rendered":"Contact"},"content":{"rendered":"<\/div><\/div><\/div><!-- close content main div --><\/div><\/div><div id='welcome' class='av-layout-grid-container entry-content-wrapper main_color av-fixed-cells    container_wrap sidebar_right'   >\n<div class=\"flex_cell no_margin av_one_fourth   av-zero-padding \" style='height:15px; min-height:15px;vertical-align:top; padding:0px; background-color:#1eb5ab; '><div class='flex_cell_inner' ><\/div><\/div><div class=\"flex_cell no_margin av_one_fourth   av-zero-padding \" style='height:15px; min-height:15px;vertical-align:top; padding:0px; background-color:#42b5ad; '><div class='flex_cell_inner' ><\/div><\/div><div class=\"flex_cell no_margin av_one_fourth   av-zero-padding \" style='height:15px; min-height:15px;vertical-align:top; padding:0px; background-color:#4ecac2; '><div class='flex_cell_inner' ><\/div><\/div><div class=\"flex_cell no_margin av_one_fourth   av-zero-padding \" style='height:15px; min-height:15px;vertical-align:top; padding:0px; background-color:#defffc; '><div class='flex_cell_inner' ><\/div><\/div>\n<\/div>\n<\/div><\/div><\/div><!-- close content main div --><\/div><\/div><div id='hello' class='av-layout-grid-container entry-content-wrapper main_color av-flex-cells    container_wrap sidebar_right'   >\n<div class=\"flex_cell no_margin av_two_fifth   \" style='vertical-align:top; padding:100px; '><div class='flex_cell_inner' ><p><div style='padding-bottom:30px;font-size:70px;' class='av-special-heading av-special-heading-h1  blockquote modern-quote  av-inherit-size '><h1 class='av-special-heading-tag '  itemprop=\"headline\"  >Pour toute information prendre contact<\/h1><div class='special-heading-border'><div class='special-heading-inner-border' ><\/div><\/div><\/div><br \/>\n<section class=\"av_textblock_section \"  itemscope=\"itemscope\" itemtype=\"https:\/\/schema.org\/CreativeWork\" ><div class='avia_textblock  '   itemprop=\"text\" ><p><span style=\"font-family: arial, helvetica, sans-serif;\">je suis \u00e0 votre disposition pour vous conseiller au mieux<\/span><\/p>\n<p><span style=\"font-family: arial, helvetica, sans-serif;\">Contactez moi par mail pour obtenir de plus amples informations sur les diff\u00e9rentes th\u00e9rapies pratiqu\u00e9es<\/span><\/p>\n<\/div><\/section><br \/>\n<div style='height:20px' class='hr hr-invisible  '><span class='hr-inner ' ><span class='hr-inner-style'><\/span><\/span><\/div><br \/>\n<section class=\"av_textblock_section \"  itemscope=\"itemscope\" itemtype=\"https:\/\/schema.org\/CreativeWork\" ><div class='avia_textblock  '  style='font-size:29px; '  itemprop=\"text\" ><p><span style=\"font-family: arial, helvetica, sans-serif;\">\u00ab\u00a0Seul\u00a0le\u00a0chemin\u00a0conna\u00eet\u00a0le\u00a0voyageur.\u00a0\u00bb<\/span><\/p>\n<p><span style=\"font-family: arial, helvetica, sans-serif;\">Proverbe Tib\u00e9tain<\/span><\/p>\n<\/div><\/section><\/p>\n<\/div><\/div><div class=\"flex_cell no_margin av_three_fifth   avia-full-stretch \" style='vertical-align:top; padding:50px; background-color:#1eb5ab; '><div class='flex_cell_inner' ><div class=\"flex_column av_one_full  avia-full-contain flex_column_div first  \" style='padding:50px; background-color:#ffffff; border-radius:0px; '><form action=\"https:\/\/qibodtherapies.com\/index.php\/contact-2\/\" method=\"post\"  class=\"avia_ajax_form av-form-labels-visible    \" data-avia-form-id=\"1\" data-avia-redirect=''><fieldset><p class=' first_form  form_element form_element_half' id='element_avia_1_1'><label for=\"avia_1_1\">NOM <abbr class=\"required\" title=\"requis\">*<\/abbr><\/label> <input name=\"avia_1_1\" class=\"text_input is_empty\" type=\"text\" id=\"avia_1_1\" value=\"\" \/><\/p><p class=' form_element form_element_half' id='element_avia_2_1'><label for=\"avia_2_1\">E-Mail <abbr class=\"required\" title=\"requis\">*<\/abbr><\/label> <input name=\"avia_2_1\" class=\"text_input is_email\" type=\"text\" id=\"avia_2_1\" value=\"\" \/><\/p><p class=' first_form  form_element form_fullwidth' id='element_avia_3_1'><label for=\"avia_3_1\">Sujet <abbr class=\"required\" title=\"requis\">*<\/abbr><\/label> <input name=\"avia_3_1\" class=\"text_input is_empty\" type=\"text\" id=\"avia_3_1\" value=\"\" \/><\/p><p class=' first_form  form_element form_fullwidth' id='element_avia_4_1'>\t <label for=\"avia_4_1\" class=\"textare_label hidden textare_label_avia_4_1\">Message <abbr class=\"required\" title=\"requis\">*<\/abbr><\/label>\t <textarea  name=\"avia_4_1\" class=\"text_area is_empty\" cols=\"40\" rows=\"7\" id=\"avia_4_1\" ><\/textarea><\/p><p class=\"hidden\"><input type=\"text\" name=\"avia_5_1\" class=\"hidden \" id=\"avia_5_1\" value=\"\" \/><\/p><p class='' id='element_avia_6_1'>    <span class='value_verifier_label'>4 + 2 = ?<\/span>    <input name=\"avia_6_1_verifier\" type=\"hidden\" id=\"avia_6_1_verifier\" value=\"187467676\"\/><label for=\"avia_6_1\">Pour prouver que vous \u00eates un humain, donnez le r\u00e9sultat de cette simple op\u00e9ration <abbr class=\"required\" title=\"requis\">*<\/abbr><\/label>    <input name=\"avia_6_1\" class=\"text_input captcha\" type=\"text\" id=\"avia_6_1\" value=\"\"\/><\/p><p class=\"form_element \"><input type=\"hidden\" value=\"1\" name=\"avia_generated_form1\" \/><input type=\"submit\" value=\"Envoyer\" class=\"button\"  data-sending-label=\"Envoi\"\/><\/p><\/fieldset><\/form><div id=\"ajaxresponse_1\" class=\"ajaxresponse ajaxresponse_1 hidden\"><\/div><\/div>\n<\/div><\/div>\n<\/div>\n<\/div><\/div><\/div><!-- close content main div --><\/div><\/div><div id='welcome' class='av-layout-grid-container entry-content-wrapper main_color av-fixed-cells    container_wrap sidebar_right'   >\n<div class=\"flex_cell no_margin av_one_fourth   av-zero-padding \" style='height:15px; min-height:15px;vertical-align:top; padding:0px; background-color:#1eb5ab; '><div class='flex_cell_inner' ><\/div><\/div><div class=\"flex_cell no_margin av_one_fourth   av-zero-padding \" style='height:15px; min-height:15px;vertical-align:top; padding:0px; background-color:#42b5ad; '><div class='flex_cell_inner' ><\/div><\/div><div class=\"flex_cell no_margin av_one_fourth   av-zero-padding \" style='height:15px; min-height:15px;vertical-align:top; padding:0px; background-color:#4ecac2; '><div class='flex_cell_inner' ><\/div><\/div><div class=\"flex_cell no_margin av_one_fourth   av-zero-padding \" style='height:15px; min-height:15px;vertical-align:top; padding:0px; background-color:#defffc; '><div class='flex_cell_inner' ><\/div><\/div>\n<\/div>\n<\/div><\/div><\/div><!-- close content main div --><\/div><\/div><div id='av_section_1' class='avia-section alternate_color avia-section-huge avia-no-border-styling avia-full-stretch av-section-color-overlay-active avia-bg-style-fixed   container_wrap sidebar_right' style = 'background-repeat: no-repeat; background-image: url(https:\/\/qibodtherapies.com\/wp-content\/uploads\/2018\/03\/yin-yang-eau-80x80.png); background-attachment: fixed; background-position: center center; ' data-section-bg-repeat='stretch' ><div class='av-section-color-overlay-wrap'><div class='av-section-color-overlay' style='opacity: 0.8; background-color: #000000; '><\/div><div class='container' ><div class='template-page content  av-content-small alpha units'><div class='post-entry post-entry-type-page post-entry-255'><div class='entry-content-wrapper clearfix'>\n<div class=\"flex_column av_one_fifth  flex_column_div av-zero-column-padding first  \" style='border-radius:0px; '><\/div><div class=\"flex_column av_three_fifth  flex_column_div av-zero-column-padding   \" style='border-radius:0px; '><p><div style='padding-bottom:20px;font-size:50px;' class='av-special-heading av-special-heading-h2  blockquote modern-quote modern-centered  av-inherit-size '><h2 class='av-special-heading-tag '  itemprop=\"headline\"  >D\u00e9couvrez les th\u00e9rapies propos\u00e9es<\/h2><div class='special-heading-border'><div class='special-heading-inner-border' ><\/div><\/div><\/div><br \/>\n<section class=\"av_textblock_section \"  itemscope=\"itemscope\" itemtype=\"https:\/\/schema.org\/CreativeWork\" ><div class='avia_textblock  '   itemprop=\"text\" ><p style=\"text-align: center;\"><span style=\"font-family: arial, helvetica, sans-serif;\"><a href=\"http:\/\/qibodtherapies.com\/index.php\/portfolio-item\/hypnose-therapeutique\/\">Hypnose Th\u00e9rapie Br\u00e8ve<\/a> &#8211; <a href=\"http:\/\/qibodtherapies.com\/index.php\/portfolio-item\/magnetisme-et-soins-energetiques\/\">Magn\u00e9tisme et Soins \u00c9nerg\u00e9tiques<\/a> &#8211; <a href=\"http:\/\/qibodtherapies.com\/index.php\/portfolio-item\/massages-aux-bols-tibetains\/\">Massages aux Bols Tib\u00e9tains<\/a><\/span><\/p>\n<\/div><\/section><br \/>\n<div style='height:20px' class='hr hr-invisible  '><span class='hr-inner ' ><span class='hr-inner-style'><\/span><\/span><\/div><br \/>\n<div class='avia-button-wrap avia-button-center '><a href='https:\/\/qibodtherapies.com\/' class='avia-button av-icon-on-hover  avia-icon_select-yes-right-icon avia-color-light avia-size-large avia-position-center '   ><span class='avia_iconbox_title' >Tout ce que je peux vous proposer<\/span><span class='avia_button_icon avia_button_icon_right' aria-hidden='true' data-av_icon='\ue879' data-av_iconfont='entypo-fontello'><\/span><\/a><\/div><\/p><\/div><div class=\"flex_column av_one_fifth  flex_column_div av-zero-column-padding   \" style='border-radius:0px; '><\/div>\n<\/div><\/div><\/div><!-- close content main div --><\/div><\/div><\/div><div id='after_section_1' class='main_color av_default_container_wrap container_wrap sidebar_right'   ><div class='container' ><div class='template-page content  av-content-small alpha units'><div class='post-entry post-entry-type-page post-entry-255'><div class='entry-content-wrapper clearfix'>\n","protected":false},"excerpt":{"rendered":"","protected":false},"author":1,"featured_media":0,"parent":0,"menu_order":0,"comment_status":"closed","ping_status":"closed","template":"","meta":{"_exactmetrics_skip_tracking":false,"_exactmetrics_sitenote_active":false,"_exactmetrics_sitenote_note":"","_exactmetrics_sitenote_category":0,"footnotes":""},"class_list":["post-255","page","type-page","status-publish","hentry"],"yoast_head":"<!-- This site is optimized with the Yoast SEO plugin v27.4 - https:\/\/yoast.com\/product\/yoast-seo-wordpress\/ -->\n<title>Contact - QI BOD THERAPIES<\/title>\n<meta name=\"description\" content=\"situation g\u00e9ographique du cabinet par google map et formulaire de contact pour demander toute information compl\u00e9mentaire sur les th\u00e9rapies propos\u00e9es\" \/>\n<meta name=\"robots\" content=\"index, follow, max-snippet:-1, max-image-preview:large, max-video-preview:-1\" \/>\n<link rel=\"canonical\" href=\"https:\/\/qibodtherapies.com\/index.php\/contact-2\/\" \/>\n<meta property=\"og:locale\" content=\"fr_FR\" \/>\n<meta property=\"og:type\" content=\"article\" \/>\n<meta property=\"og:title\" content=\"Contact - QI BOD THERAPIES\" \/>\n<meta property=\"og:description\" content=\"situation g\u00e9ographique du cabinet par google map et formulaire de contact pour demander toute information compl\u00e9mentaire sur les th\u00e9rapies propos\u00e9es\" \/>\n<meta property=\"og:url\" content=\"https:\/\/qibodtherapies.com\/index.php\/contact-2\/\" \/>\n<meta property=\"og:site_name\" content=\"QI BOD THERAPIES\" \/>\n<meta property=\"article:modified_time\" content=\"2022-01-02T15:19:03+00:00\" \/>\n<meta name=\"twitter:card\" content=\"summary_large_image\" \/>\n<meta name=\"twitter:label1\" content=\"Dur\u00e9e de lecture estim\u00e9e\" \/>\n\t<meta name=\"twitter:data1\" content=\"6 minutes\" \/>\n<script type=\"application\/ld+json\" class=\"yoast-schema-graph\">{\"@context\":\"https:\\\/\\\/schema.org\",\"@graph\":[{\"@type\":\"WebPage\",\"@id\":\"https:\\\/\\\/qibodtherapies.com\\\/index.php\\\/contact-2\\\/\",\"url\":\"https:\\\/\\\/qibodtherapies.com\\\/index.php\\\/contact-2\\\/\",\"name\":\"Contact - QI BOD THERAPIES\",\"isPartOf\":{\"@id\":\"https:\\\/\\\/qibodtherapies.com\\\/#website\"},\"datePublished\":\"2018-03-29T08:30:24+00:00\",\"dateModified\":\"2022-01-02T15:19:03+00:00\",\"description\":\"situation g\u00e9ographique du cabinet par google map et formulaire de contact pour demander toute information compl\u00e9mentaire sur les th\u00e9rapies propos\u00e9es\",\"breadcrumb\":{\"@id\":\"https:\\\/\\\/qibodtherapies.com\\\/index.php\\\/contact-2\\\/#breadcrumb\"},\"inLanguage\":\"fr-FR\",\"potentialAction\":[{\"@type\":\"ReadAction\",\"target\":[\"https:\\\/\\\/qibodtherapies.com\\\/index.php\\\/contact-2\\\/\"]}]},{\"@type\":\"BreadcrumbList\",\"@id\":\"https:\\\/\\\/qibodtherapies.com\\\/index.php\\\/contact-2\\\/#breadcrumb\",\"itemListElement\":[{\"@type\":\"ListItem\",\"position\":1,\"name\":\"Accueil\",\"item\":\"https:\\\/\\\/qibodtherapies.com\\\/index.php\\\/accueil\\\/\"},{\"@type\":\"ListItem\",\"position\":2,\"name\":\"Contact\"}]},{\"@type\":\"WebSite\",\"@id\":\"https:\\\/\\\/qibodtherapies.com\\\/#website\",\"url\":\"https:\\\/\\\/qibodtherapies.com\\\/\",\"name\":\"QI BOD THERAPIES\",\"description\":\"Le plus beau voyage, c&#039;est celui qui permet de vous d\u00e9couvrir\",\"potentialAction\":[{\"@type\":\"SearchAction\",\"target\":{\"@type\":\"EntryPoint\",\"urlTemplate\":\"https:\\\/\\\/qibodtherapies.com\\\/?s={search_term_string}\"},\"query-input\":{\"@type\":\"PropertyValueSpecification\",\"valueRequired\":true,\"valueName\":\"search_term_string\"}}],\"inLanguage\":\"fr-FR\"}]}<\/script>\n<!-- \/ Yoast SEO plugin. -->","yoast_head_json":{"title":"Contact - QI BOD THERAPIES","description":"situation g\u00e9ographique du cabinet par google map et formulaire de contact pour demander toute information compl\u00e9mentaire sur les th\u00e9rapies propos\u00e9es","robots":{"index":"index","follow":"follow","max-snippet":"max-snippet:-1","max-image-preview":"max-image-preview:large","max-video-preview":"max-video-preview:-1"},"canonical":"https:\/\/qibodtherapies.com\/index.php\/contact-2\/","og_locale":"fr_FR","og_type":"article","og_title":"Contact - QI BOD THERAPIES","og_description":"situation g\u00e9ographique du cabinet par google map et formulaire de contact pour demander toute information compl\u00e9mentaire sur les th\u00e9rapies propos\u00e9es","og_url":"https:\/\/qibodtherapies.com\/index.php\/contact-2\/","og_site_name":"QI BOD THERAPIES","article_modified_time":"2022-01-02T15:19:03+00:00","twitter_card":"summary_large_image","twitter_misc":{"Dur\u00e9e de lecture estim\u00e9e":"6 minutes"},"schema":{"@context":"https:\/\/schema.org","@graph":[{"@type":"WebPage","@id":"https:\/\/qibodtherapies.com\/index.php\/contact-2\/","url":"https:\/\/qibodtherapies.com\/index.php\/contact-2\/","name":"Contact - QI BOD THERAPIES","isPartOf":{"@id":"https:\/\/qibodtherapies.com\/#website"},"datePublished":"2018-03-29T08:30:24+00:00","dateModified":"2022-01-02T15:19:03+00:00","description":"situation g\u00e9ographique du cabinet par google map et formulaire de contact pour demander toute information compl\u00e9mentaire sur les th\u00e9rapies propos\u00e9es","breadcrumb":{"@id":"https:\/\/qibodtherapies.com\/index.php\/contact-2\/#breadcrumb"},"inLanguage":"fr-FR","potentialAction":[{"@type":"ReadAction","target":["https:\/\/qibodtherapies.com\/index.php\/contact-2\/"]}]},{"@type":"BreadcrumbList","@id":"https:\/\/qibodtherapies.com\/index.php\/contact-2\/#breadcrumb","itemListElement":[{"@type":"ListItem","position":1,"name":"Accueil","item":"https:\/\/qibodtherapies.com\/index.php\/accueil\/"},{"@type":"ListItem","position":2,"name":"Contact"}]},{"@type":"WebSite","@id":"https:\/\/qibodtherapies.com\/#website","url":"https:\/\/qibodtherapies.com\/","name":"QI BOD THERAPIES","description":"Le plus beau voyage, c&#039;est celui qui permet de vous d\u00e9couvrir","potentialAction":[{"@type":"SearchAction","target":{"@type":"EntryPoint","urlTemplate":"https:\/\/qibodtherapies.com\/?s={search_term_string}"},"query-input":{"@type":"PropertyValueSpecification","valueRequired":true,"valueName":"search_term_string"}}],"inLanguage":"fr-FR"}]}},"_links":{"self":[{"href":"https:\/\/qibodtherapies.com\/index.php\/wp-json\/wp\/v2\/pages\/255","targetHints":{"allow":["GET"]}}],"collection":[{"href":"https:\/\/qibodtherapies.com\/index.php\/wp-json\/wp\/v2\/pages"}],"about":[{"href":"https:\/\/qibodtherapies.com\/index.php\/wp-json\/wp\/v2\/types\/page"}],"author":[{"embeddable":true,"href":"https:\/\/qibodtherapies.com\/index.php\/wp-json\/wp\/v2\/users\/1"}],"replies":[{"embeddable":true,"href":"https:\/\/qibodtherapies.com\/index.php\/wp-json\/wp\/v2\/comments?post=255"}],"version-history":[{"count":20,"href":"https:\/\/qibodtherapies.com\/index.php\/wp-json\/wp\/v2\/pages\/255\/revisions"}],"predecessor-version":[{"id":1904,"href":"https:\/\/qibodtherapies.com\/index.php\/wp-json\/wp\/v2\/pages\/255\/revisions\/1904"}],"wp:attachment":[{"href":"https:\/\/qibodtherapies.com\/index.php\/wp-json\/wp\/v2\/media?parent=255"}],"curies":[{"name":"wp","href":"https:\/\/api.w.org\/{rel}","templated":true}]}}