{"id":2077,"date":"2022-08-09T17:47:00","date_gmt":"2022-08-09T15:47:00","guid":{"rendered":"https:\/\/qibodtherapies.com\/?page_id=2077"},"modified":"2024-04-16T16:47:10","modified_gmt":"2024-04-16T14:47:10","slug":"osteofluidique-losteopathie-energetique","status":"publish","type":"page","link":"https:\/\/qibodtherapies.com\/index.php\/osteofluidique-losteopathie-energetique\/","title":{"rendered":"OSTEOFLUIDIQUE &#8211; l\u2019ost\u00e9opathie \u00e9nerg\u00e9tique"},"content":{"rendered":"<section class=\"av_textblock_section \"  itemscope=\"itemscope\" itemtype=\"https:\/\/schema.org\/CreativeWork\" ><div class='avia_textblock  '   itemprop=\"text\" ><p><img loading=\"lazy\" decoding=\"async\" class=\" wp-image-2080 alignleft\" src=\"https:\/\/qibodtherapies.com\/wp-content\/uploads\/2022\/08\/OSTEO2-225x300.jpg\" alt=\"\" width=\"233\" height=\"311\" srcset=\"https:\/\/qibodtherapies.com\/wp-content\/uploads\/2022\/08\/OSTEO2-225x300.jpg 225w, https:\/\/qibodtherapies.com\/wp-content\/uploads\/2022\/08\/OSTEO2-450x600.jpg 450w, https:\/\/qibodtherapies.com\/wp-content\/uploads\/2022\/08\/OSTEO2-rotated.jpg 480w\" sizes=\"auto, (max-width: 233px) 100vw, 233px\" \/><\/p>\n<h3 style=\"text-align: justify;\"><a href=\"https:\/\/www.formation-osteofluidique.fr\/quest-ce-que-losteofluidique\/\"><strong><span style=\"font-family: arial, helvetica, sans-serif;\">L\u2019ost\u00e9ofluidique <\/span><\/strong><\/a><\/h3>\n<p style=\"text-align: justify;\"><span style=\"font-family: arial, helvetica, sans-serif;\">est une pratique \u00e9nerg\u00e9tique qui ne n\u00e9cessite ni manipulation, ni contact. Elle s&rsquo;appuie sur les bases de la<a href=\"https:\/\/www.medinat.fr\/blog\/50\/les-principes-de-la-methode-poyet\"> m\u00e9thode Poyet<\/a> (Cr\u00e2ne\/Colonne\/Bassin)<\/span><\/p>\n<p style=\"text-align: justify;\"><span style=\"font-family: arial, helvetica, sans-serif;\">Cette m\u00e9thode douce permet un travail en profondeur en prenant en compte l\u2019humain dans sa globalit\u00e9 : (dimension physique, psychique, \u00e9motionnelle). Son champ d\u2019action est tr\u00e8s vaste.<\/span><\/p>\n<p style=\"text-align: justify;\"><span style=\"font-family: arial, helvetica, sans-serif;\">Le but de l\u2019Ost\u00e9ofluidique est de r\u00e9soudre de nombreuses douleurs<\/span><\/p>\n<ul style=\"text-align: justify;\">\n<li><span style=\"font-family: arial, helvetica, sans-serif;\">physiques : (tendinites, sciatiques, Lumbago, arthrose, digestion difficile,\u2026)<\/span><\/li>\n<li><span style=\"font-family: arial, helvetica, sans-serif;\">psychologique (stress, perte de sommeil, \u2026)<\/span><\/li>\n<\/ul>\n<p style=\"text-align: justify;\"><span style=\"font-family: arial, helvetica, sans-serif;\">en remodelant, repositionnant et r\u00e9\u00e9quilibrant, os, muscles, tendons, nerfs, organes, vaisseaux sanguins, \u2026<\/span><\/p>\n<h3 style=\"text-align: justify;\"><span style=\"font-family: arial, helvetica, sans-serif;\">L&rsquo;objectif de l&rsquo;ost\u00e9ofluidique <\/span><\/h3>\n<p style=\"text-align: justify;\"><span style=\"font-family: arial, helvetica, sans-serif;\">est de travailler<strong><span style=\"color: #000000;\">\u00a0en Conscience et en Justesse.<\/span><\/strong><\/span><br \/>\n<span style=\"font-family: arial, helvetica, sans-serif;\"> Aucun protocole n&rsquo;est pr\u00e9-\u00e9tabli, chaque personne et chaque probl\u00e9matique sont\u00a0<strong><span style=\"color: #000000;\">uniques.<\/span><\/strong><\/span><br \/>\n<span style=\"font-family: arial, helvetica, sans-serif;\"> La finalit\u00e9 \u00e9tant d&rsquo;amener la personne sur le\u00a0<strong><span style=\"color: #000000;\">chemin de l&rsquo;Autonomie et de l&rsquo;Auto-gu\u00e9rison.<\/span><\/strong><\/span><\/p>\n<h3 style=\"text-align: justify;\"><span style=\"font-family: arial, helvetica, sans-serif;\">La Pratique de l&rsquo;ost\u00e9ofluidique <\/span><\/h3>\n<p style=\"text-align: justify;\"><span style=\"font-family: arial, helvetica, sans-serif;\">se fait habill\u00e9, sans douleurs, sans effet secondaire et sans restriction d&rsquo;\u00e2ge. Une participation active vous sera demand\u00e9e par des respirations localis\u00e9es pour \u00e9veiller la conscience corporelle.<\/span><\/p>\n<p style=\"text-align: justify;\"><span style=\"font-family: arial, helvetica, sans-serif;\">La s\u00e9ance d\u00e9bute par une remise en circulation de l&rsquo;\u00e9nergie dans tout le corps, elle peut \u00eatre bloqu\u00e9e par des triggers-points ou n\u0153uds de tension qui sont des m\u00e9moires. Leur lib\u00e9ration par l&rsquo;action conjointe de cette pratique, votre respiration localis\u00e9es en conscience et \u00e9ventuellement leur d\u00e9codage, vont permettre \u00e0 l&rsquo;\u00e9nergie de retrouver sa fluidit\u00e9 et ainsi montrer au corps le chemin vers la sant\u00e9 et l&rsquo;autogu\u00e9rison.<\/span><\/p>\n<h5 style=\"text-align: justify;\"><span style=\"font-family: arial, helvetica, sans-serif; font-size: 10pt;\">Informations pratiques :<\/span><\/h5>\n<p style=\"text-align: justify;\"><span style=\"font-family: arial, helvetica, sans-serif; font-size: 10pt;\">Sur RDV uniquement &#8211; s\u00e9ance d\u2019une heure environ &#8211; Co\u00fbt 70\u20ac pour les adultes \/ 50\u20ac pour les enfants de moins de 12 ans &#8211; Nombre de s\u00e9ance* selon les pathologie : de 1 \u00e0 6 s\u00e9ances, espac\u00e9es de 21 jours minimum. contactez moi au 07-67-81-40-20 ou encore cliquez <a href=\"https:\/\/qibodtherapies.com\/index.php\/contact-2\/\">ici<\/a> pour m&rsquo;adresser un mail<br \/>\n<\/span><\/p>\n<p style=\"text-align: justify;\"><span style=\"font-family: arial, helvetica, sans-serif;\">*<span style=\"font-size: 10pt;\"> le nombre de s\u00e9ances est indiqu\u00e9 \u00e0 titre indicatif et d\u00e9pend de chaque personne<\/span><\/span><\/p>\n<p style=\"text-align: justify;\"><span style=\"font-family: arial, helvetica, sans-serif; font-size: 10pt; color: #ff0000;\">Indications : Les m\u00e9thodes utilis\u00e9es sortent du cadre de la pratique de l\u2019ost\u00e9opathie m\u00e9dicale vis\u00e9e par le d\u00e9cret relatif aux actes et aux conditions de l\u2019exercice de l\u2019ost\u00e9opathie (d\u00e9cret N\u00b0 2007-435 du 25 mars 2007)<\/span><\/p>\n<p style=\"text-align: justify;\"><span style=\"font-family: arial, helvetica, sans-serif; font-size: 10pt;\">Recommandation : les s\u00e9ances ne se substituent en aucun cas \u00e0 un avis m\u00e9dical ou \u00e0 un traitement m\u00e9dical n\u00e9cessaire<\/span><\/p>\n<\/div><\/section>\n","protected":false},"excerpt":{"rendered":"","protected":false},"author":1,"featured_media":0,"parent":0,"menu_order":0,"comment_status":"closed","ping_status":"closed","template":"","meta":{"_exactmetrics_skip_tracking":false,"_exactmetrics_sitenote_active":false,"_exactmetrics_sitenote_note":"","_exactmetrics_sitenote_category":0,"footnotes":""},"class_list":["post-2077","page","type-page","status-publish","hentry"],"yoast_head":"<!-- This site is optimized with the Yoast SEO plugin v27.5 - https:\/\/yoast.com\/product\/yoast-seo-wordpress\/ -->\n<title>OSTEOFLUIDIQUE - l\u2019ost\u00e9opathie \u00e9nerg\u00e9tique - QI BOD THERAPIES<\/title>\n<meta name=\"description\" content=\"L&#039;ost\u00e9ofluidique, une technique \u00e9nerg\u00e9tique puissante sans manipulations, avec une participation active par des respirations localis\u00e9es.\" \/>\n<meta name=\"robots\" content=\"index, follow, max-snippet:-1, max-image-preview:large, max-video-preview:-1\" \/>\n<link rel=\"canonical\" href=\"https:\/\/qibodtherapies.com\/index.php\/osteofluidique-losteopathie-energetique\/\" \/>\n<meta property=\"og:locale\" content=\"fr_FR\" \/>\n<meta property=\"og:type\" content=\"article\" \/>\n<meta property=\"og:title\" content=\"OSTEOFLUIDIQUE - l\u2019ost\u00e9opathie \u00e9nerg\u00e9tique - QI BOD THERAPIES\" \/>\n<meta property=\"og:description\" content=\"L&#039;ost\u00e9ofluidique, une technique \u00e9nerg\u00e9tique puissante sans manipulations, avec une participation active par des respirations localis\u00e9es.\" \/>\n<meta property=\"og:url\" content=\"https:\/\/qibodtherapies.com\/index.php\/osteofluidique-losteopathie-energetique\/\" \/>\n<meta property=\"og:site_name\" content=\"QI BOD THERAPIES\" \/>\n<meta property=\"article:modified_time\" content=\"2024-04-16T14:47:10+00:00\" \/>\n<meta property=\"og:image\" content=\"https:\/\/qibodtherapies.com\/wp-content\/uploads\/2022\/08\/OSTEO2-225x300.jpg\" \/>\n<meta name=\"twitter:card\" content=\"summary_large_image\" \/>\n<meta name=\"twitter:label1\" content=\"Dur\u00e9e de lecture estim\u00e9e\" \/>\n\t<meta name=\"twitter:data1\" content=\"2 minutes\" \/>\n<script type=\"application\/ld+json\" class=\"yoast-schema-graph\">{\"@context\":\"https:\\\/\\\/schema.org\",\"@graph\":[{\"@type\":\"WebPage\",\"@id\":\"https:\\\/\\\/qibodtherapies.com\\\/index.php\\\/osteofluidique-losteopathie-energetique\\\/\",\"url\":\"https:\\\/\\\/qibodtherapies.com\\\/index.php\\\/osteofluidique-losteopathie-energetique\\\/\",\"name\":\"OSTEOFLUIDIQUE - l\u2019ost\u00e9opathie \u00e9nerg\u00e9tique - QI BOD THERAPIES\",\"isPartOf\":{\"@id\":\"https:\\\/\\\/qibodtherapies.com\\\/#website\"},\"primaryImageOfPage\":{\"@id\":\"https:\\\/\\\/qibodtherapies.com\\\/index.php\\\/osteofluidique-losteopathie-energetique\\\/#primaryimage\"},\"image\":{\"@id\":\"https:\\\/\\\/qibodtherapies.com\\\/index.php\\\/osteofluidique-losteopathie-energetique\\\/#primaryimage\"},\"thumbnailUrl\":\"https:\\\/\\\/qibodtherapies.com\\\/wp-content\\\/uploads\\\/2022\\\/08\\\/OSTEO2-225x300.jpg\",\"datePublished\":\"2022-08-09T15:47:00+00:00\",\"dateModified\":\"2024-04-16T14:47:10+00:00\",\"description\":\"L'ost\u00e9ofluidique, une technique \u00e9nerg\u00e9tique puissante sans manipulations, avec une participation active par des respirations localis\u00e9es.\",\"breadcrumb\":{\"@id\":\"https:\\\/\\\/qibodtherapies.com\\\/index.php\\\/osteofluidique-losteopathie-energetique\\\/#breadcrumb\"},\"inLanguage\":\"fr-FR\",\"potentialAction\":[{\"@type\":\"ReadAction\",\"target\":[\"https:\\\/\\\/qibodtherapies.com\\\/index.php\\\/osteofluidique-losteopathie-energetique\\\/\"]}]},{\"@type\":\"ImageObject\",\"inLanguage\":\"fr-FR\",\"@id\":\"https:\\\/\\\/qibodtherapies.com\\\/index.php\\\/osteofluidique-losteopathie-energetique\\\/#primaryimage\",\"url\":\"https:\\\/\\\/qibodtherapies.com\\\/wp-content\\\/uploads\\\/2022\\\/08\\\/OSTEO2-rotated.jpg\",\"contentUrl\":\"https:\\\/\\\/qibodtherapies.com\\\/wp-content\\\/uploads\\\/2022\\\/08\\\/OSTEO2-rotated.jpg\",\"width\":480,\"height\":640},{\"@type\":\"BreadcrumbList\",\"@id\":\"https:\\\/\\\/qibodtherapies.com\\\/index.php\\\/osteofluidique-losteopathie-energetique\\\/#breadcrumb\",\"itemListElement\":[{\"@type\":\"ListItem\",\"position\":1,\"name\":\"Accueil\",\"item\":\"https:\\\/\\\/qibodtherapies.com\\\/index.php\\\/accueil\\\/\"},{\"@type\":\"ListItem\",\"position\":2,\"name\":\"OSTEOFLUIDIQUE &#8211; l\u2019ost\u00e9opathie \u00e9nerg\u00e9tique\"}]},{\"@type\":\"WebSite\",\"@id\":\"https:\\\/\\\/qibodtherapies.com\\\/#website\",\"url\":\"https:\\\/\\\/qibodtherapies.com\\\/\",\"name\":\"QI BOD THERAPIES\",\"description\":\"Le plus beau voyage, c&#039;est celui qui permet de vous d\u00e9couvrir\",\"potentialAction\":[{\"@type\":\"SearchAction\",\"target\":{\"@type\":\"EntryPoint\",\"urlTemplate\":\"https:\\\/\\\/qibodtherapies.com\\\/?s={search_term_string}\"},\"query-input\":{\"@type\":\"PropertyValueSpecification\",\"valueRequired\":true,\"valueName\":\"search_term_string\"}}],\"inLanguage\":\"fr-FR\"}]}<\/script>\n<!-- \/ Yoast SEO plugin. -->","yoast_head_json":{"title":"OSTEOFLUIDIQUE - l\u2019ost\u00e9opathie \u00e9nerg\u00e9tique - QI BOD THERAPIES","description":"L'ost\u00e9ofluidique, une technique \u00e9nerg\u00e9tique puissante sans manipulations, avec une participation active par des respirations localis\u00e9es.","robots":{"index":"index","follow":"follow","max-snippet":"max-snippet:-1","max-image-preview":"max-image-preview:large","max-video-preview":"max-video-preview:-1"},"canonical":"https:\/\/qibodtherapies.com\/index.php\/osteofluidique-losteopathie-energetique\/","og_locale":"fr_FR","og_type":"article","og_title":"OSTEOFLUIDIQUE - l\u2019ost\u00e9opathie \u00e9nerg\u00e9tique - QI BOD THERAPIES","og_description":"L'ost\u00e9ofluidique, une technique \u00e9nerg\u00e9tique puissante sans manipulations, avec une participation active par des respirations localis\u00e9es.","og_url":"https:\/\/qibodtherapies.com\/index.php\/osteofluidique-losteopathie-energetique\/","og_site_name":"QI BOD THERAPIES","article_modified_time":"2024-04-16T14:47:10+00:00","og_image":[{"url":"https:\/\/qibodtherapies.com\/wp-content\/uploads\/2022\/08\/OSTEO2-225x300.jpg","type":"","width":"","height":""}],"twitter_card":"summary_large_image","twitter_misc":{"Dur\u00e9e de lecture estim\u00e9e":"2 minutes"},"schema":{"@context":"https:\/\/schema.org","@graph":[{"@type":"WebPage","@id":"https:\/\/qibodtherapies.com\/index.php\/osteofluidique-losteopathie-energetique\/","url":"https:\/\/qibodtherapies.com\/index.php\/osteofluidique-losteopathie-energetique\/","name":"OSTEOFLUIDIQUE - l\u2019ost\u00e9opathie \u00e9nerg\u00e9tique - QI BOD THERAPIES","isPartOf":{"@id":"https:\/\/qibodtherapies.com\/#website"},"primaryImageOfPage":{"@id":"https:\/\/qibodtherapies.com\/index.php\/osteofluidique-losteopathie-energetique\/#primaryimage"},"image":{"@id":"https:\/\/qibodtherapies.com\/index.php\/osteofluidique-losteopathie-energetique\/#primaryimage"},"thumbnailUrl":"https:\/\/qibodtherapies.com\/wp-content\/uploads\/2022\/08\/OSTEO2-225x300.jpg","datePublished":"2022-08-09T15:47:00+00:00","dateModified":"2024-04-16T14:47:10+00:00","description":"L'ost\u00e9ofluidique, une technique \u00e9nerg\u00e9tique puissante sans manipulations, avec une participation active par des respirations localis\u00e9es.","breadcrumb":{"@id":"https:\/\/qibodtherapies.com\/index.php\/osteofluidique-losteopathie-energetique\/#breadcrumb"},"inLanguage":"fr-FR","potentialAction":[{"@type":"ReadAction","target":["https:\/\/qibodtherapies.com\/index.php\/osteofluidique-losteopathie-energetique\/"]}]},{"@type":"ImageObject","inLanguage":"fr-FR","@id":"https:\/\/qibodtherapies.com\/index.php\/osteofluidique-losteopathie-energetique\/#primaryimage","url":"https:\/\/qibodtherapies.com\/wp-content\/uploads\/2022\/08\/OSTEO2-rotated.jpg","contentUrl":"https:\/\/qibodtherapies.com\/wp-content\/uploads\/2022\/08\/OSTEO2-rotated.jpg","width":480,"height":640},{"@type":"BreadcrumbList","@id":"https:\/\/qibodtherapies.com\/index.php\/osteofluidique-losteopathie-energetique\/#breadcrumb","itemListElement":[{"@type":"ListItem","position":1,"name":"Accueil","item":"https:\/\/qibodtherapies.com\/index.php\/accueil\/"},{"@type":"ListItem","position":2,"name":"OSTEOFLUIDIQUE &#8211; l\u2019ost\u00e9opathie \u00e9nerg\u00e9tique"}]},{"@type":"WebSite","@id":"https:\/\/qibodtherapies.com\/#website","url":"https:\/\/qibodtherapies.com\/","name":"QI BOD THERAPIES","description":"Le plus beau voyage, c&#039;est celui qui permet de vous d\u00e9couvrir","potentialAction":[{"@type":"SearchAction","target":{"@type":"EntryPoint","urlTemplate":"https:\/\/qibodtherapies.com\/?s={search_term_string}"},"query-input":{"@type":"PropertyValueSpecification","valueRequired":true,"valueName":"search_term_string"}}],"inLanguage":"fr-FR"}]}},"_links":{"self":[{"href":"https:\/\/qibodtherapies.com\/index.php\/wp-json\/wp\/v2\/pages\/2077","targetHints":{"allow":["GET"]}}],"collection":[{"href":"https:\/\/qibodtherapies.com\/index.php\/wp-json\/wp\/v2\/pages"}],"about":[{"href":"https:\/\/qibodtherapies.com\/index.php\/wp-json\/wp\/v2\/types\/page"}],"author":[{"embeddable":true,"href":"https:\/\/qibodtherapies.com\/index.php\/wp-json\/wp\/v2\/users\/1"}],"replies":[{"embeddable":true,"href":"https:\/\/qibodtherapies.com\/index.php\/wp-json\/wp\/v2\/comments?post=2077"}],"version-history":[{"count":11,"href":"https:\/\/qibodtherapies.com\/index.php\/wp-json\/wp\/v2\/pages\/2077\/revisions"}],"predecessor-version":[{"id":2452,"href":"https:\/\/qibodtherapies.com\/index.php\/wp-json\/wp\/v2\/pages\/2077\/revisions\/2452"}],"wp:attachment":[{"href":"https:\/\/qibodtherapies.com\/index.php\/wp-json\/wp\/v2\/media?parent=2077"}],"curies":[{"name":"wp","href":"https:\/\/api.w.org\/{rel}","templated":true}]}}