{"id":1444,"date":"2021-04-29T11:25:17","date_gmt":"2021-04-29T09:25:17","guid":{"rendered":"https:\/\/qibodtherapies.com\/?page_id=1444"},"modified":"2022-11-17T10:22:57","modified_gmt":"2022-11-17T09:22:57","slug":"formation-reiki","status":"publish","type":"page","link":"https:\/\/qibodtherapies.com\/index.php\/formation-reiki\/","title":{"rendered":"Formation REIKI"},"content":{"rendered":"<section class=\"av_textblock_section \"  itemscope=\"itemscope\" itemtype=\"https:\/\/schema.org\/CreativeWork\" ><div class='avia_textblock  '   itemprop=\"text\" ><h2>SE FORMER AU REIKI Pourquoi? Pour qui?<\/h2>\n<p><img loading=\"lazy\" decoding=\"async\" class=\"wp-image-1278 aligncenter\" src=\"..\/wp-content\/uploads\/2020\/10\/Reiki-Usui-300x272.jpg\" alt=\"reiki usui\" width=\"92\" height=\"83\" srcset=\"https:\/\/qibodtherapies.com\/wp-content\/uploads\/2020\/10\/Reiki-Usui-300x272.jpg 300w, https:\/\/qibodtherapies.com\/wp-content\/uploads\/2020\/10\/Reiki-Usui-1030x934.jpg 1030w, https:\/\/qibodtherapies.com\/wp-content\/uploads\/2020\/10\/Reiki-Usui-768x696.jpg 768w, https:\/\/qibodtherapies.com\/wp-content\/uploads\/2020\/10\/Reiki-Usui-705x639.jpg 705w, https:\/\/qibodtherapies.com\/wp-content\/uploads\/2020\/10\/Reiki-Usui-450x408.jpg 450w, https:\/\/qibodtherapies.com\/wp-content\/uploads\/2020\/10\/Reiki-Usui.jpg 1342w\" sizes=\"auto, (max-width: 92px) 100vw, 92px\" \/><\/p>\n<p style=\"text-align: justify;\"><span style=\"font-family: arial, helvetica, sans-serif; font-size: 14pt;\">Vous avez d\u00e9j\u00e0 entendu parler du Reiki et vous connaissez certainement des personnes qui se sont form\u00e9es.<\/span><\/p>\n<p style=\"text-align: justify;\"><span style=\"font-family: arial, helvetica, sans-serif; font-size: 14pt;\">Je ne vous ferai pas un historique complet du REIKI puisque vous pouvez le trouver tr\u00e8s facilement sur des pages comme<a href=\"https:\/\/fr.wikipedia.org\/wiki\/Reiki\"> celle-ci<\/a><\/span><\/p>\n<p style=\"text-align: justify;\"><strong><span style=\"font-family: arial, helvetica, sans-serif; font-size: 14pt;\">Quelques rappels sur le Reiki : <\/span><\/strong><\/p>\n<p style=\"text-align: justify;\"><span style=\"font-family: arial, helvetica, sans-serif; font-size: 14pt;\">Le mot REIKI provient du japonais et du mot \u00ab\u00a0RAKU KEI\u00a0\u00bb : la science de l&rsquo;art de d\u00e9velopper le soi spirituel. Une autre traduction dit : <strong>La force de l&rsquo;esprit<\/strong> <\/span><\/p>\n<p style=\"text-align: justify;\"><span style=\"font-family: arial, helvetica, sans-serif; font-size: 14pt;\">Le Reiki n\u2019est pas r\u00e9serv\u00e9 \u00e0 une \u00e9lite. Le Reiki n\u2019est pas r\u00e9serv\u00e9 \u00e0 des \u00e9lus ou des personnes qui auraient d\u00e9velopp\u00e9 un don.<\/span><\/p>\n<p style=\"text-align: justify;\"><span style=\"font-family: arial, helvetica, sans-serif; font-size: 14pt;\">Il s\u2019adresse \u00e0 tous ceux qui ont envie d\u2019acqu\u00e9rir cette connaissance d\u2019eux-m\u00eames. Tous ceux qui veulent comprendre le fonctionnement de leur mal-\u00eatre et surtout, acc\u00e9der \u00e0 leur mieux-\u00eatre afin de le p\u00e9renniser et le vivre durablement.<\/span><\/p>\n<p style=\"text-align: justify;\"><span style=\"font-family: arial, helvetica, sans-serif; font-size: 14pt;\">Le Reiki est une pratique bas\u00e9e sur un toucher l\u00e9ger provoquant une relaxation m\u00e9ditative naturelle chez l\u2019\u00eatre humain (utilisation des pratiques manuelles d\u00e9crites par Mikao USUI) et sur un travail m\u00e9ditatif, afin de d\u00e9velopper ses ressources naturelles d\u2019\u00e9quilibre et de force int\u00e9rieurs pour arr\u00eater de souffrir.<\/span><\/p>\n<p><img loading=\"lazy\" decoding=\"async\" class=\"wp-image-1468 aligncenter\" src=\"..\/wp-content\/uploads\/2021\/04\/Mikao-usui-300x215.jpg\" alt=\"\" width=\"140\" height=\"101\" srcset=\"https:\/\/qibodtherapies.com\/wp-content\/uploads\/2021\/04\/Mikao-usui-300x215.jpg 300w, https:\/\/qibodtherapies.com\/wp-content\/uploads\/2021\/04\/Mikao-usui-260x185.jpg 260w, https:\/\/qibodtherapies.com\/wp-content\/uploads\/2021\/04\/Mikao-usui.jpg 367w\" sizes=\"auto, (max-width: 140px) 100vw, 140px\" \/><\/p>\n<p style=\"text-align: justify;\"><span style=\"font-family: arial, helvetica, sans-serif; font-size: 14pt;\">Par cette pratique, chacun r\u00e9veille ses potentiels naturels et acc\u00e8de \u00e0 son \u00e9panouissement personnel.<\/span><\/p>\n<p style=\"text-align: justify;\"><span style=\"font-family: arial, helvetica, sans-serif; font-size: 14pt;\">Le Reiki n\u2019\u00e9tant pas une pratique magique, il ne suffit pas de poser les mains pour que \u00ab le travail se fasse \u00bb. Les personnes \u00e0 qui l\u2019on effectue des s\u00e9ances de Reiki, acc\u00e8de \u00e0 un changement dans leur perception de la vie et \/ ou d\u2019elles-m\u00eames, et elles ont besoin d\u2019\u00eatre accompagn\u00e9es par un professionnel qui saura les aider \u00e0 trouver leur solution face \u00e0 leur demande de mieux-\u00eatre.<\/span><\/p>\n<p style=\"text-align: justify;\"><span style=\"font-family: arial, helvetica, sans-serif; font-size: 14pt;\">\u00a0<\/span><span style=\"font-family: arial, helvetica, sans-serif; font-size: 14pt;\">Le but de cette page est de vous guider progressivement vers la pratique, et pour pratiquer il faut se former, sachant qu&rsquo;il existe 3 niveaux. <\/span><\/p>\n<p style=\"text-align: justify;\"><span style=\"font-family: arial black, sans-serif;\">Si vous \u00eates int\u00e9ress\u00e9 ou si vous souhaitez avoir plus d&rsquo;informations, contacter moi en remplissant le bulletin en <a href=\"..\/index.php\/contact-2\/\">cliquant ici<\/a> et en indiquant le niveau choisi. <\/span><\/p>\n<\/div><\/section>\n<section class=\"av_textblock_section \"  itemscope=\"itemscope\" itemtype=\"https:\/\/schema.org\/CreativeWork\" ><div class='avia_textblock  '   itemprop=\"text\" ><\/div><\/section>\n<section class=\"av_textblock_section \"  itemscope=\"itemscope\" itemtype=\"https:\/\/schema.org\/CreativeWork\" ><div class='avia_textblock  '   itemprop=\"text\" ><h2 style=\"text-align: center;\"><span style=\"font-family: arial, helvetica, sans-serif;\">FORMATION REIKI NIVEAU 1 <\/span><\/h2>\n<p><img loading=\"lazy\" decoding=\"async\" class=\"alignnone size-medium wp-image-1477\" style=\"display: block; margin-left: auto; margin-right: auto;\" src=\"..\/wp-content\/uploads\/2021\/04\/niveau-1-1-300x154.jpg\" alt=\"\" width=\"173\" height=\"89\" srcset=\"https:\/\/qibodtherapies.com\/wp-content\/uploads\/2021\/04\/niveau-1-1-300x154.jpg 300w, https:\/\/qibodtherapies.com\/wp-content\/uploads\/2021\/04\/niveau-1-1.jpg 395w\" sizes=\"auto, (max-width: 173px) 100vw, 173px\" \/><\/p>\n<p style=\"text-align: justify;\"><span style=\"font-family: arial, helvetica, sans-serif; font-size: 14pt;\">Ce premier niveau, appel\u00e9 aussi niveau Apprenti ou niveau Shoden,\u00a0 permet de rencontrer le REIKI. <\/span><\/p>\n<p style=\"text-align: justify;\"><span style=\"font-family: arial, helvetica, sans-serif; font-size: 14pt;\">L&rsquo;\u00e9tudiant d\u00e9couvre l\u2019histoire du Reiki, les bienfaits du Reiki. Il d\u00e9couvre les diff\u00e9rentes positions des mains et commence son apprentissage par un travail sur lui m\u00eame. <\/span><\/p>\n<p style=\"text-align: justify;\"><span style=\"font-family: arial, helvetica, sans-serif; font-size: 14pt;\">Cet apprentissage se fait sur une journ\u00e9e de formation OU encore sur 2 demi-journ\u00e9es, puis l&rsquo;\u00e9tudiant devra pratiquer durant 21 jours l&rsquo;auto traitement.<\/span><\/p>\n<p style=\"text-align: justify;\"><span style=\"font-family: arial, helvetica, sans-serif; font-size: 14pt;\">A l&rsquo;issue de ces 21 jours, le ma\u00eetre et l&rsquo;\u00e9tudiant se retrouvent pour \u00e9changer sur la pratique. Le Ma\u00eetre r\u00e9pondra aux questions, et validera ce 1er niveau <\/span><\/p>\n<p><strong><span style=\"color: #000000;\"><em><span style=\"font-family: arial, helvetica, sans-serif; font-size: 14pt;\">Certains en resteront ici et d&rsquo;autres voudront aller plus loin&#8230;..<\/span><\/em><\/span><\/strong><\/p>\n<p style=\"text-align: justify;\"><strong><span style=\"font-family: arial, helvetica, sans-serif; font-size: 14pt;\">Le co\u00fbt de cette formation est de 250\u20ac<\/span><\/strong><\/p>\n<p style=\"text-align: center;\"><span style=\"font-family: arial black, sans-serif;\">Pour les prochaines dates, me contacter<br \/>\n<\/span><\/p>\n<\/div><\/section>\n<section class=\"av_textblock_section \"  itemscope=\"itemscope\" itemtype=\"https:\/\/schema.org\/CreativeWork\" ><div class='avia_textblock  '   itemprop=\"text\" ><h2 style=\"text-align: center;\"><span style=\"font-family: arial, helvetica, sans-serif;\">FORMATION REIKI NIVEAU 2<\/span><\/h2>\n<p><img loading=\"lazy\" decoding=\"async\" class=\"wp-image-1471 aligncenter\" src=\"..\/wp-content\/uploads\/2021\/04\/niveau-2-300x225.jpg\" alt=\"\" width=\"147\" height=\"110\" srcset=\"https:\/\/qibodtherapies.com\/wp-content\/uploads\/2021\/04\/niveau-2-300x225.jpg 300w, https:\/\/qibodtherapies.com\/wp-content\/uploads\/2021\/04\/niveau-2-450x338.jpg 450w, https:\/\/qibodtherapies.com\/wp-content\/uploads\/2021\/04\/niveau-2.jpg 526w\" sizes=\"auto, (max-width: 147px) 100vw, 147px\" \/><\/p>\n<p style=\"text-align: justify;\"><span style=\"font-family: arial, helvetica, sans-serif; font-size: 14pt;\">Ce deuxi\u00e8me niveau, appel\u00e9 aussi niveau Praticien ou niveau Okuden,\u00a0 permet \u00e0 l&rsquo;\u00e9tudiant de devenir praticien et d&rsquo;ouvrir sa pratique au public. <\/span><\/p>\n<p class=\"font_8\" style=\"text-align: justify;\"><span style=\"font-family: arial, helvetica, sans-serif; font-size: 14pt;\">Ce niveau apporte de nouveaux outils, les symboles. Il travaille au niveau des corps \u00e9motionnel et mental, \u00e0 travers l&rsquo;espace et le temps.<\/span><\/p>\n<p class=\"font_8\" style=\"text-align: justify;\"><span style=\"font-family: arial, helvetica, sans-serif; font-size: 14pt;\">Il permet d&rsquo;envoyer de l&rsquo;\u00e9nergie \u00e0 distance de fa\u00e7on instantan\u00e9e et continue. Des exercices sont r\u00e9alis\u00e9s durant le stage pour se rendre compte de ce ph\u00e9nom\u00e8ne bien r\u00e9el.<\/span><\/p>\n<p style=\"text-align: justify;\"><span style=\"font-family: arial, helvetica, sans-serif; font-size: 14pt;\">C&rsquo;est un tr\u00e8s beau niveau qui peut faire bouger des choses dans votre vie<\/span>.<\/p>\n<p style=\"text-align: justify;\"><span style=\"font-family: arial, helvetica, sans-serif; font-size: 14pt;\">Cet apprentissage se fait sur 2 journ\u00e9es de formation, puis l&rsquo;\u00e9tudiant devra pratiquer r\u00e9guli\u00e8rement et reviendra vers son ma\u00eetre <\/span><span style=\"font-family: arial, helvetica, sans-serif; font-size: 14pt;\">pour \u00e9changer sur la pratique. Le Ma\u00eetre r\u00e9pondra aux questions et validera ce 2\u00e8me niveau <\/span><\/p>\n<p><strong><span style=\"color: #000000; font-family: arial, helvetica, sans-serif; font-size: 14pt;\"><em>Ce niveau sera le d\u00e9but d&rsquo;une belle aventure pour vous, faite de rencontres et d&rsquo;\u00e9changes qui vous feront grandir dans la pratique&#8230;..<\/em><\/span><\/strong><\/p>\n<p style=\"text-align: justify;\"><strong><span style=\"font-family: arial, helvetica, sans-serif; font-size: 14pt;\">Le co\u00fbt de cette formation est de 350\u20ac<\/span><\/strong><\/p>\n<p style=\"text-align: center;\"><span style=\"font-family: arial black, sans-serif; font-size: 12pt;\">pour les prochaines date, me contacter <\/span><\/p>\n<\/div><\/section>\n<section class=\"av_textblock_section \"  itemscope=\"itemscope\" itemtype=\"https:\/\/schema.org\/CreativeWork\" ><div class='avia_textblock  '   itemprop=\"text\" ><h2 style=\"text-align: center;\"><span style=\"font-family: arial, helvetica, sans-serif;\">FORMATION REIKI NIVEAU 3<\/span><\/h2>\n<p><img loading=\"lazy\" decoding=\"async\" class=\"wp-image-1472 aligncenter\" src=\"https:\/\/qibodtherapies.com\/wp-content\/uploads\/2021\/04\/niveau-3-219x300.jpg\" alt=\"\" width=\"95\" height=\"130\" srcset=\"https:\/\/qibodtherapies.com\/wp-content\/uploads\/2021\/04\/niveau-3-219x300.jpg 219w, https:\/\/qibodtherapies.com\/wp-content\/uploads\/2021\/04\/niveau-3-450x618.jpg 450w, https:\/\/qibodtherapies.com\/wp-content\/uploads\/2021\/04\/niveau-3.jpg 472w\" sizes=\"auto, (max-width: 95px) 100vw, 95px\" \/><\/p>\n<p style=\"text-align: justify;\"><span style=\"font-family: arial, helvetica, sans-serif; font-size: 14pt;\">Ce troisi\u00e8me niveau, appel\u00e9\u00a0 niveau Maitre Praticien\u00a0 ou encore Shinpiden,\u00a0 permet \u00e0 l&rsquo;\u00e9tudiant devenu praticien d&rsquo;approfondir\u00a0 la d\u00e9marche de d\u00e9veloppement personnel en \u00e9largissant son niveau de conscience et en s&rsquo;ouvrant \u00e0 l&rsquo;approche spirituelle.<\/span> <span style=\"font-family: arial, helvetica, sans-serif; font-size: 14pt;\">Vous recevez le symbole Ma\u00eetre qui renforce l&rsquo;effet des 3 autres.<\/span><\/p>\n<p class=\"font_8\" style=\"text-align: justify;\"><span style=\"font-family: arial, helvetica, sans-serif; font-size: 14pt;\">Ce degr\u00e9 nous am\u00e8ne vers plus de ma\u00eetrise et plus de connaissance de soi.<\/span><span style=\"font-family: arial, helvetica, sans-serif; font-size: 14pt;\"> Il est beaucoup plus personnel. Il se r\u00e9alise lorsqu&rsquo;un \u00e9lan particulier nous y pousse apr\u00e8s un certain temps de pratique<\/span><\/p>\n<p class=\"font_8\" style=\"text-align: justify;\"><span style=\"font-family: arial, helvetica, sans-serif; font-size: 14pt;\">Les outils sont moins nombreux qu&rsquo;au 2\u00e8me degr\u00e9 et vous allez acqu\u00e9rir une plus grande intuition dans votre pratique. <\/span><\/p>\n<p style=\"text-align: justify;\"><span style=\"font-family: arial, helvetica, sans-serif; font-size: 14pt;\">Cet apprentissage se fait sur 2 journ\u00e9es de formation, puis l&rsquo;\u00e9tudiant devra pratiquer r\u00e9guli\u00e8rement et reviendra vers son ma\u00eetre <\/span><span style=\"font-family: arial, helvetica, sans-serif; font-size: 14pt;\">pour \u00e9changer sur la pratique et le Ma\u00eetre validera ce niveau <\/span><\/p>\n<p><strong><span style=\"font-family: arial, helvetica, sans-serif; font-size: 14pt;\"><em>Lorsque vous arrivez \u00e0 ce niveau, c&rsquo;est un choix que vous avez murement r\u00e9fl\u00e9chi.\u00a0 Votre pratique, votre intuition, votre qu\u00eate spirituelle vous auront conduit tout naturellement ici.<\/em><\/span><\/strong><\/p>\n<p style=\"text-align: justify;\"><strong><span style=\"font-family: arial, helvetica, sans-serif; font-size: 14pt;\">Le co\u00fbt de cette formation est de 450\u20ac<\/span><\/strong><\/p>\n<p style=\"text-align: center;\"><span style=\"font-family: arial black, sans-serif; font-size: 12pt;\">pour les prochaines date, me contacter <\/span><\/p>\n<\/div><\/section>\n","protected":false},"excerpt":{"rendered":"","protected":false},"author":1,"featured_media":0,"parent":0,"menu_order":0,"comment_status":"closed","ping_status":"closed","template":"","meta":{"_exactmetrics_skip_tracking":false,"_exactmetrics_sitenote_active":false,"_exactmetrics_sitenote_note":"","_exactmetrics_sitenote_category":0,"footnotes":""},"class_list":["post-1444","page","type-page","status-publish","hentry"],"yoast_head":"<!-- This site is optimized with the Yoast SEO plugin v27.6 - https:\/\/yoast.com\/product\/yoast-seo-wordpress\/ -->\n<title>Formation REIKI - QI BOD THERAPIES<\/title>\n<meta name=\"description\" content=\"Se former au REIKI, pourquoi et pour qui? les 3 niveaux vous guident dans un chemin qui vous ouvre les portes du bien \u00eatre.\" \/>\n<meta name=\"robots\" content=\"index, follow, max-snippet:-1, max-image-preview:large, max-video-preview:-1\" \/>\n<link rel=\"canonical\" href=\"https:\/\/qibodtherapies.com\/index.php\/formation-reiki\/\" \/>\n<meta property=\"og:locale\" content=\"fr_FR\" \/>\n<meta property=\"og:type\" content=\"article\" \/>\n<meta property=\"og:title\" content=\"Formation REIKI - QI BOD THERAPIES\" \/>\n<meta property=\"og:description\" content=\"Se former au REIKI, pourquoi et pour qui? les 3 niveaux vous guident dans un chemin qui vous ouvre les portes du bien \u00eatre.\" \/>\n<meta property=\"og:url\" content=\"https:\/\/qibodtherapies.com\/index.php\/formation-reiki\/\" \/>\n<meta property=\"og:site_name\" content=\"QI BOD THERAPIES\" \/>\n<meta property=\"article:modified_time\" content=\"2022-11-17T09:22:57+00:00\" \/>\n<meta property=\"og:image\" content=\"https:\/\/qibodtherapies.com\/wp-content\/uploads\/2021\/04\/niveau-3-219x300.jpg\" \/>\n<meta name=\"twitter:card\" content=\"summary_large_image\" \/>\n<meta name=\"twitter:label1\" content=\"Dur\u00e9e de lecture estim\u00e9e\" \/>\n\t<meta name=\"twitter:data1\" content=\"6 minutes\" \/>\n<script type=\"application\/ld+json\" class=\"yoast-schema-graph\">{\"@context\":\"https:\\\/\\\/schema.org\",\"@graph\":[{\"@type\":\"WebPage\",\"@id\":\"https:\\\/\\\/qibodtherapies.com\\\/index.php\\\/formation-reiki\\\/\",\"url\":\"https:\\\/\\\/qibodtherapies.com\\\/index.php\\\/formation-reiki\\\/\",\"name\":\"Formation REIKI - QI BOD THERAPIES\",\"isPartOf\":{\"@id\":\"https:\\\/\\\/qibodtherapies.com\\\/#website\"},\"primaryImageOfPage\":{\"@id\":\"https:\\\/\\\/qibodtherapies.com\\\/index.php\\\/formation-reiki\\\/#primaryimage\"},\"image\":{\"@id\":\"https:\\\/\\\/qibodtherapies.com\\\/index.php\\\/formation-reiki\\\/#primaryimage\"},\"thumbnailUrl\":\"https:\\\/\\\/qibodtherapies.com\\\/wp-content\\\/uploads\\\/2021\\\/04\\\/niveau-3-219x300.jpg\",\"datePublished\":\"2021-04-29T09:25:17+00:00\",\"dateModified\":\"2022-11-17T09:22:57+00:00\",\"description\":\"Se former au REIKI, pourquoi et pour qui? les 3 niveaux vous guident dans un chemin qui vous ouvre les portes du bien \u00eatre.\",\"breadcrumb\":{\"@id\":\"https:\\\/\\\/qibodtherapies.com\\\/index.php\\\/formation-reiki\\\/#breadcrumb\"},\"inLanguage\":\"fr-FR\",\"potentialAction\":[{\"@type\":\"ReadAction\",\"target\":[\"https:\\\/\\\/qibodtherapies.com\\\/index.php\\\/formation-reiki\\\/\"]}]},{\"@type\":\"ImageObject\",\"inLanguage\":\"fr-FR\",\"@id\":\"https:\\\/\\\/qibodtherapies.com\\\/index.php\\\/formation-reiki\\\/#primaryimage\",\"url\":\"https:\\\/\\\/qibodtherapies.com\\\/wp-content\\\/uploads\\\/2021\\\/04\\\/niveau-3.jpg\",\"contentUrl\":\"https:\\\/\\\/qibodtherapies.com\\\/wp-content\\\/uploads\\\/2021\\\/04\\\/niveau-3.jpg\",\"width\":472,\"height\":648},{\"@type\":\"BreadcrumbList\",\"@id\":\"https:\\\/\\\/qibodtherapies.com\\\/index.php\\\/formation-reiki\\\/#breadcrumb\",\"itemListElement\":[{\"@type\":\"ListItem\",\"position\":1,\"name\":\"Accueil\",\"item\":\"https:\\\/\\\/qibodtherapies.com\\\/index.php\\\/accueil\\\/\"},{\"@type\":\"ListItem\",\"position\":2,\"name\":\"Formation REIKI\"}]},{\"@type\":\"WebSite\",\"@id\":\"https:\\\/\\\/qibodtherapies.com\\\/#website\",\"url\":\"https:\\\/\\\/qibodtherapies.com\\\/\",\"name\":\"QI BOD THERAPIES\",\"description\":\"Le plus beau voyage, c&#039;est celui qui permet de vous d\u00e9couvrir\",\"potentialAction\":[{\"@type\":\"SearchAction\",\"target\":{\"@type\":\"EntryPoint\",\"urlTemplate\":\"https:\\\/\\\/qibodtherapies.com\\\/?s={search_term_string}\"},\"query-input\":{\"@type\":\"PropertyValueSpecification\",\"valueRequired\":true,\"valueName\":\"search_term_string\"}}],\"inLanguage\":\"fr-FR\"}]}<\/script>\n<!-- \/ Yoast SEO plugin. -->","yoast_head_json":{"title":"Formation REIKI - QI BOD THERAPIES","description":"Se former au REIKI, pourquoi et pour qui? les 3 niveaux vous guident dans un chemin qui vous ouvre les portes du bien \u00eatre.","robots":{"index":"index","follow":"follow","max-snippet":"max-snippet:-1","max-image-preview":"max-image-preview:large","max-video-preview":"max-video-preview:-1"},"canonical":"https:\/\/qibodtherapies.com\/index.php\/formation-reiki\/","og_locale":"fr_FR","og_type":"article","og_title":"Formation REIKI - QI BOD THERAPIES","og_description":"Se former au REIKI, pourquoi et pour qui? les 3 niveaux vous guident dans un chemin qui vous ouvre les portes du bien \u00eatre.","og_url":"https:\/\/qibodtherapies.com\/index.php\/formation-reiki\/","og_site_name":"QI BOD THERAPIES","article_modified_time":"2022-11-17T09:22:57+00:00","og_image":[{"url":"https:\/\/qibodtherapies.com\/wp-content\/uploads\/2021\/04\/niveau-3-219x300.jpg","type":"","width":"","height":""}],"twitter_card":"summary_large_image","twitter_misc":{"Dur\u00e9e de lecture estim\u00e9e":"6 minutes"},"schema":{"@context":"https:\/\/schema.org","@graph":[{"@type":"WebPage","@id":"https:\/\/qibodtherapies.com\/index.php\/formation-reiki\/","url":"https:\/\/qibodtherapies.com\/index.php\/formation-reiki\/","name":"Formation REIKI - QI BOD THERAPIES","isPartOf":{"@id":"https:\/\/qibodtherapies.com\/#website"},"primaryImageOfPage":{"@id":"https:\/\/qibodtherapies.com\/index.php\/formation-reiki\/#primaryimage"},"image":{"@id":"https:\/\/qibodtherapies.com\/index.php\/formation-reiki\/#primaryimage"},"thumbnailUrl":"https:\/\/qibodtherapies.com\/wp-content\/uploads\/2021\/04\/niveau-3-219x300.jpg","datePublished":"2021-04-29T09:25:17+00:00","dateModified":"2022-11-17T09:22:57+00:00","description":"Se former au REIKI, pourquoi et pour qui? les 3 niveaux vous guident dans un chemin qui vous ouvre les portes du bien \u00eatre.","breadcrumb":{"@id":"https:\/\/qibodtherapies.com\/index.php\/formation-reiki\/#breadcrumb"},"inLanguage":"fr-FR","potentialAction":[{"@type":"ReadAction","target":["https:\/\/qibodtherapies.com\/index.php\/formation-reiki\/"]}]},{"@type":"ImageObject","inLanguage":"fr-FR","@id":"https:\/\/qibodtherapies.com\/index.php\/formation-reiki\/#primaryimage","url":"https:\/\/qibodtherapies.com\/wp-content\/uploads\/2021\/04\/niveau-3.jpg","contentUrl":"https:\/\/qibodtherapies.com\/wp-content\/uploads\/2021\/04\/niveau-3.jpg","width":472,"height":648},{"@type":"BreadcrumbList","@id":"https:\/\/qibodtherapies.com\/index.php\/formation-reiki\/#breadcrumb","itemListElement":[{"@type":"ListItem","position":1,"name":"Accueil","item":"https:\/\/qibodtherapies.com\/index.php\/accueil\/"},{"@type":"ListItem","position":2,"name":"Formation REIKI"}]},{"@type":"WebSite","@id":"https:\/\/qibodtherapies.com\/#website","url":"https:\/\/qibodtherapies.com\/","name":"QI BOD THERAPIES","description":"Le plus beau voyage, c&#039;est celui qui permet de vous d\u00e9couvrir","potentialAction":[{"@type":"SearchAction","target":{"@type":"EntryPoint","urlTemplate":"https:\/\/qibodtherapies.com\/?s={search_term_string}"},"query-input":{"@type":"PropertyValueSpecification","valueRequired":true,"valueName":"search_term_string"}}],"inLanguage":"fr-FR"}]}},"_links":{"self":[{"href":"https:\/\/qibodtherapies.com\/index.php\/wp-json\/wp\/v2\/pages\/1444","targetHints":{"allow":["GET"]}}],"collection":[{"href":"https:\/\/qibodtherapies.com\/index.php\/wp-json\/wp\/v2\/pages"}],"about":[{"href":"https:\/\/qibodtherapies.com\/index.php\/wp-json\/wp\/v2\/types\/page"}],"author":[{"embeddable":true,"href":"https:\/\/qibodtherapies.com\/index.php\/wp-json\/wp\/v2\/users\/1"}],"replies":[{"embeddable":true,"href":"https:\/\/qibodtherapies.com\/index.php\/wp-json\/wp\/v2\/comments?post=1444"}],"version-history":[{"count":27,"href":"https:\/\/qibodtherapies.com\/index.php\/wp-json\/wp\/v2\/pages\/1444\/revisions"}],"predecessor-version":[{"id":2143,"href":"https:\/\/qibodtherapies.com\/index.php\/wp-json\/wp\/v2\/pages\/1444\/revisions\/2143"}],"wp:attachment":[{"href":"https:\/\/qibodtherapies.com\/index.php\/wp-json\/wp\/v2\/media?parent=1444"}],"curies":[{"name":"wp","href":"https:\/\/api.w.org\/{rel}","templated":true}]}}