{"id":1387,"date":"2021-02-16T16:50:19","date_gmt":"2021-02-16T15:50:19","guid":{"rendered":"https:\/\/qibodtherapies.com\/?page_id=1387"},"modified":"2021-02-17T09:11:20","modified_gmt":"2021-02-17T08:11:20","slug":"inscriptions-newsletter","status":"publish","type":"page","link":"https:\/\/qibodtherapies.com\/index.php\/inscriptions-newsletter\/","title":{"rendered":"inscriptions Newsletter"},"content":{"rendered":"<h1><img loading=\"lazy\" decoding=\"async\" class=\"alignnone size-medium wp-image-1229 aligncenter\" src=\"https:\/\/qibodtherapies.com\/wp-content\/uploads\/2020\/05\/IMG_4705-1-225x300.jpg\" alt=\"\" width=\"225\" height=\"300\" srcset=\"https:\/\/qibodtherapies.com\/wp-content\/uploads\/2020\/05\/IMG_4705-1-225x300.jpg 225w, https:\/\/qibodtherapies.com\/wp-content\/uploads\/2020\/05\/IMG_4705-1-773x1030.jpg 773w, https:\/\/qibodtherapies.com\/wp-content\/uploads\/2020\/05\/IMG_4705-1-768x1024.jpg 768w, https:\/\/qibodtherapies.com\/wp-content\/uploads\/2020\/05\/IMG_4705-1-1152x1536.jpg 1152w, https:\/\/qibodtherapies.com\/wp-content\/uploads\/2020\/05\/IMG_4705-1-1125x1500.jpg 1125w, https:\/\/qibodtherapies.com\/wp-content\/uploads\/2020\/05\/IMG_4705-1-529x705.jpg 529w, https:\/\/qibodtherapies.com\/wp-content\/uploads\/2020\/05\/IMG_4705-1-450x600.jpg 450w, https:\/\/qibodtherapies.com\/wp-content\/uploads\/2020\/05\/IMG_4705-1-rotated.jpg 1512w\" sizes=\"auto, (max-width: 225px) 100vw, 225px\" \/><\/h1>\n<p><!-- Begin Sendinblue Form --><br \/>\n<!-- START - We recommend to place the below code in head tag of your website html --><\/p>\n<style>\n  @font-face {<br \/>    font-display: block;<br \/>    font-family: Roboto;<br \/>    src: url(https:\/\/assets.sendinblue.com\/font\/Roboto\/Latin\/normal\/normal\/7529907e9eaf8ebb5220c5f9850e3811.woff2) format(\"woff2\"), url(https:\/\/assets.sendinblue.com\/font\/Roboto\/Latin\/normal\/normal\/25c678feafdc175a70922a116c9be3e7.woff) format(\"woff\")<br \/>  }<\/p>\n<p>  @font-face {<br \/>    font-display: fallback;<br \/>    font-family: Roboto;<br \/>    font-weight: 600;<br \/>    src: url(https:\/\/assets.sendinblue.com\/font\/Roboto\/Latin\/medium\/normal\/6e9caeeafb1f3491be3e32744bc30440.woff2) format(\"woff2\"), url(https:\/\/assets.sendinblue.com\/font\/Roboto\/Latin\/medium\/normal\/71501f0d8d5aa95960f6475d5487d4c2.woff) format(\"woff\")<br \/>  }<\/p>\n<p>  @font-face {<br \/>    font-display: fallback;<br \/>    font-family: Roboto;<br \/>    font-weight: 700;<br \/>    src: url(https:\/\/assets.sendinblue.com\/font\/Roboto\/Latin\/bold\/normal\/3ef7cf158f310cf752d5ad08cd0e7e60.woff2) format(\"woff2\"), url(https:\/\/assets.sendinblue.com\/font\/Roboto\/Latin\/bold\/normal\/ece3a1d82f18b60bcce0211725c476aa.woff) format(\"woff\")<br \/>  }<\/p>\n<p>  #sib-container input:-ms-input-placeholder {<br \/>    text-align: left;<br \/>    font-family: \"Helvetica\", sans-serif;<br \/>    color: #c0ccda;<br \/>  }<\/p>\n<p>  #sib-container input::placeholder {<br \/>    text-align: left;<br \/>    font-family: \"Helvetica\", sans-serif;<br \/>    color: #c0ccda;<br \/>  }<\/p>\n<p>  #sib-container textarea::placeholder {<br \/>    text-align: left;<br \/>    font-family: \"Helvetica\", sans-serif;<br \/>    color: #c0ccda;<br \/>  }<br \/><\/style>\n<p><!-- END - We recommend to place the above code in head tag of your website html --><\/p>\n<p><!-- START - We recommend to place the below code where you want the form in your website html --><\/p>\n<div class=\"sib-form\" style=\"text-align: center; background-color: #f1f9f8;\">\n<div id=\"sib-form-container\" class=\"sib-form-container\">\n<div id=\"error-message\" class=\"sib-form-message-panel\" style=\"font-size: 16px; text-align: left; font-family: 'Helvetica', sans-serif; color: #661d1d; background-color: #ffeded; border-radius: 3px; border-color: #ff4949; max-width: 540px;\">\n<div class=\"sib-form-message-panel__text sib-form-message-panel__text--center\"><\/div>\n<\/div>\n<div><\/div>\n<div id=\"sib-container\" class=\"sib-container--large sib-container--vertical\" style=\"text-align: center; background-color: transparent; max-width: 540px; border-radius: 3px; border: 1px solid #C0CCD9;\">\n<form id=\"sib-form\" action=\"https:\/\/1bb2efa8.sibforms.com\/serve\/MUIEAMUDux_7i6B9eHQWRMnnjAvztAKzJcgiPs0xNRYgstGNtiwLgHNkKkM4oRPBU8F-l0oHw4udzkZEjbdueMHZiauXhyIziLOklBnbHOl6ob0cP-jKr44c5JWfKFgB-3Ci-7ex_TJzfvBccAaMEGfQ8PfyuRRI3itexdJRGi-SOV2vXBRWock2s3qlZXQnuF1dfay4h0ucw872\" method=\"POST\" data-type=\"subscription\">\n<div style=\"padding: 8px 0;\">\n<div class=\"sib-form-block\" style=\"font-size: 21px; text-align: center; font-weight: bold; font-family: 'Helvetica', sans-serif; color: #3c4858; background-color: transparent;\">\n<p>Newsletter QI BOD THERAPIES<\/p>\n<\/div>\n<\/div>\n<div style=\"padding: 8px 0;\">\n<div class=\"sib-form-block\" style=\"font-size: 12px; text-align: left; font-family: 'Helvetica', sans-serif; color: #3c4858; background-color: transparent;\">\n<div class=\"sib-text-form-block\">\n<p>Inscrivez-vous \u00e0 notre newsletter pour suivre nos actualit\u00e9s.<\/p>\n<\/div>\n<\/div>\n<\/div>\n<div style=\"padding: 8px 0;\">\n<div class=\"sib-input sib-form-block\">\n<div class=\"form__entry entry_block\">\n<div class=\"form__label-row \"><label class=\"entry__label\" style=\"font-size: 16px; text-align: left; font-weight: bold; font-family: 'Helvetica', sans-serif; color: #3c4858;\" for=\"PRENOM\" data-required=\"*\"><br \/>\nEntrez votre PRENOM<br \/>\n<\/label><\/p>\n<div class=\"entry__field\"><input id=\"PRENOM\" class=\"input\" autocomplete=\"off\" maxlength=\"200\" name=\"PRENOM\" required=\"\" type=\"text\" placeholder=\"PRENOM\" data-required=\"true\" \/><\/div>\n<\/div>\n<p><label class=\"entry__error entry__error--primary\" style=\"font-size: 16px; text-align: left; font-family: 'Helvetica', sans-serif; color: #661d1d; background-color: #ffeded; border-radius: 3px; border-color: #ff4949;\"><br \/>\n<\/label><br \/>\n<label class=\"entry__specification\" style=\"font-size: 12px; text-align: left; font-family: 'Helvetica', sans-serif; color: #8390a4;\"><br \/>\nPersonnalisez ce texte d&rsquo;aide facultatif avant de publier votre formulaire..<br \/>\n<\/label><\/p>\n<\/div>\n<\/div>\n<\/div>\n<div style=\"padding: 8px 0;\">\n<div class=\"sib-input sib-form-block\">\n<div class=\"form__entry entry_block\">\n<div class=\"form__label-row \"><label class=\"entry__label\" style=\"font-size: 16px; text-align: left; font-weight: bold; font-family: 'Helvetica', sans-serif; color: #3c4858;\" for=\"EMAIL\" data-required=\"*\"><br \/>\nEntrez votre EMAIL<br \/>\n<\/label><\/p>\n<div class=\"entry__field\"><input id=\"EMAIL\" class=\"input\" autocomplete=\"off\" name=\"EMAIL\" required=\"\" type=\"text\" placeholder=\"EMAIL\" data-required=\"true\" \/><\/div>\n<\/div>\n<p><label class=\"entry__error entry__error--primary\" style=\"font-size: 16px; text-align: left; font-family: 'Helvetica', sans-serif; color: #661d1d; background-color: #ffeded; border-radius: 3px; border-color: #ff4949;\"><br \/>\n<\/label><br \/>\n<label class=\"entry__specification\" style=\"font-size: 12px; text-align: left; font-family: 'Helvetica', sans-serif; color: #8390a4;\"><br \/>\nVeuillez renseigner votre adresse email pour vous inscrire. Ex. : abc@xyz.com<br \/>\n<\/label><\/p>\n<\/div>\n<\/div>\n<\/div>\n<div style=\"padding: 8px 0;\">\n<div class=\"sib-optin sib-form-block\">\n<div class=\"form__entry entry_mcq\">\n<div class=\"form__label-row \">\n<div class=\"entry__choice\"><label><label><br \/>\n<input id=\"OPT_IN\" class=\"input_replaced\" name=\"OPT_IN\" type=\"checkbox\" value=\"1\" \/><br \/>\n<\/label><\/label>J&rsquo;accepte de recevoir vos e-mails et confirme avoir pris connaissance de votre politique de confidentialit\u00e9 et <a href=\"https:\/\/qibodtherapies.com\/index.php\/mentions-legales\/\" target=\"_blank\" rel=\"noopener\">mentions l\u00e9gales<\/a>.&nbsp;<\/p>\n<\/div>\n<\/div>\n<p><label class=\"entry__error entry__error--primary\" style=\"font-size: 16px; text-align: left; font-family: 'Helvetica', sans-serif; color: #661d1d; background-color: #ffeded; border-radius: 3px; border-color: #ff4949;\"><br \/>\n<\/label><br \/>\n<label class=\"entry__specification\" style=\"font-size: 12px; text-align: left; font-family: 'Helvetica', sans-serif; color: #8390a4;\"><br \/>\nVous pouvez vous d\u00e9sinscrire \u00e0 tout moment en cliquant sur le lien pr\u00e9sent dans nos emails.<br \/>\n<\/label><\/p>\n<\/div>\n<\/div>\n<\/div>\n<div style=\"padding: 8px 0;\">\n<div class=\"g-recaptcha\" data-sitekey=\"6LewZVUaAAAAAMRss6pVkgt_IN1G-0T6n3PNiNnc\" data-callback=\"invisibleCaptchaCallback\" data-size=\"invisible\"><\/div>\n<\/div>\n<div style=\"padding: 8px 0;\">\n<div class=\"sib-form__declaration\">\n<div class=\"declaration-block-icon\"><\/div>\n<p style=\"font-size: 14px; text-align: left; font-family: 'Helvetica', sans-serif; color: #687484; background-color: transparent;\">Nous utilisons Sendinblue en tant que plateforme marketing. En soumettant ce formulaire, vous reconnaissez que les informations que vous allez fournir seront transmises \u00e0 Sendinblue en sa qualit\u00e9 de processeur de donn\u00e9es; et ce conform\u00e9ment \u00e0 ses<br \/>\n<a class=\"clickable_link\" href=\"https:\/\/fr.sendinblue.com\/legal\/termsofuse\/\" target=\"_blank\" rel=\"noopener\">conditions g\u00e9n\u00e9rales d&rsquo;utilisation<\/a>.<\/p>\n<\/div>\n<\/div>\n<div style=\"padding: 8px 0;\">\n<div class=\"sib-form-block\" style=\"text-align: left;\">\n<p>&nbsp;<\/p>\n<p>S&rsquo;INSCRIRE<\/p>\n<\/div>\n<\/div>\n<p><input class=\"input--hidden\" name=\"email_address_check\" type=\"text\" value=\"\" \/><br \/>\n<input name=\"locale\" type=\"hidden\" value=\"fr\" \/><\/p>\n<\/form>\n<\/div>\n<\/div>\n<\/div>\n<p><!-- END - We recommend to place the below code where you want the form in your website html --><\/p>\n<p><!-- START - We recommend to place the below code in footer or bottom of your website html --><br \/>\n<script>\n  window.REQUIRED_CODE_ERROR_MESSAGE = 'Veuillez choisir un code pays';<\/p>\n<p>  window.EMAIL_INVALID_MESSAGE = window.SMS_INVALID_MESSAGE = \"Les informations que vous avez fournies ne sont pas valides. Veuillez v\u00e9rifier le format du champ et r\u00e9essayer.\";<\/p>\n<p>  window.REQUIRED_ERROR_MESSAGE = \"Vous devez renseigner ce champ. \";<\/p>\n<p>  window.GENERIC_INVALID_MESSAGE = \"Les informations que vous avez fournies ne sont pas valides. Veuillez v\u00e9rifier le format du champ et r\u00e9essayer.\";<\/p>\n<p>  window.translation = {\n    common: {\n      selectedList: '{quantity} liste s\u00e9lectionn\u00e9e',\n      selectedLists: '{quantity} listes s\u00e9lectionn\u00e9es'\n    }\n  };<\/p>\n<p>  var AUTOHIDE = Boolean(0);\n<\/script><br \/>\n<script src=\"https:\/\/sibforms.com\/forms\/end-form\/build\/main.js\"><\/script><br \/>\n<script src=\"https:\/\/www.google.com\/recaptcha\/api.js?hl=fr\"><\/script><\/p>\n<p><!-- END - We recommend to place the above code in footer or bottom of your website html --><br \/>\n<!-- End Sendinblue Form --><\/p>\n","protected":false},"excerpt":{"rendered":"<p>Newsletter QI BOD THERAPIES Inscrivez-vous \u00e0 notre newsletter pour suivre nos actualit\u00e9s. Entrez votre PRENOM Personnalisez ce texte d&rsquo;aide facultatif avant de publier votre formulaire.. Entrez votre EMAIL Veuillez renseigner votre adresse email pour vous inscrire. Ex. : abc@xyz.com J&rsquo;accepte de recevoir vos e-mails et confirme avoir pris connaissance de votre politique de confidentialit\u00e9 et [&hellip;]<\/p>\n","protected":false},"author":1,"featured_media":0,"parent":0,"menu_order":0,"comment_status":"closed","ping_status":"closed","template":"","meta":{"_exactmetrics_skip_tracking":false,"_exactmetrics_sitenote_active":false,"_exactmetrics_sitenote_note":"","_exactmetrics_sitenote_category":0,"footnotes":""},"class_list":["post-1387","page","type-page","status-publish","hentry"],"yoast_head":"<!-- This site is optimized with the Yoast SEO plugin v27.5 - https:\/\/yoast.com\/product\/yoast-seo-wordpress\/ -->\n<title>inscriptions Newsletter - QI BOD THERAPIES<\/title>\n<meta name=\"robots\" content=\"index, follow, max-snippet:-1, max-image-preview:large, max-video-preview:-1\" \/>\n<link rel=\"canonical\" href=\"https:\/\/qibodtherapies.com\/index.php\/inscriptions-newsletter\/\" \/>\n<meta property=\"og:locale\" content=\"fr_FR\" \/>\n<meta property=\"og:type\" content=\"article\" \/>\n<meta property=\"og:title\" content=\"inscriptions Newsletter - QI BOD THERAPIES\" \/>\n<meta property=\"og:description\" content=\"Newsletter QI BOD THERAPIES Inscrivez-vous \u00e0 notre newsletter pour suivre nos actualit\u00e9s. Entrez votre PRENOM Personnalisez ce texte d&rsquo;aide facultatif avant de publier votre formulaire.. Entrez votre EMAIL Veuillez renseigner votre adresse email pour vous inscrire. Ex. : abc@xyz.com J&rsquo;accepte de recevoir vos e-mails et confirme avoir pris connaissance de votre politique de confidentialit\u00e9 et [&hellip;]\" \/>\n<meta property=\"og:url\" content=\"https:\/\/qibodtherapies.com\/index.php\/inscriptions-newsletter\/\" \/>\n<meta property=\"og:site_name\" content=\"QI BOD THERAPIES\" \/>\n<meta property=\"article:modified_time\" content=\"2021-02-17T08:11:20+00:00\" \/>\n<meta property=\"og:image\" content=\"https:\/\/qibodtherapies.com\/wp-content\/uploads\/2020\/05\/IMG_4705-1-225x300.jpg\" \/>\n<meta name=\"twitter:card\" content=\"summary_large_image\" \/>\n<meta name=\"twitter:label1\" content=\"Dur\u00e9e de lecture estim\u00e9e\" \/>\n\t<meta name=\"twitter:data1\" content=\"2 minutes\" \/>\n<script type=\"application\/ld+json\" class=\"yoast-schema-graph\">{\"@context\":\"https:\\\/\\\/schema.org\",\"@graph\":[{\"@type\":\"WebPage\",\"@id\":\"https:\\\/\\\/qibodtherapies.com\\\/index.php\\\/inscriptions-newsletter\\\/\",\"url\":\"https:\\\/\\\/qibodtherapies.com\\\/index.php\\\/inscriptions-newsletter\\\/\",\"name\":\"inscriptions Newsletter - QI BOD THERAPIES\",\"isPartOf\":{\"@id\":\"https:\\\/\\\/qibodtherapies.com\\\/#website\"},\"primaryImageOfPage\":{\"@id\":\"https:\\\/\\\/qibodtherapies.com\\\/index.php\\\/inscriptions-newsletter\\\/#primaryimage\"},\"image\":{\"@id\":\"https:\\\/\\\/qibodtherapies.com\\\/index.php\\\/inscriptions-newsletter\\\/#primaryimage\"},\"thumbnailUrl\":\"https:\\\/\\\/qibodtherapies.com\\\/wp-content\\\/uploads\\\/2020\\\/05\\\/IMG_4705-1-225x300.jpg\",\"datePublished\":\"2021-02-16T15:50:19+00:00\",\"dateModified\":\"2021-02-17T08:11:20+00:00\",\"breadcrumb\":{\"@id\":\"https:\\\/\\\/qibodtherapies.com\\\/index.php\\\/inscriptions-newsletter\\\/#breadcrumb\"},\"inLanguage\":\"fr-FR\",\"potentialAction\":[{\"@type\":\"ReadAction\",\"target\":[\"https:\\\/\\\/qibodtherapies.com\\\/index.php\\\/inscriptions-newsletter\\\/\"]}]},{\"@type\":\"ImageObject\",\"inLanguage\":\"fr-FR\",\"@id\":\"https:\\\/\\\/qibodtherapies.com\\\/index.php\\\/inscriptions-newsletter\\\/#primaryimage\",\"url\":\"https:\\\/\\\/qibodtherapies.com\\\/wp-content\\\/uploads\\\/2020\\\/05\\\/IMG_4705-1-225x300.jpg\",\"contentUrl\":\"https:\\\/\\\/qibodtherapies.com\\\/wp-content\\\/uploads\\\/2020\\\/05\\\/IMG_4705-1-225x300.jpg\"},{\"@type\":\"BreadcrumbList\",\"@id\":\"https:\\\/\\\/qibodtherapies.com\\\/index.php\\\/inscriptions-newsletter\\\/#breadcrumb\",\"itemListElement\":[{\"@type\":\"ListItem\",\"position\":1,\"name\":\"Accueil\",\"item\":\"https:\\\/\\\/qibodtherapies.com\\\/index.php\\\/accueil\\\/\"},{\"@type\":\"ListItem\",\"position\":2,\"name\":\"inscriptions Newsletter\"}]},{\"@type\":\"WebSite\",\"@id\":\"https:\\\/\\\/qibodtherapies.com\\\/#website\",\"url\":\"https:\\\/\\\/qibodtherapies.com\\\/\",\"name\":\"QI BOD THERAPIES\",\"description\":\"Le plus beau voyage, c&#039;est celui qui permet de vous d\u00e9couvrir\",\"potentialAction\":[{\"@type\":\"SearchAction\",\"target\":{\"@type\":\"EntryPoint\",\"urlTemplate\":\"https:\\\/\\\/qibodtherapies.com\\\/?s={search_term_string}\"},\"query-input\":{\"@type\":\"PropertyValueSpecification\",\"valueRequired\":true,\"valueName\":\"search_term_string\"}}],\"inLanguage\":\"fr-FR\"}]}<\/script>\n<!-- \/ Yoast SEO plugin. -->","yoast_head_json":{"title":"inscriptions Newsletter - QI BOD THERAPIES","robots":{"index":"index","follow":"follow","max-snippet":"max-snippet:-1","max-image-preview":"max-image-preview:large","max-video-preview":"max-video-preview:-1"},"canonical":"https:\/\/qibodtherapies.com\/index.php\/inscriptions-newsletter\/","og_locale":"fr_FR","og_type":"article","og_title":"inscriptions Newsletter - QI BOD THERAPIES","og_description":"Newsletter QI BOD THERAPIES Inscrivez-vous \u00e0 notre newsletter pour suivre nos actualit\u00e9s. Entrez votre PRENOM Personnalisez ce texte d&rsquo;aide facultatif avant de publier votre formulaire.. Entrez votre EMAIL Veuillez renseigner votre adresse email pour vous inscrire. Ex. : abc@xyz.com J&rsquo;accepte de recevoir vos e-mails et confirme avoir pris connaissance de votre politique de confidentialit\u00e9 et [&hellip;]","og_url":"https:\/\/qibodtherapies.com\/index.php\/inscriptions-newsletter\/","og_site_name":"QI BOD THERAPIES","article_modified_time":"2021-02-17T08:11:20+00:00","og_image":[{"url":"https:\/\/qibodtherapies.com\/wp-content\/uploads\/2020\/05\/IMG_4705-1-225x300.jpg","type":"","width":"","height":""}],"twitter_card":"summary_large_image","twitter_misc":{"Dur\u00e9e de lecture estim\u00e9e":"2 minutes"},"schema":{"@context":"https:\/\/schema.org","@graph":[{"@type":"WebPage","@id":"https:\/\/qibodtherapies.com\/index.php\/inscriptions-newsletter\/","url":"https:\/\/qibodtherapies.com\/index.php\/inscriptions-newsletter\/","name":"inscriptions Newsletter - QI BOD THERAPIES","isPartOf":{"@id":"https:\/\/qibodtherapies.com\/#website"},"primaryImageOfPage":{"@id":"https:\/\/qibodtherapies.com\/index.php\/inscriptions-newsletter\/#primaryimage"},"image":{"@id":"https:\/\/qibodtherapies.com\/index.php\/inscriptions-newsletter\/#primaryimage"},"thumbnailUrl":"https:\/\/qibodtherapies.com\/wp-content\/uploads\/2020\/05\/IMG_4705-1-225x300.jpg","datePublished":"2021-02-16T15:50:19+00:00","dateModified":"2021-02-17T08:11:20+00:00","breadcrumb":{"@id":"https:\/\/qibodtherapies.com\/index.php\/inscriptions-newsletter\/#breadcrumb"},"inLanguage":"fr-FR","potentialAction":[{"@type":"ReadAction","target":["https:\/\/qibodtherapies.com\/index.php\/inscriptions-newsletter\/"]}]},{"@type":"ImageObject","inLanguage":"fr-FR","@id":"https:\/\/qibodtherapies.com\/index.php\/inscriptions-newsletter\/#primaryimage","url":"https:\/\/qibodtherapies.com\/wp-content\/uploads\/2020\/05\/IMG_4705-1-225x300.jpg","contentUrl":"https:\/\/qibodtherapies.com\/wp-content\/uploads\/2020\/05\/IMG_4705-1-225x300.jpg"},{"@type":"BreadcrumbList","@id":"https:\/\/qibodtherapies.com\/index.php\/inscriptions-newsletter\/#breadcrumb","itemListElement":[{"@type":"ListItem","position":1,"name":"Accueil","item":"https:\/\/qibodtherapies.com\/index.php\/accueil\/"},{"@type":"ListItem","position":2,"name":"inscriptions Newsletter"}]},{"@type":"WebSite","@id":"https:\/\/qibodtherapies.com\/#website","url":"https:\/\/qibodtherapies.com\/","name":"QI BOD THERAPIES","description":"Le plus beau voyage, c&#039;est celui qui permet de vous d\u00e9couvrir","potentialAction":[{"@type":"SearchAction","target":{"@type":"EntryPoint","urlTemplate":"https:\/\/qibodtherapies.com\/?s={search_term_string}"},"query-input":{"@type":"PropertyValueSpecification","valueRequired":true,"valueName":"search_term_string"}}],"inLanguage":"fr-FR"}]}},"_links":{"self":[{"href":"https:\/\/qibodtherapies.com\/index.php\/wp-json\/wp\/v2\/pages\/1387","targetHints":{"allow":["GET"]}}],"collection":[{"href":"https:\/\/qibodtherapies.com\/index.php\/wp-json\/wp\/v2\/pages"}],"about":[{"href":"https:\/\/qibodtherapies.com\/index.php\/wp-json\/wp\/v2\/types\/page"}],"author":[{"embeddable":true,"href":"https:\/\/qibodtherapies.com\/index.php\/wp-json\/wp\/v2\/users\/1"}],"replies":[{"embeddable":true,"href":"https:\/\/qibodtherapies.com\/index.php\/wp-json\/wp\/v2\/comments?post=1387"}],"version-history":[{"count":7,"href":"https:\/\/qibodtherapies.com\/index.php\/wp-json\/wp\/v2\/pages\/1387\/revisions"}],"predecessor-version":[{"id":1393,"href":"https:\/\/qibodtherapies.com\/index.php\/wp-json\/wp\/v2\/pages\/1387\/revisions\/1393"}],"wp:attachment":[{"href":"https:\/\/qibodtherapies.com\/index.php\/wp-json\/wp\/v2\/media?parent=1387"}],"curies":[{"name":"wp","href":"https:\/\/api.w.org\/{rel}","templated":true}]}}