{"id":1331,"date":"2021-02-05T19:23:14","date_gmt":"2021-02-05T18:23:14","guid":{"rendered":"http:\/\/qibodtherapies.com\/?page_id=1331"},"modified":"2022-11-17T10:09:20","modified_gmt":"2022-11-17T09:09:20","slug":"mon-chemin","status":"publish","type":"page","link":"https:\/\/qibodtherapies.com\/index.php\/mon-chemin\/","title":{"rendered":"Mon Chemin"},"content":{"rendered":"<div class=\"flex_cell no_margin av_one_half avia-builder-el-6 el_before_av_cell_one_half avia-builder-el-first \">\n<div class=\"flex_cell_inner\">\n<h1 class=\"av-special-heading av-special-heading-h1 blockquote modern-quote avia-builder-el-7 el_before_av_textblock avia-builder-el-first av-inherit-size \"><span style=\"font-family: arial, helvetica, sans-serif;\">Sophie LEMAIRE<\/span><\/h1>\n<section class=\"av_textblock_section \">\n<div class=\"avia_textblock \">\n<h2><span style=\"font-family: arial, helvetica, sans-serif;\">Mon Chemin de praticienne en th\u00e9rapie<img loading=\"lazy\" decoding=\"async\" class=\"size-medium wp-image-1341 alignright\" src=\"http:\/\/qibodtherapies.com\/wp-content\/uploads\/2021\/02\/MOI-2021-225x300.jpg\" alt=\"Me\" width=\"225\" height=\"300\" srcset=\"https:\/\/qibodtherapies.com\/wp-content\/uploads\/2021\/02\/MOI-2021-225x300.jpg 225w, https:\/\/qibodtherapies.com\/wp-content\/uploads\/2021\/02\/MOI-2021-772x1030.jpg 772w, https:\/\/qibodtherapies.com\/wp-content\/uploads\/2021\/02\/MOI-2021-768x1025.jpg 768w, https:\/\/qibodtherapies.com\/wp-content\/uploads\/2021\/02\/MOI-2021-1151x1536.jpg 1151w, https:\/\/qibodtherapies.com\/wp-content\/uploads\/2021\/02\/MOI-2021-1124x1500.jpg 1124w, https:\/\/qibodtherapies.com\/wp-content\/uploads\/2021\/02\/MOI-2021-528x705.jpg 528w, https:\/\/qibodtherapies.com\/wp-content\/uploads\/2021\/02\/MOI-2021-450x600.jpg 450w, https:\/\/qibodtherapies.com\/wp-content\/uploads\/2021\/02\/MOI-2021.jpg 1269w\" sizes=\"auto, (max-width: 225px) 100vw, 225px\" \/><\/span><\/h2>\n<h3><span style=\"font-family: arial, helvetica, sans-serif;\">bien avant<\/span><\/h3>\n<p style=\"text-align: justify;\"><span style=\"font-family: arial, helvetica, sans-serif; color: #000000;\">Sportive d\u00e8s le plus jeune \u00e2ge (4 ans), \u00e0 force d\u2019entrainement, de pers\u00e9v\u00e9rance et une forte volont\u00e9 de gagner, j\u2019acc\u00e8de \u00e0 des d\u00e9fis jusqu\u2019au niveau National (notamment en natation).<\/span><\/p>\n<p style=\"text-align: justify;\"><span style=\"font-family: arial, helvetica, sans-serif; color: #000000;\">Ma carri\u00e8re professionnelle d\u00e9bute r\u00e9ellement dans les ann\u00e9es 2000, les pr\u00e9c\u00e9dentes ann\u00e9es, j\u2019occupe des postes \u00e0 mi temps qui me permettent de m\u2019occuper des mes enfants (1982 \u00e0 1999).<\/span><\/p>\n<p style=\"text-align: justify;\"><span style=\"font-family: arial, helvetica, sans-serif; color: #000000;\">Apr\u00e8s quelques ann\u00e9es \u00e0 des postes administratifs, sans qualification, \u00e9tant autodidacte, je r\u00e9alise une VAE aboutissant \u00e0 un BTS d\u2019Assistante de Direction en 2007. Sur cette lanc\u00e9e, j\u2019entreprends de reprendre mes \u00e9tudes en 2013, aupr\u00e8s de<span style=\"color: #339966;\"><a style=\"color: #339966;\" href=\"https:\/\/www.univ-lille.fr\/\"> l\u2019Universit\u00e9 Lille 2<\/a><\/span> et d\u2019une Ecole <a style=\"color: #000000;\" href=\"https:\/\/espace-sentein.fr\/\"><span style=\"color: #339966;\">\u00ab\u00a0Espace Sentein\u00a0\u00bb<\/span><\/a><span style=\"color: #339966;\">. <span style=\"color: #000000;\">Au bout du chemin,\u00a0 une Licence de Management Option \u00e9tablissements M\u00e9dico-sociaux, et une cerficati<\/span><\/span>on de Chef de service (\u00e9quivalent d\u2019un CAFERUIS).<\/span><\/p>\n<p style=\"text-align: justify;\"><span style=\"font-family: arial, helvetica, sans-serif; color: #000000;\">Apr\u00e8s toutes ces ann\u00e9es d\u2019exp\u00e9rience dans diff\u00e9rents secteurs (industriels, relations humaines, milieux associatif,\u2026) et une forte envie de changement, je d\u00e9cide d\u2019entreprendre le voyage qui me permet de me d\u00e9couvrir.\u00a0<\/span><\/p>\n<h3><span style=\"font-family: arial, helvetica, sans-serif;\">Le d\u00e9but du chemin<\/span><\/h3>\n<p style=\"text-align: justify;\"><span style=\"font-family: arial, helvetica, sans-serif; color: #000000;\">Ainsi je d\u00e9bute ce voyage, par des formations de magn\u00e9tisme, de techniques \u00e9nerg\u00e9tiques, aupr\u00e8s de l\u2019EFH (Ecole Fran\u00e7aise d\u2019Hypnose) dans un premier temps, puis le besoin d\u2019aller aupr\u00e8s de professionnels exer\u00e7ant depuis de nombreuses ann\u00e9es se fait sentir.<\/span><\/p>\n<p style=\"text-align: justify;\"><span style=\"font-family: arial, helvetica, sans-serif; color: #000000;\"><a style=\"color: #000000;\" href=\"http:\/\/www.le-monde-du-guerisseur.com\/\"><span style=\"color: #339966;\">L\u2019Association Esp\u00e9rance 92<\/span><\/a> est \u00e9galement un lieu o\u00f9 je rencontre un \u00ab\u00a0gu\u00e9risseur\u00a0\u00bb en participant \u00e0 un regroupement. Il s\u2019agit de Jean-Claude COLLARD.\u00a0<\/span><\/p>\n<p style=\"text-align: justify;\"><span style=\"font-family: arial, helvetica, sans-serif; color: #000000;\"><span style=\"color: #339966;\"><a style=\"color: #339966;\" href=\"http:\/\/www.angius-magnetiseur.net\/\">Jean ANGIUS<\/a><\/span> est la personne qui me forme aux Techniques \u00c9nerg\u00e9tiques\u00a0associ\u00e9es aux Pratiques du Magn\u00e9tisme. Cette rencontre est d\u00e9terminante pour moi. C\u2019est \u00e0 partir de cette rencontre que la suite vient tout naturellement \u00e0 moi. Je souhaite exercer\u00a0\u00e0 mon compte dans le bien \u00eatre, incluant le Magn\u00e9tisme.\u00a0Gr\u00e2ce \u00e0 Jean et son \u00e9pouse Marie-Ange, je comprends que pour \u00eatre un bon professionnel, il faut avoir diff\u00e9rents outils, diff\u00e9rentes m\u00e9thodes.<\/span><\/p>\n<p style=\"text-align: justify;\"><span style=\"font-family: arial, helvetica, sans-serif; color: #000000;\">Mes recherches et mes lectures m\u2019am\u00e8nent \u00e0 croiser le chemin de <span style=\"color: #339966;\"><a style=\"color: #339966;\" href=\"https:\/\/fr.wikipedia.org\/wiki\/Hypnose_ericksonienne\">l\u2019Hypnose Ericksonienne<\/a><\/span> et \u00e0 m\u2019adresser \u00e0 <span style=\"color: #339966;\"><a style=\"color: #339966;\" href=\"https:\/\/www.ifta.fr\/\">L\u2019IFTA<\/a><\/span> (Institut Fran\u00e7ais des Th\u00e9rapies Alternatives) pour entreprendre une formation compl\u00e8te sur cette m\u00e9thode.\u00a0<span style=\"color: #339966;\">\u00a0<\/span><a style=\"color: #000000;\" href=\"https:\/\/www.hypno-sup.com\/\"><span style=\"color: #339966;\">HYPNOSUP<\/span><\/a> (Ecole Europ\u00e9enne Sup\u00e9rieure d\u2019Hypnose) assure l\u2019enseignement<\/span><\/p>\n<p style=\"text-align: justify;\"><span style=\"color: #000000;\"><span style=\"font-family: arial, helvetica, sans-serif;\">Parall\u00e8lement, afin de bouger et n\u2019ayant pas l\u2019envie de m\u2019adonner \u00e0 un sport d\u00e9j\u00e0 pratiqu\u00e9 tel que la natation ou l\u2019athl\u00e9tisme, je me\u00a0 rapproche de la pratique de la <span style=\"color: #339966;\"><a style=\"color: #339966;\" href=\"http:\/\/nympheayoga.com\/\">M\u00e9ditation, du Yoga<\/a> et du <a style=\"color: #339966;\" href=\"https:\/\/fr.wikipedia.org\/wiki\/Qi_gong\">QI GONG<\/a><\/span>. Je pratique la M\u00e9ditation , le QI GONG (apr\u00e8s une initiation sur 2 jours)\u00a0 et le Yoga r\u00e9guli\u00e8rement. La musique m\u2019apporte beaucoup et plus pr\u00e9cis\u00e9ment le son des bols Tib\u00e9tains. Cette technique fut une \u00e9tape de formation en France puis je me suis rendue au N\u00e9pal pour me former aupr\u00e8s <a href=\"https:\/\/www.facebook.com\/santaratna.shakya.3\">Santa Ratna Shakya<\/a> et<a href=\"http:\/\/www.kathmanduhealing.org\/teacher\/master-shree.html\"> Shree Krishna Shah<\/a>i. L&rsquo;entreprise prend enfin vie le<\/span><span style=\"font-family: arial, helvetica, sans-serif;\"> 1er Avril 2018.<\/span><\/span><\/p>\n<p style=\"text-align: justify;\"><span style=\"color: #000000;\"><span style=\"font-family: arial, helvetica, sans-serif;\">En 2020, je d\u00e9couvre <a href=\"https:\/\/www.formation-osteofluidique.fr\/quest-ce-que-losteofluidique\/\">l&rsquo;ost\u00e9ofluidique<\/a>, une autre technique \u00e9nerg\u00e9tique, enseign\u00e9e par R\u00e9gis VIEUX et Gina son \u00e9pouse. Cette m\u00e9thode douce permet un travail en profondeur en prenant en compte l\u2019humain dans sa globalit\u00e9 : (dimension physique, psychique, \u00e9motionnelle). Son champ d\u2019action est tr\u00e8s vaste. Une formation compl\u00e8te sur plusieurs ann\u00e9es que je d\u00e9cide d&rsquo;entreprendre d\u00e8s 2022<br \/>\n<\/span><\/span><\/p>\n<p style=\"text-align: justify;\"><span style=\"font-family: arial, helvetica, sans-serif; color: #000000;\">Comme \u00e9voqu\u00e9 sur ma page d\u2019accueil, mon logo repr\u00e9sente les diff\u00e9rentes th\u00e9rapies que je peux vous proposer. Je vous invite \u00e0 visiter la page d\u2019<a style=\"color: #000000;\" href=\"http:\/\/qibodtherapies.com\/\">acc<\/a>ueil de mon site.<\/span><\/p>\n<p style=\"text-align: justify;\">\n<\/div>\n<\/section>\n<div class=\"hr hr-invisible avia-builder-el-9 el_after_av_textblock el_before_av_textblock \" style=\"text-align: justify;\"><\/div>\n<section class=\"av_textblock_section \">\n<div class=\"avia_textblock \">\n<h1><span style=\"font-family: arial, helvetica, sans-serif; color: #33cccc;\"><strong><q>Le voyage est un retour vers l\u2019essentiel.<\/q><\/strong><\/span><br \/>\n<span style=\"font-family: arial, helvetica, sans-serif; color: #33cccc;\"><strong>Proverbe tib\u00e9tain ; Le Tibet en proverbes (1905)<\/strong><\/span><\/h1>\n<\/div>\n<\/section>\n<\/div>\n<\/div>\n","protected":false},"excerpt":{"rendered":"<p>Sophie LEMAIRE Mon Chemin de praticienne en th\u00e9rapie bien avant Sportive d\u00e8s le plus jeune \u00e2ge (4 ans), \u00e0 force d\u2019entrainement, de pers\u00e9v\u00e9rance et une forte volont\u00e9 de gagner, j\u2019acc\u00e8de \u00e0 des d\u00e9fis jusqu\u2019au niveau National (notamment en natation). Ma carri\u00e8re professionnelle d\u00e9bute r\u00e9ellement dans les ann\u00e9es 2000, les pr\u00e9c\u00e9dentes ann\u00e9es, j\u2019occupe des postes \u00e0 [&hellip;]<\/p>\n","protected":false},"author":1,"featured_media":0,"parent":0,"menu_order":0,"comment_status":"closed","ping_status":"closed","template":"","meta":{"_exactmetrics_skip_tracking":false,"_exactmetrics_sitenote_active":false,"_exactmetrics_sitenote_note":"","_exactmetrics_sitenote_category":0,"footnotes":""},"class_list":["post-1331","page","type-page","status-publish","hentry"],"yoast_head":"<!-- This site is optimized with the Yoast SEO plugin v27.6 - https:\/\/yoast.com\/product\/yoast-seo-wordpress\/ -->\n<title>Mon Chemin - QI BOD THERAPIES<\/title>\n<meta name=\"description\" content=\"Sophie LEMAIRE, un chemin qui conduit au m\u00e9tier de praticienne en th\u00e9rapie telles que l&#039;hypnose, l&#039;ost\u00e9ofluidique, le magn\u00e9tisme et l&#039;\u00e9nerg\u00e9tique. Toutes ces m\u00e9thodes prenant en compte l&#039;\u00eatre humain dans sa globalit\u00e9.\" \/>\n<meta name=\"robots\" content=\"index, follow, max-snippet:-1, max-image-preview:large, max-video-preview:-1\" \/>\n<link rel=\"canonical\" href=\"https:\/\/qibodtherapies.com\/index.php\/mon-chemin\/\" \/>\n<meta property=\"og:locale\" content=\"fr_FR\" \/>\n<meta property=\"og:type\" content=\"article\" \/>\n<meta property=\"og:title\" content=\"Mon Chemin - QI BOD THERAPIES\" \/>\n<meta property=\"og:description\" content=\"Sophie LEMAIRE, un chemin qui conduit au m\u00e9tier de praticienne en th\u00e9rapie telles que l&#039;hypnose, l&#039;ost\u00e9ofluidique, le magn\u00e9tisme et l&#039;\u00e9nerg\u00e9tique. Toutes ces m\u00e9thodes prenant en compte l&#039;\u00eatre humain dans sa globalit\u00e9.\" \/>\n<meta property=\"og:url\" content=\"https:\/\/qibodtherapies.com\/index.php\/mon-chemin\/\" \/>\n<meta property=\"og:site_name\" content=\"QI BOD THERAPIES\" \/>\n<meta property=\"article:modified_time\" content=\"2022-11-17T09:09:20+00:00\" \/>\n<meta property=\"og:image\" content=\"http:\/\/qibodtherapies.com\/wp-content\/uploads\/2021\/02\/MOI-2021-225x300.jpg\" \/>\n<meta name=\"twitter:card\" content=\"summary_large_image\" \/>\n<meta name=\"twitter:label1\" content=\"Dur\u00e9e de lecture estim\u00e9e\" \/>\n\t<meta name=\"twitter:data1\" content=\"3 minutes\" \/>\n<script type=\"application\/ld+json\" class=\"yoast-schema-graph\">{\"@context\":\"https:\\\/\\\/schema.org\",\"@graph\":[{\"@type\":\"WebPage\",\"@id\":\"https:\\\/\\\/qibodtherapies.com\\\/index.php\\\/mon-chemin\\\/\",\"url\":\"https:\\\/\\\/qibodtherapies.com\\\/index.php\\\/mon-chemin\\\/\",\"name\":\"Mon Chemin - QI BOD THERAPIES\",\"isPartOf\":{\"@id\":\"https:\\\/\\\/qibodtherapies.com\\\/#website\"},\"primaryImageOfPage\":{\"@id\":\"https:\\\/\\\/qibodtherapies.com\\\/index.php\\\/mon-chemin\\\/#primaryimage\"},\"image\":{\"@id\":\"https:\\\/\\\/qibodtherapies.com\\\/index.php\\\/mon-chemin\\\/#primaryimage\"},\"thumbnailUrl\":\"http:\\\/\\\/qibodtherapies.com\\\/wp-content\\\/uploads\\\/2021\\\/02\\\/MOI-2021-225x300.jpg\",\"datePublished\":\"2021-02-05T18:23:14+00:00\",\"dateModified\":\"2022-11-17T09:09:20+00:00\",\"description\":\"Sophie LEMAIRE, un chemin qui conduit au m\u00e9tier de praticienne en th\u00e9rapie telles que l'hypnose, l'ost\u00e9ofluidique, le magn\u00e9tisme et l'\u00e9nerg\u00e9tique. Toutes ces m\u00e9thodes prenant en compte l'\u00eatre humain dans sa globalit\u00e9.\",\"breadcrumb\":{\"@id\":\"https:\\\/\\\/qibodtherapies.com\\\/index.php\\\/mon-chemin\\\/#breadcrumb\"},\"inLanguage\":\"fr-FR\",\"potentialAction\":[{\"@type\":\"ReadAction\",\"target\":[\"https:\\\/\\\/qibodtherapies.com\\\/index.php\\\/mon-chemin\\\/\"]}]},{\"@type\":\"ImageObject\",\"inLanguage\":\"fr-FR\",\"@id\":\"https:\\\/\\\/qibodtherapies.com\\\/index.php\\\/mon-chemin\\\/#primaryimage\",\"url\":\"https:\\\/\\\/qibodtherapies.com\\\/wp-content\\\/uploads\\\/2021\\\/02\\\/MOI-2021.jpg\",\"contentUrl\":\"https:\\\/\\\/qibodtherapies.com\\\/wp-content\\\/uploads\\\/2021\\\/02\\\/MOI-2021.jpg\",\"width\":1269,\"height\":1693,\"caption\":\"Me\"},{\"@type\":\"BreadcrumbList\",\"@id\":\"https:\\\/\\\/qibodtherapies.com\\\/index.php\\\/mon-chemin\\\/#breadcrumb\",\"itemListElement\":[{\"@type\":\"ListItem\",\"position\":1,\"name\":\"Accueil\",\"item\":\"https:\\\/\\\/qibodtherapies.com\\\/index.php\\\/accueil\\\/\"},{\"@type\":\"ListItem\",\"position\":2,\"name\":\"Mon Chemin\"}]},{\"@type\":\"WebSite\",\"@id\":\"https:\\\/\\\/qibodtherapies.com\\\/#website\",\"url\":\"https:\\\/\\\/qibodtherapies.com\\\/\",\"name\":\"QI BOD THERAPIES\",\"description\":\"Le plus beau voyage, c&#039;est celui qui permet de vous d\u00e9couvrir\",\"potentialAction\":[{\"@type\":\"SearchAction\",\"target\":{\"@type\":\"EntryPoint\",\"urlTemplate\":\"https:\\\/\\\/qibodtherapies.com\\\/?s={search_term_string}\"},\"query-input\":{\"@type\":\"PropertyValueSpecification\",\"valueRequired\":true,\"valueName\":\"search_term_string\"}}],\"inLanguage\":\"fr-FR\"}]}<\/script>\n<!-- \/ Yoast SEO plugin. -->","yoast_head_json":{"title":"Mon Chemin - QI BOD THERAPIES","description":"Sophie LEMAIRE, un chemin qui conduit au m\u00e9tier de praticienne en th\u00e9rapie telles que l'hypnose, l'ost\u00e9ofluidique, le magn\u00e9tisme et l'\u00e9nerg\u00e9tique. Toutes ces m\u00e9thodes prenant en compte l'\u00eatre humain dans sa globalit\u00e9.","robots":{"index":"index","follow":"follow","max-snippet":"max-snippet:-1","max-image-preview":"max-image-preview:large","max-video-preview":"max-video-preview:-1"},"canonical":"https:\/\/qibodtherapies.com\/index.php\/mon-chemin\/","og_locale":"fr_FR","og_type":"article","og_title":"Mon Chemin - QI BOD THERAPIES","og_description":"Sophie LEMAIRE, un chemin qui conduit au m\u00e9tier de praticienne en th\u00e9rapie telles que l'hypnose, l'ost\u00e9ofluidique, le magn\u00e9tisme et l'\u00e9nerg\u00e9tique. Toutes ces m\u00e9thodes prenant en compte l'\u00eatre humain dans sa globalit\u00e9.","og_url":"https:\/\/qibodtherapies.com\/index.php\/mon-chemin\/","og_site_name":"QI BOD THERAPIES","article_modified_time":"2022-11-17T09:09:20+00:00","og_image":[{"url":"http:\/\/qibodtherapies.com\/wp-content\/uploads\/2021\/02\/MOI-2021-225x300.jpg","type":"","width":"","height":""}],"twitter_card":"summary_large_image","twitter_misc":{"Dur\u00e9e de lecture estim\u00e9e":"3 minutes"},"schema":{"@context":"https:\/\/schema.org","@graph":[{"@type":"WebPage","@id":"https:\/\/qibodtherapies.com\/index.php\/mon-chemin\/","url":"https:\/\/qibodtherapies.com\/index.php\/mon-chemin\/","name":"Mon Chemin - QI BOD THERAPIES","isPartOf":{"@id":"https:\/\/qibodtherapies.com\/#website"},"primaryImageOfPage":{"@id":"https:\/\/qibodtherapies.com\/index.php\/mon-chemin\/#primaryimage"},"image":{"@id":"https:\/\/qibodtherapies.com\/index.php\/mon-chemin\/#primaryimage"},"thumbnailUrl":"http:\/\/qibodtherapies.com\/wp-content\/uploads\/2021\/02\/MOI-2021-225x300.jpg","datePublished":"2021-02-05T18:23:14+00:00","dateModified":"2022-11-17T09:09:20+00:00","description":"Sophie LEMAIRE, un chemin qui conduit au m\u00e9tier de praticienne en th\u00e9rapie telles que l'hypnose, l'ost\u00e9ofluidique, le magn\u00e9tisme et l'\u00e9nerg\u00e9tique. Toutes ces m\u00e9thodes prenant en compte l'\u00eatre humain dans sa globalit\u00e9.","breadcrumb":{"@id":"https:\/\/qibodtherapies.com\/index.php\/mon-chemin\/#breadcrumb"},"inLanguage":"fr-FR","potentialAction":[{"@type":"ReadAction","target":["https:\/\/qibodtherapies.com\/index.php\/mon-chemin\/"]}]},{"@type":"ImageObject","inLanguage":"fr-FR","@id":"https:\/\/qibodtherapies.com\/index.php\/mon-chemin\/#primaryimage","url":"https:\/\/qibodtherapies.com\/wp-content\/uploads\/2021\/02\/MOI-2021.jpg","contentUrl":"https:\/\/qibodtherapies.com\/wp-content\/uploads\/2021\/02\/MOI-2021.jpg","width":1269,"height":1693,"caption":"Me"},{"@type":"BreadcrumbList","@id":"https:\/\/qibodtherapies.com\/index.php\/mon-chemin\/#breadcrumb","itemListElement":[{"@type":"ListItem","position":1,"name":"Accueil","item":"https:\/\/qibodtherapies.com\/index.php\/accueil\/"},{"@type":"ListItem","position":2,"name":"Mon Chemin"}]},{"@type":"WebSite","@id":"https:\/\/qibodtherapies.com\/#website","url":"https:\/\/qibodtherapies.com\/","name":"QI BOD THERAPIES","description":"Le plus beau voyage, c&#039;est celui qui permet de vous d\u00e9couvrir","potentialAction":[{"@type":"SearchAction","target":{"@type":"EntryPoint","urlTemplate":"https:\/\/qibodtherapies.com\/?s={search_term_string}"},"query-input":{"@type":"PropertyValueSpecification","valueRequired":true,"valueName":"search_term_string"}}],"inLanguage":"fr-FR"}]}},"_links":{"self":[{"href":"https:\/\/qibodtherapies.com\/index.php\/wp-json\/wp\/v2\/pages\/1331","targetHints":{"allow":["GET"]}}],"collection":[{"href":"https:\/\/qibodtherapies.com\/index.php\/wp-json\/wp\/v2\/pages"}],"about":[{"href":"https:\/\/qibodtherapies.com\/index.php\/wp-json\/wp\/v2\/types\/page"}],"author":[{"embeddable":true,"href":"https:\/\/qibodtherapies.com\/index.php\/wp-json\/wp\/v2\/users\/1"}],"replies":[{"embeddable":true,"href":"https:\/\/qibodtherapies.com\/index.php\/wp-json\/wp\/v2\/comments?post=1331"}],"version-history":[{"count":12,"href":"https:\/\/qibodtherapies.com\/index.php\/wp-json\/wp\/v2\/pages\/1331\/revisions"}],"predecessor-version":[{"id":2076,"href":"https:\/\/qibodtherapies.com\/index.php\/wp-json\/wp\/v2\/pages\/1331\/revisions\/2076"}],"wp:attachment":[{"href":"https:\/\/qibodtherapies.com\/index.php\/wp-json\/wp\/v2\/media?parent=1331"}],"curies":[{"name":"wp","href":"https:\/\/api.w.org\/{rel}","templated":true}]}}